{"id":4092,"date":"2021-11-30T14:14:57","date_gmt":"2021-11-30T13:14:57","guid":{"rendered":"https:\/\/www.stretchhood.it\/la-empresa\/historia\/"},"modified":"2021-12-30T12:18:49","modified_gmt":"2021-12-30T11:18:49","slug":"historia","status":"publish","type":"page","link":"https:\/\/bocedisrl.com\/es\/la-empresa\/historia\/","title":{"rendered":"Historia"},"content":{"rendered":"\n<div class=\"wp-block-getwid-content-timeline is-animated\" data-animation=\"slideInBottom\" data-filling=\"true\"><div class=\"wp-block-getwid-content-timeline__line\"><div class=\"wp-block-getwid-content-timeline__bar has-background\" style=\"background-color:#e41b13\"><\/div><\/div><div class=\"wp-block-getwid-content-timeline__wrapper\">\n<div class=\"wp-block-getwid-content-timeline-item\" style=\"margin-bottom:30px\"><div class=\"wp-block-getwid-content-timeline-item__wrapper\"><div class=\"wp-block-getwid-content-timeline-item__card\"><div class=\"wp-block-getwid-content-timeline-item__card-wrapper\"><div class=\"wp-block-getwid-content-timeline-item__image-wrapper\"><img loading=\"lazy\" decoding=\"async\" width=\"1200\" height=\"800\" class=\"wp-block-getwid-content-timeline-item__image wp-image-1990\" src=\"https:\/\/www.stretchhood.it\/wp-content\/uploads\/2021\/12\/timeline-history-1966.jpg\" alt=\"\" srcset=\"https:\/\/www.stretchhood.it\/wp-content\/uploads\/2021\/12\/timeline-history-1966.jpg 1200w, https:\/\/www.stretchhood.it\/wp-content\/uploads\/2021\/12\/timeline-history-1966-980x653.jpg 980w, https:\/\/www.stretchhood.it\/wp-content\/uploads\/2021\/12\/timeline-history-1966-480x320.jpg 480w\" sizes=\"(min-width: 0px) and (max-width: 480px) 480px, (min-width: 481px) and (max-width: 980px) 980px, (min-width: 981px) 1200px, 100vw\" \/><\/div><div class=\"wp-block-getwid-content-timeline-item__content-wrapper\" style=\"padding-top:30px;padding-bottom:30px;padding-left:30px;padding-right:30px\">\n<h3 class=\"wp-block-heading\">1966<\/h3>\n\n\n\n<p>Officina Bocedi, fue fundada por dos hermanos, Vittorio y Franco Bocedi (VFB).<\/p>\n<\/div><\/div><\/div><div class=\"wp-block-getwid-content-timeline-item__point\" style=\"margin-left:30px;margin-right:30px\" data-point-color=\"#e41b13\"><div class=\"wp-block-getwid-content-timeline-item__point-content\"><\/div><\/div><div class=\"wp-block-getwid-content-timeline-item__meta\"><\/div><\/div><\/div>\n\n\n\n<div class=\"wp-block-getwid-content-timeline-item\" style=\"margin-bottom:30px\"><div class=\"wp-block-getwid-content-timeline-item__wrapper\"><div class=\"wp-block-getwid-content-timeline-item__card\"><div class=\"wp-block-getwid-content-timeline-item__card-wrapper\"><div class=\"wp-block-getwid-content-timeline-item__image-wrapper\"><img loading=\"lazy\" decoding=\"async\" width=\"1200\" height=\"800\" class=\"wp-block-getwid-content-timeline-item__image wp-image-1992\" src=\"https:\/\/www.stretchhood.it\/wp-content\/uploads\/2021\/12\/timeline-history-1970.jpg\" alt=\"\" srcset=\"https:\/\/www.stretchhood.it\/wp-content\/uploads\/2021\/12\/timeline-history-1970.jpg 1200w, https:\/\/www.stretchhood.it\/wp-content\/uploads\/2021\/12\/timeline-history-1970-980x653.jpg 980w, https:\/\/www.stretchhood.it\/wp-content\/uploads\/2021\/12\/timeline-history-1970-480x320.jpg 480w\" sizes=\"(min-width: 0px) and (max-width: 480px) 480px, (min-width: 481px) and (max-width: 980px) 980px, (min-width: 981px) 1200px, 100vw\" \/><\/div><div class=\"wp-block-getwid-content-timeline-item__content-wrapper\" style=\"padding-top:30px;padding-bottom:30px;padding-left:30px;padding-right:30px\">\n<h3 class=\"wp-block-heading\">1970<\/h3>\n\n\n\n<p>La fabricaci\u00f3n de hornos de retracci\u00f3n est\u00e1 abarcando casi la totalidad de la capacidad de producci\u00f3n.<\/p>\n<\/div><\/div><\/div><div class=\"wp-block-getwid-content-timeline-item__point\" style=\"margin-left:30px;margin-right:30px\" data-point-color=\"#e41b13\"><div class=\"wp-block-getwid-content-timeline-item__point-content\"><\/div><\/div><div class=\"wp-block-getwid-content-timeline-item__meta\"><\/div><\/div><\/div>\n\n\n\n<div class=\"wp-block-getwid-content-timeline-item\" style=\"margin-bottom:30px\"><div class=\"wp-block-getwid-content-timeline-item__wrapper\"><div class=\"wp-block-getwid-content-timeline-item__card\"><div class=\"wp-block-getwid-content-timeline-item__card-wrapper\"><div class=\"wp-block-getwid-content-timeline-item__image-wrapper\"><img loading=\"lazy\" decoding=\"async\" width=\"1200\" height=\"800\" class=\"wp-block-getwid-content-timeline-item__image wp-image-1994\" src=\"https:\/\/www.stretchhood.it\/wp-content\/uploads\/2021\/12\/timeline-history-1981.jpg\" alt=\"\" srcset=\"https:\/\/www.stretchhood.it\/wp-content\/uploads\/2021\/12\/timeline-history-1981.jpg 1200w, https:\/\/www.stretchhood.it\/wp-content\/uploads\/2021\/12\/timeline-history-1981-980x653.jpg 980w, https:\/\/www.stretchhood.it\/wp-content\/uploads\/2021\/12\/timeline-history-1981-480x320.jpg 480w\" sizes=\"(min-width: 0px) and (max-width: 480px) 480px, (min-width: 481px) and (max-width: 980px) 980px, (min-width: 981px) 1200px, 100vw\" \/><\/div><div class=\"wp-block-getwid-content-timeline-item__content-wrapper\" style=\"padding-top:30px;padding-bottom:30px;padding-left:30px;padding-right:30px\">\n<h3 class=\"wp-block-heading\">1981<\/h3>\n\n\n\n<p>Fabricaci\u00f3n de hornos de retracci\u00f3n. Bocedi est\u00e1 invirtiendo en nuevos mercados, produciendo m\u00e1quinas autom\u00e1ticas y semiautom\u00e1ticas y sistemas de embalaje de final de l\u00ednea completos.<\/p>\n<\/div><\/div><\/div><div class=\"wp-block-getwid-content-timeline-item__point\" style=\"margin-left:30px;margin-right:30px\" data-point-color=\"#e41b13\"><div class=\"wp-block-getwid-content-timeline-item__point-content\"><\/div><\/div><div class=\"wp-block-getwid-content-timeline-item__meta\"><\/div><\/div><\/div>\n\n\n\n<div class=\"wp-block-getwid-content-timeline-item\" style=\"margin-bottom:30px\"><div class=\"wp-block-getwid-content-timeline-item__wrapper\"><div class=\"wp-block-getwid-content-timeline-item__card\"><div class=\"wp-block-getwid-content-timeline-item__card-wrapper\"><div class=\"wp-block-getwid-content-timeline-item__image-wrapper\"><img loading=\"lazy\" decoding=\"async\" width=\"1200\" height=\"800\" class=\"wp-block-getwid-content-timeline-item__image wp-image-1995\" src=\"https:\/\/www.stretchhood.it\/wp-content\/uploads\/2021\/12\/timeline-history-1990.jpg\" alt=\"\" srcset=\"https:\/\/www.stretchhood.it\/wp-content\/uploads\/2021\/12\/timeline-history-1990.jpg 1200w, https:\/\/www.stretchhood.it\/wp-content\/uploads\/2021\/12\/timeline-history-1990-980x653.jpg 980w, https:\/\/www.stretchhood.it\/wp-content\/uploads\/2021\/12\/timeline-history-1990-480x320.jpg 480w\" sizes=\"(min-width: 0px) and (max-width: 480px) 480px, (min-width: 481px) and (max-width: 980px) 980px, (min-width: 981px) 1200px, 100vw\" \/><\/div><div class=\"wp-block-getwid-content-timeline-item__content-wrapper\" style=\"padding-top:30px;padding-bottom:30px;padding-left:30px;padding-right:30px\">\n<h3 class=\"wp-block-heading\">1990<\/h3>\n\n\n\n<p>Fabricaci\u00f3n de enfundadoras con pel\u00edcula extensible en fr\u00edo, stretch hood. La empresa est\u00e1 lista para nuevos retos y una mayor expansi\u00f3n, llevando al mercado la nueva tecnolog\u00eda de embalaje \u00abstretch hood\u00bb que puede asegurar la carga en tarimas con la elasticidad de una pel\u00edcula tubular que no requiere calor.<\/p>\n<\/div><\/div><\/div><div class=\"wp-block-getwid-content-timeline-item__point\" style=\"margin-left:30px;margin-right:30px\" data-point-color=\"#e41b13\"><div class=\"wp-block-getwid-content-timeline-item__point-content\"><\/div><\/div><div class=\"wp-block-getwid-content-timeline-item__meta\"><\/div><\/div><\/div>\n\n\n\n<div class=\"wp-block-getwid-content-timeline-item\" style=\"margin-bottom:30px\"><div class=\"wp-block-getwid-content-timeline-item__wrapper\"><div class=\"wp-block-getwid-content-timeline-item__card\"><div class=\"wp-block-getwid-content-timeline-item__card-wrapper\"><div class=\"wp-block-getwid-content-timeline-item__image-wrapper\"><img loading=\"lazy\" decoding=\"async\" width=\"1200\" height=\"800\" class=\"wp-block-getwid-content-timeline-item__image wp-image-2004\" src=\"https:\/\/www.stretchhood.it\/wp-content\/uploads\/2021\/12\/timeline-history-1995.jpg\" alt=\"\" srcset=\"https:\/\/www.stretchhood.it\/wp-content\/uploads\/2021\/12\/timeline-history-1995.jpg 1200w, https:\/\/www.stretchhood.it\/wp-content\/uploads\/2021\/12\/timeline-history-1995-980x653.jpg 980w, https:\/\/www.stretchhood.it\/wp-content\/uploads\/2021\/12\/timeline-history-1995-480x320.jpg 480w\" sizes=\"(min-width: 0px) and (max-width: 480px) 480px, (min-width: 481px) and (max-width: 980px) 980px, (min-width: 981px) 1200px, 100vw\" \/><\/div><div class=\"wp-block-getwid-content-timeline-item__content-wrapper\" style=\"padding-top:30px;padding-bottom:30px;padding-left:30px;padding-right:30px\">\n<h3 class=\"wp-block-heading\">1995<\/h3>\n\n\n\n<p>Cambio de generaci\u00f3n. La segunda generaci\u00f3n familiar entra en la empresa.<\/p>\n<\/div><\/div><\/div><div class=\"wp-block-getwid-content-timeline-item__point\" style=\"margin-left:30px;margin-right:30px\" data-point-color=\"#e41b13\"><div class=\"wp-block-getwid-content-timeline-item__point-content\"><\/div><\/div><div class=\"wp-block-getwid-content-timeline-item__meta\"><\/div><\/div><\/div>\n\n\n\n<div class=\"wp-block-getwid-content-timeline-item\" style=\"margin-bottom:30px\"><div class=\"wp-block-getwid-content-timeline-item__wrapper\"><div class=\"wp-block-getwid-content-timeline-item__card\"><div class=\"wp-block-getwid-content-timeline-item__card-wrapper\"><div class=\"wp-block-getwid-content-timeline-item__image-wrapper\"><img loading=\"lazy\" decoding=\"async\" width=\"1200\" height=\"800\" class=\"wp-block-getwid-content-timeline-item__image wp-image-1997\" src=\"https:\/\/www.stretchhood.it\/wp-content\/uploads\/2021\/12\/timeline-history-1996.jpg\" alt=\"\" srcset=\"https:\/\/www.stretchhood.it\/wp-content\/uploads\/2021\/12\/timeline-history-1996.jpg 1200w, https:\/\/www.stretchhood.it\/wp-content\/uploads\/2021\/12\/timeline-history-1996-980x653.jpg 980w, https:\/\/www.stretchhood.it\/wp-content\/uploads\/2021\/12\/timeline-history-1996-480x320.jpg 480w\" sizes=\"(min-width: 0px) and (max-width: 480px) 480px, (min-width: 481px) and (max-width: 980px) 980px, (min-width: 981px) 1200px, 100vw\" \/><\/div><div class=\"wp-block-getwid-content-timeline-item__content-wrapper\" style=\"padding-top:30px;padding-bottom:30px;padding-left:30px;padding-right:30px\">\n<h3 class=\"wp-block-heading\">1996<\/h3>\n\n\n\n<p>La tasa de producci\u00f3n de enfundadoras stretch hood sigue creciendo, dando un mejor prestigio a la empresa, y ofreciendo una soluci\u00f3n revolucionaria y rentable al mundo del embalaje.<\/p>\n<\/div><\/div><\/div><div class=\"wp-block-getwid-content-timeline-item__point\" style=\"margin-left:30px;margin-right:30px\" data-point-color=\"#e41b13\"><div class=\"wp-block-getwid-content-timeline-item__point-content\"><\/div><\/div><div class=\"wp-block-getwid-content-timeline-item__meta\"><\/div><\/div><\/div>\n\n\n\n<div class=\"wp-block-getwid-content-timeline-item\" style=\"margin-bottom:30px\"><div class=\"wp-block-getwid-content-timeline-item__wrapper\"><div class=\"wp-block-getwid-content-timeline-item__card\"><div class=\"wp-block-getwid-content-timeline-item__card-wrapper\"><div class=\"wp-block-getwid-content-timeline-item__image-wrapper\"><img loading=\"lazy\" decoding=\"async\" width=\"1200\" height=\"800\" class=\"wp-block-getwid-content-timeline-item__image wp-image-1998\" src=\"https:\/\/www.stretchhood.it\/wp-content\/uploads\/2021\/12\/timeline-history-2005.jpg\" alt=\"\" srcset=\"https:\/\/www.stretchhood.it\/wp-content\/uploads\/2021\/12\/timeline-history-2005.jpg 1200w, https:\/\/www.stretchhood.it\/wp-content\/uploads\/2021\/12\/timeline-history-2005-980x653.jpg 980w, https:\/\/www.stretchhood.it\/wp-content\/uploads\/2021\/12\/timeline-history-2005-480x320.jpg 480w\" sizes=\"(min-width: 0px) and (max-width: 480px) 480px, (min-width: 481px) and (max-width: 980px) 980px, (min-width: 981px) 1200px, 100vw\" \/><\/div><div class=\"wp-block-getwid-content-timeline-item__content-wrapper\" style=\"padding-top:30px;padding-bottom:30px;padding-left:30px;padding-right:30px\">\n<h3 class=\"wp-block-heading\">2005<\/h3>\n\n\n\n<p>Nueva sede, el crecimiento de la empresa nunca ha parado, la nueva planta ampl\u00eda la capacidad de producci\u00f3n cinco veces.<\/p>\n<\/div><\/div><\/div><div class=\"wp-block-getwid-content-timeline-item__point\" style=\"margin-left:30px;margin-right:30px\" data-point-color=\"#e41b13\"><div class=\"wp-block-getwid-content-timeline-item__point-content\"><\/div><\/div><div class=\"wp-block-getwid-content-timeline-item__meta\"><\/div><\/div><\/div>\n\n\n\n<div class=\"wp-block-getwid-content-timeline-item\" style=\"margin-bottom:30px\"><div class=\"wp-block-getwid-content-timeline-item__wrapper\"><div class=\"wp-block-getwid-content-timeline-item__card\"><div class=\"wp-block-getwid-content-timeline-item__card-wrapper\"><div class=\"wp-block-getwid-content-timeline-item__image-wrapper\"><img loading=\"lazy\" decoding=\"async\" width=\"1200\" height=\"800\" class=\"wp-block-getwid-content-timeline-item__image wp-image-1999\" src=\"https:\/\/www.stretchhood.it\/wp-content\/uploads\/2021\/12\/timeline-history-2010.jpg\" alt=\"\" srcset=\"https:\/\/www.stretchhood.it\/wp-content\/uploads\/2021\/12\/timeline-history-2010.jpg 1200w, https:\/\/www.stretchhood.it\/wp-content\/uploads\/2021\/12\/timeline-history-2010-980x653.jpg 980w, https:\/\/www.stretchhood.it\/wp-content\/uploads\/2021\/12\/timeline-history-2010-480x320.jpg 480w\" sizes=\"(min-width: 0px) and (max-width: 480px) 480px, (min-width: 481px) and (max-width: 980px) 980px, (min-width: 981px) 1200px, 100vw\" \/><\/div><div class=\"wp-block-getwid-content-timeline-item__content-wrapper\" style=\"padding-top:30px;padding-bottom:30px;padding-left:30px;padding-right:30px\">\n<h3 class=\"wp-block-heading\">2010<\/h3>\n\n\n\n<p>Nueva l\u00ednea \u00abX\u00bb de enfundadoras stretch hood para tarimas de grandes dimensiones. Bocedi confirma su posici\u00f3n como uno de los l\u00edderes mundiales en la fabricaci\u00f3n de enfundadoras stretch hood.<\/p>\n<\/div><\/div><\/div><div class=\"wp-block-getwid-content-timeline-item__point\" style=\"margin-left:30px;margin-right:30px\" data-point-color=\"#e41b13\"><div class=\"wp-block-getwid-content-timeline-item__point-content\"><\/div><\/div><div class=\"wp-block-getwid-content-timeline-item__meta\"><\/div><\/div><\/div>\n\n\n\n<div class=\"wp-block-getwid-content-timeline-item\" style=\"margin-bottom:30px\"><div class=\"wp-block-getwid-content-timeline-item__wrapper\"><div class=\"wp-block-getwid-content-timeline-item__card\"><div class=\"wp-block-getwid-content-timeline-item__card-wrapper\"><div class=\"wp-block-getwid-content-timeline-item__image-wrapper\"><img loading=\"lazy\" decoding=\"async\" width=\"1200\" height=\"800\" class=\"wp-block-getwid-content-timeline-item__image wp-image-2000\" src=\"https:\/\/www.stretchhood.it\/wp-content\/uploads\/2021\/12\/timeline-history-2019.jpg\" alt=\"\" srcset=\"https:\/\/www.stretchhood.it\/wp-content\/uploads\/2021\/12\/timeline-history-2019.jpg 1200w, https:\/\/www.stretchhood.it\/wp-content\/uploads\/2021\/12\/timeline-history-2019-980x653.jpg 980w, https:\/\/www.stretchhood.it\/wp-content\/uploads\/2021\/12\/timeline-history-2019-480x320.jpg 480w\" sizes=\"(min-width: 0px) and (max-width: 480px) 480px, (min-width: 481px) and (max-width: 980px) 980px, (min-width: 981px) 1200px, 100vw\" \/><\/div><div class=\"wp-block-getwid-content-timeline-item__content-wrapper\" style=\"padding-top:30px;padding-bottom:30px;padding-left:30px;padding-right:30px\">\n<h3 class=\"wp-block-heading\">2019<\/h3>\n\n\n\n<p>Nuevas inversiones, la empresa empieza la construcci\u00f3n de una nueva instalaci\u00f3n para aumentar la capacidad de producci\u00f3n y actualizar su organizaci\u00f3n de acuerdo con los desaf\u00edos globales.<\/p>\n<\/div><\/div><\/div><div class=\"wp-block-getwid-content-timeline-item__point\" style=\"margin-left:30px;margin-right:30px\" data-point-color=\"#e41b13\"><div class=\"wp-block-getwid-content-timeline-item__point-content\"><\/div><\/div><div class=\"wp-block-getwid-content-timeline-item__meta\"><\/div><\/div><\/div>\n<\/div><\/div>\n","protected":false},"excerpt":{"rendered":"","protected":false},"author":1,"featured_media":2946,"parent":4083,"menu_order":0,"comment_status":"closed","ping_status":"closed","template":"","meta":{"_acf_changed":false,"_et_pb_use_builder":"","_et_pb_old_content":"","_et_gb_content_width":"","footnotes":""},"acf":[],"yoast_head":"<!-- This site is optimized with the Yoast SEO plugin v22.7 - https:\/\/yoast.com\/wordpress\/plugins\/seo\/ -->\n<title>Historia - Bocedi srl<\/title>\n<meta name=\"description\" content=\"La historia de Bocedi srl desde 1966 hasta hoy, con un simple objetivo: dise\u00f1ar soluciones de envasado de \u00faltima generaci\u00f3n.\" \/>\n<meta name=\"robots\" content=\"index, follow, max-snippet:-1, max-image-preview:large, max-video-preview:-1\" \/>\n<link rel=\"canonical\" href=\"https:\/\/bocedisrl.com\/es\/la-empresa\/historia\/\" \/>\n<meta property=\"og:locale\" content=\"es_ES\" \/>\n<meta property=\"og:type\" content=\"article\" \/>\n<meta property=\"og:title\" content=\"Historia - Bocedi srl\" \/>\n<meta property=\"og:description\" content=\"La historia de Bocedi srl desde 1966 hasta hoy, con un simple objetivo: dise\u00f1ar soluciones de envasado de \u00faltima generaci\u00f3n.\" \/>\n<meta property=\"og:url\" content=\"https:\/\/bocedisrl.com\/es\/la-empresa\/historia\/\" \/>\n<meta property=\"og:site_name\" content=\"Bocedi srl\" \/>\n<meta property=\"article:modified_time\" content=\"2021-12-30T11:18:49+00:00\" \/>\n<meta property=\"og:image\" content=\"https:\/\/www.stretchhood.it\/wp-content\/uploads\/2021\/12\/banner-history.jpg\" \/>\n\t<meta property=\"og:image:width\" content=\"1200\" \/>\n\t<meta property=\"og:image:height\" content=\"800\" \/>\n\t<meta property=\"og:image:type\" content=\"image\/jpeg\" \/>\n<meta name=\"twitter:card\" content=\"summary_large_image\" \/>\n<meta name=\"twitter:label1\" content=\"Tiempo de lectura\" \/>\n\t<meta name=\"twitter:data1\" content=\"1 minuto\" \/>\n<script type=\"application\/ld+json\" class=\"yoast-schema-graph\">{\"@context\":\"https:\/\/schema.org\",\"@graph\":[{\"@type\":\"WebPage\",\"@id\":\"https:\/\/bocedisrl.com\/es\/la-empresa\/historia\/\",\"url\":\"https:\/\/bocedisrl.com\/es\/la-empresa\/historia\/\",\"name\":\"Historia - Bocedi srl\",\"isPartOf\":{\"@id\":\"https:\/\/www.bocedisrl.com\/es\/#website\"},\"primaryImageOfPage\":{\"@id\":\"https:\/\/bocedisrl.com\/es\/la-empresa\/historia\/#primaryimage\"},\"image\":{\"@id\":\"https:\/\/bocedisrl.com\/es\/la-empresa\/historia\/#primaryimage\"},\"thumbnailUrl\":\"https:\/\/bocedisrl.com\/wp-content\/uploads\/2021\/12\/banner-history.jpg\",\"datePublished\":\"2021-11-30T13:14:57+00:00\",\"dateModified\":\"2021-12-30T11:18:49+00:00\",\"description\":\"La historia de Bocedi srl desde 1966 hasta hoy, con un simple objetivo: dise\u00f1ar soluciones de envasado de \u00faltima generaci\u00f3n.\",\"breadcrumb\":{\"@id\":\"https:\/\/bocedisrl.com\/es\/la-empresa\/historia\/#breadcrumb\"},\"inLanguage\":\"es\",\"potentialAction\":[{\"@type\":\"ReadAction\",\"target\":[\"https:\/\/bocedisrl.com\/es\/la-empresa\/historia\/\"]}]},{\"@type\":\"ImageObject\",\"inLanguage\":\"es\",\"@id\":\"https:\/\/bocedisrl.com\/es\/la-empresa\/historia\/#primaryimage\",\"url\":\"https:\/\/bocedisrl.com\/wp-content\/uploads\/2021\/12\/banner-history.jpg\",\"contentUrl\":\"https:\/\/bocedisrl.com\/wp-content\/uploads\/2021\/12\/banner-history.jpg\",\"width\":1200,\"height\":800},{\"@type\":\"BreadcrumbList\",\"@id\":\"https:\/\/bocedisrl.com\/es\/la-empresa\/historia\/#breadcrumb\",\"itemListElement\":[{\"@type\":\"ListItem\",\"position\":1,\"name\":\"Home\",\"item\":\"https:\/\/stretchhood.it\/es\/\"},{\"@type\":\"ListItem\",\"position\":2,\"name\":\"La Empresa\",\"item\":\"https:\/\/www.stretchhood.it\/es\/la-empresa\/\"},{\"@type\":\"ListItem\",\"position\":3,\"name\":\"Historia\"}]},{\"@type\":\"WebSite\",\"@id\":\"https:\/\/www.bocedisrl.com\/es\/#website\",\"url\":\"https:\/\/www.bocedisrl.com\/es\/\",\"name\":\"Bocedi srl\",\"description\":\"Pallet Packaging Systems\",\"publisher\":{\"@id\":\"https:\/\/www.bocedisrl.com\/es\/#organization\"},\"potentialAction\":[{\"@type\":\"SearchAction\",\"target\":{\"@type\":\"EntryPoint\",\"urlTemplate\":\"https:\/\/www.bocedisrl.com\/es\/?s={search_term_string}\"},\"query-input\":\"required name=search_term_string\"}],\"inLanguage\":\"es\"},{\"@type\":\"Organization\",\"@id\":\"https:\/\/www.bocedisrl.com\/es\/#organization\",\"name\":\"Bocedi srl\",\"url\":\"https:\/\/www.bocedisrl.com\/es\/\",\"logo\":{\"@type\":\"ImageObject\",\"inLanguage\":\"es\",\"@id\":\"https:\/\/www.bocedisrl.com\/es\/#\/schema\/logo\/image\/\",\"url\":\"https:\/\/www.bocedisrl.com\/wp-content\/uploads\/2021\/11\/logo-bocedi.png\",\"contentUrl\":\"https:\/\/www.bocedisrl.com\/wp-content\/uploads\/2021\/11\/logo-bocedi.png\",\"width\":800,\"height\":480,\"caption\":\"Bocedi srl\"},\"image\":{\"@id\":\"https:\/\/www.bocedisrl.com\/es\/#\/schema\/logo\/image\/\"}}]}<\/script>\n<!-- \/ Yoast SEO plugin. -->","yoast_head_json":{"title":"Historia - Bocedi srl","description":"La historia de Bocedi srl desde 1966 hasta hoy, con un simple objetivo: dise\u00f1ar soluciones de envasado de \u00faltima generaci\u00f3n.","robots":{"index":"index","follow":"follow","max-snippet":"max-snippet:-1","max-image-preview":"max-image-preview:large","max-video-preview":"max-video-preview:-1"},"canonical":"https:\/\/bocedisrl.com\/es\/la-empresa\/historia\/","og_locale":"es_ES","og_type":"article","og_title":"Historia - Bocedi srl","og_description":"La historia de Bocedi srl desde 1966 hasta hoy, con un simple objetivo: dise\u00f1ar soluciones de envasado de \u00faltima generaci\u00f3n.","og_url":"https:\/\/bocedisrl.com\/es\/la-empresa\/historia\/","og_site_name":"Bocedi srl","article_modified_time":"2021-12-30T11:18:49+00:00","og_image":[{"width":1200,"height":800,"url":"https:\/\/www.stretchhood.it\/wp-content\/uploads\/2021\/12\/banner-history.jpg","type":"image\/jpeg"}],"twitter_card":"summary_large_image","twitter_misc":{"Tiempo de lectura":"1 minuto"},"schema":{"@context":"https:\/\/schema.org","@graph":[{"@type":"WebPage","@id":"https:\/\/bocedisrl.com\/es\/la-empresa\/historia\/","url":"https:\/\/bocedisrl.com\/es\/la-empresa\/historia\/","name":"Historia - Bocedi srl","isPartOf":{"@id":"https:\/\/www.bocedisrl.com\/es\/#website"},"primaryImageOfPage":{"@id":"https:\/\/bocedisrl.com\/es\/la-empresa\/historia\/#primaryimage"},"image":{"@id":"https:\/\/bocedisrl.com\/es\/la-empresa\/historia\/#primaryimage"},"thumbnailUrl":"https:\/\/bocedisrl.com\/wp-content\/uploads\/2021\/12\/banner-history.jpg","datePublished":"2021-11-30T13:14:57+00:00","dateModified":"2021-12-30T11:18:49+00:00","description":"La historia de Bocedi srl desde 1966 hasta hoy, con un simple objetivo: dise\u00f1ar soluciones de envasado de \u00faltima generaci\u00f3n.","breadcrumb":{"@id":"https:\/\/bocedisrl.com\/es\/la-empresa\/historia\/#breadcrumb"},"inLanguage":"es","potentialAction":[{"@type":"ReadAction","target":["https:\/\/bocedisrl.com\/es\/la-empresa\/historia\/"]}]},{"@type":"ImageObject","inLanguage":"es","@id":"https:\/\/bocedisrl.com\/es\/la-empresa\/historia\/#primaryimage","url":"https:\/\/bocedisrl.com\/wp-content\/uploads\/2021\/12\/banner-history.jpg","contentUrl":"https:\/\/bocedisrl.com\/wp-content\/uploads\/2021\/12\/banner-history.jpg","width":1200,"height":800},{"@type":"BreadcrumbList","@id":"https:\/\/bocedisrl.com\/es\/la-empresa\/historia\/#breadcrumb","itemListElement":[{"@type":"ListItem","position":1,"name":"Home","item":"https:\/\/stretchhood.it\/es\/"},{"@type":"ListItem","position":2,"name":"La Empresa","item":"https:\/\/www.stretchhood.it\/es\/la-empresa\/"},{"@type":"ListItem","position":3,"name":"Historia"}]},{"@type":"WebSite","@id":"https:\/\/www.bocedisrl.com\/es\/#website","url":"https:\/\/www.bocedisrl.com\/es\/","name":"Bocedi srl","description":"Pallet Packaging Systems","publisher":{"@id":"https:\/\/www.bocedisrl.com\/es\/#organization"},"potentialAction":[{"@type":"SearchAction","target":{"@type":"EntryPoint","urlTemplate":"https:\/\/www.bocedisrl.com\/es\/?s={search_term_string}"},"query-input":"required name=search_term_string"}],"inLanguage":"es"},{"@type":"Organization","@id":"https:\/\/www.bocedisrl.com\/es\/#organization","name":"Bocedi srl","url":"https:\/\/www.bocedisrl.com\/es\/","logo":{"@type":"ImageObject","inLanguage":"es","@id":"https:\/\/www.bocedisrl.com\/es\/#\/schema\/logo\/image\/","url":"https:\/\/www.bocedisrl.com\/wp-content\/uploads\/2021\/11\/logo-bocedi.png","contentUrl":"https:\/\/www.bocedisrl.com\/wp-content\/uploads\/2021\/11\/logo-bocedi.png","width":800,"height":480,"caption":"Bocedi srl"},"image":{"@id":"https:\/\/www.bocedisrl.com\/es\/#\/schema\/logo\/image\/"}}]}},"_links":{"self":[{"href":"https:\/\/bocedisrl.com\/es\/wp-json\/wp\/v2\/pages\/4092"}],"collection":[{"href":"https:\/\/bocedisrl.com\/es\/wp-json\/wp\/v2\/pages"}],"about":[{"href":"https:\/\/bocedisrl.com\/es\/wp-json\/wp\/v2\/types\/page"}],"author":[{"embeddable":true,"href":"https:\/\/bocedisrl.com\/es\/wp-json\/wp\/v2\/users\/1"}],"replies":[{"embeddable":true,"href":"https:\/\/bocedisrl.com\/es\/wp-json\/wp\/v2\/comments?post=4092"}],"version-history":[{"count":1,"href":"https:\/\/bocedisrl.com\/es\/wp-json\/wp\/v2\/pages\/4092\/revisions"}],"predecessor-version":[{"id":4093,"href":"https:\/\/bocedisrl.com\/es\/wp-json\/wp\/v2\/pages\/4092\/revisions\/4093"}],"up":[{"embeddable":true,"href":"https:\/\/bocedisrl.com\/es\/wp-json\/wp\/v2\/pages\/4083"}],"wp:featuredmedia":[{"embeddable":true,"href":"https:\/\/bocedisrl.com\/es\/wp-json\/wp\/v2\/media\/2946"}],"wp:attachment":[{"href":"https:\/\/bocedisrl.com\/es\/wp-json\/wp\/v2\/media?parent=4092"}],"curies":[{"name":"wp","href":"https:\/\/api.w.org\/{rel}","templated":true}]}}