{"id":4180,"date":"2021-11-29T14:16:57","date_gmt":"2021-11-29T13:16:57","guid":{"rendered":"https:\/\/www.stretchhood.it\/sistemas-de-embalaje\/termo-retractil\/"},"modified":"2021-12-30T12:35:55","modified_gmt":"2021-12-30T11:35:55","slug":"termo-retractil","status":"publish","type":"page","link":"https:\/\/bocedisrl.com\/es\/sistemas-de-embalaje\/termo-retractil\/","title":{"rendered":"Termo-retr\u00e1ctil"},"content":{"rendered":"\n<div class=\"wp-block-columns is-layout-flex wp-container-core-columns-is-layout-1 wp-block-columns-is-layout-flex\">\n<div class=\"wp-block-column is-layout-flow wp-block-column-is-layout-flow\">\n<h3 class=\"wp-block-heading\">Tecnolog\u00eda de Embalaje Termo-retr\u00e1ctil<\/h3>\n\n\n\n<p>El enfundado por termo retracci\u00f3n es una tecnolog\u00eda de embalaje consolidada. En Bocedi, tenemos m\u00e1s de <a href=\"\/es\/la-empresa\/historia\/\">50 a\u00f1os de experiencia<\/a> haci\u00e9ndolo.<\/p>\n\n\n\n<p>Proporciona una protecci\u00f3n resistente que une la carga la tarima, para garantizar la estabilidad durante el transporte y el almacenamiento y para proteger las mercanc\u00edas contra el polvo y la humedad.<\/p>\n\n\n\n<h3 class=\"wp-block-heading\">Adecuado para cualquier forma de carga o tama\u00f1o de paleta<\/h3>\n\n\n\n<p>La tecnolog\u00eda de embalaje termo retr\u00e1ctil es adecuada para todas las formas y tama\u00f1os de carga en tarimas, y se recomienda espec\u00edficamente para <a href=\"\/es\/industrias\/aislamiento\/\">materiales aislantes<\/a> como membranas bituminosas y productos de vidrio. De hecho, el sistema de enfundado termo retr\u00e1ctil, aplica la funda termo retr\u00e1ctil de pl\u00e1stico sin entrar en contacto con el producto y sin ejercer presi\u00f3n sobre la carga ni alterar su forma.<\/p>\n\n\n\n<p>La funda termo retr\u00e1ctil se desenrolla de una pel\u00edcula tubular t\u00e9rmica, una barra de sellado la corta autom\u00e1ticamente a medida y luego se infla como un globo para evitar el contacto con la carga cuando se aplica alrededor de la misma.<\/p>\n\n\n\n<h3 class=\"wp-block-heading\">Seguro y estable<\/h3>\n\n\n\n<p>El proceso de termo retracci\u00f3n Bocedi comienza en la parte inferior de la tarima para terminar en la parte superior de la carga, mientras que el aire dentro de la funda es aspirado por un dispositivo de aspiraci\u00f3n. Este m\u00e9todo garantiza la fijaci\u00f3n segura de la pel\u00edcula debajo de la tarima y una excelente estabilidad de la carga.<\/p>\n\n\n\n<p>Los anillos de termo retracci\u00f3n personalizados utilizan aire caliente controlado para calentar uniforme y suavemente el pl\u00e1stico alrededor de la carga. No hay ning\u00fan contacto directo con las llamas, lo que preserva la elasticidad y la resistencia de la pel\u00edcula.<\/p>\n\n\n\n<h3 class=\"wp-block-heading\">Respetuoso del medioambiente<\/h3>\n\n\n\n<p>El medioambiente siempre es importante. Esta es la raz\u00f3n por la que las m\u00e1quinas Bocedi est\u00e1n dise\u00f1adas para utilizar la menor cantidad posible de pel\u00edcula y consumir menos energ\u00eda y gas con los anillos de termo retracci\u00f3n por aire caliente reciclado controlado.<\/p>\n<\/div>\n\n\n\n<div class=\"wp-block-column is-layout-flow wp-block-column-is-layout-flow\"><div class=\"wp-block-getwid-images-slider has-arrows-inside has-dots-inside has-images-center has-cropped-images has-fixed-height\"><div class=\"wp-block-getwid-images-slider__wrapper\" data-effect=\"fade\" data-slides-show=\"1\" data-slides-show-laptop=\"1\" data-slides-show-tablet=\"1\" data-slides-show-mobile=\"1\" data-slides-scroll=\"1\" data-autoplay=\"true\" data-autoplay-speed=\"5000\" data-infinite=\"true\" data-animation-speed=\"800\" data-center-mode=\"false\" data-variable-width=\"false\" data-arrows=\"inside\" data-dots=\"inside\" data-spacing=\"none\"><div class=\"wp-block-getwid-images-slider__item\" style=\"height:350px\"><figure><img loading=\"lazy\" decoding=\"async\" width=\"1200\" height=\"800\" src=\"https:\/\/www.stretchhood.it\/wp-content\/uploads\/2021\/12\/image-shrink-hood-machines-01.jpg\" data-id=\"2060\" data-link=\"https:\/\/www.stretchhood.it\/packaging-systems\/shrink-hood-machines\/attachment\/image-shrink-hood-machines-01\/\" data-original-link=\"https:\/\/www.stretchhood.it\/wp-content\/uploads\/2021\/12\/image-shrink-hood-machines-01.jpg\" class=\"wp-block-getwid-images-slider__image wp-image-2060\" srcset=\"https:\/\/www.stretchhood.it\/wp-content\/uploads\/2021\/12\/image-shrink-hood-machines-01.jpg 1200w, https:\/\/www.stretchhood.it\/wp-content\/uploads\/2021\/12\/image-shrink-hood-machines-01-980x653.jpg 980w, https:\/\/www.stretchhood.it\/wp-content\/uploads\/2021\/12\/image-shrink-hood-machines-01-480x320.jpg 480w\" sizes=\"(min-width: 0px) and (max-width: 480px) 480px, (min-width: 481px) and (max-width: 980px) 980px, (min-width: 981px) 1200px, 100vw\" \/><\/figure><\/div><div class=\"wp-block-getwid-images-slider__item\" style=\"height:350px\"><figure><img loading=\"lazy\" decoding=\"async\" width=\"1200\" height=\"800\" src=\"https:\/\/www.stretchhood.it\/wp-content\/uploads\/2021\/12\/image-shrink-hood-machines-02.jpg\" data-id=\"2061\" data-link=\"https:\/\/www.stretchhood.it\/packaging-systems\/shrink-hood-machines\/attachment\/image-shrink-hood-machines-02\/\" data-original-link=\"https:\/\/www.stretchhood.it\/wp-content\/uploads\/2021\/12\/image-shrink-hood-machines-02.jpg\" class=\"wp-block-getwid-images-slider__image wp-image-2061\" srcset=\"https:\/\/www.stretchhood.it\/wp-content\/uploads\/2021\/12\/image-shrink-hood-machines-02.jpg 1200w, https:\/\/www.stretchhood.it\/wp-content\/uploads\/2021\/12\/image-shrink-hood-machines-02-980x653.jpg 980w, https:\/\/www.stretchhood.it\/wp-content\/uploads\/2021\/12\/image-shrink-hood-machines-02-480x320.jpg 480w\" sizes=\"(min-width: 0px) and (max-width: 480px) 480px, (min-width: 481px) and (max-width: 980px) 980px, (min-width: 981px) 1200px, 100vw\" \/><\/figure><\/div><div class=\"wp-block-getwid-images-slider__item\" style=\"height:350px\"><figure><img loading=\"lazy\" decoding=\"async\" width=\"1200\" height=\"800\" src=\"https:\/\/www.stretchhood.it\/wp-content\/uploads\/2021\/12\/image-shrink-hood-machines-03.jpg\" data-id=\"2062\" data-link=\"https:\/\/www.stretchhood.it\/packaging-systems\/shrink-hood-machines\/attachment\/image-shrink-hood-machines-03\/\" data-original-link=\"https:\/\/www.stretchhood.it\/wp-content\/uploads\/2021\/12\/image-shrink-hood-machines-03.jpg\" class=\"wp-block-getwid-images-slider__image wp-image-2062\" srcset=\"https:\/\/www.stretchhood.it\/wp-content\/uploads\/2021\/12\/image-shrink-hood-machines-03.jpg 1200w, https:\/\/www.stretchhood.it\/wp-content\/uploads\/2021\/12\/image-shrink-hood-machines-03-980x653.jpg 980w, https:\/\/www.stretchhood.it\/wp-content\/uploads\/2021\/12\/image-shrink-hood-machines-03-480x320.jpg 480w\" sizes=\"(min-width: 0px) and (max-width: 480px) 480px, (min-width: 481px) and (max-width: 980px) 980px, (min-width: 981px) 1200px, 100vw\" \/><\/figure><\/div><div class=\"wp-block-getwid-images-slider__item\" style=\"height:350px\"><figure><img loading=\"lazy\" decoding=\"async\" width=\"1200\" height=\"800\" src=\"https:\/\/www.stretchhood.it\/wp-content\/uploads\/2021\/12\/image-shrink-hood-machines-04.jpg\" data-id=\"2063\" data-link=\"https:\/\/www.stretchhood.it\/packaging-systems\/shrink-hood-machines\/attachment\/image-shrink-hood-machines-04\/\" data-original-link=\"https:\/\/www.stretchhood.it\/wp-content\/uploads\/2021\/12\/image-shrink-hood-machines-04.jpg\" class=\"wp-block-getwid-images-slider__image wp-image-2063\" srcset=\"https:\/\/www.stretchhood.it\/wp-content\/uploads\/2021\/12\/image-shrink-hood-machines-04.jpg 1200w, https:\/\/www.stretchhood.it\/wp-content\/uploads\/2021\/12\/image-shrink-hood-machines-04-980x653.jpg 980w, https:\/\/www.stretchhood.it\/wp-content\/uploads\/2021\/12\/image-shrink-hood-machines-04-480x320.jpg 480w\" sizes=\"(min-width: 0px) and (max-width: 480px) 480px, (min-width: 481px) and (max-width: 980px) 980px, (min-width: 981px) 1200px, 100vw\" \/><\/figure><\/div><\/div><\/div>\r\n\n\n\n<h3 class=\"wp-block-heading\">En resumen<\/h3>\n\n\n\n<p class=\"has-white-color has-text-color has-background\" style=\"background-color:#e41b13\">&#8211; Estabilidad de la carga<br\/>&#8211; Protecci\u00f3n contra suciedad, golpes y sol con estabilizaci\u00f3n de rayos UV<br\/>&#8211; Pel\u00edculas personalizables para valorizar la marca<br\/>&#8211;\u00a0Resistencia a la punci\u00f3n y a las altas temperaturas<br\/>&#8211;\u00a0Ahorro de costes gracias al uso de menos pl\u00e1stico con fundas a medida para cada carga<br\/>&#8211;\u00a0Manejo f\u00e1cil de la pel\u00edcula<br\/>&#8211; Alto rendimiento del embalaje<\/p>\n\n\n\n<div class=\"wp-block-buttons is-layout-flex wp-block-buttons-is-layout-flex\">\n<div class=\"wp-block-button button-quotation\"><a class=\"wp-block-button__link\" href=\"\/es\/contacto\/\">Solicitar Presupuesto<\/a><\/div>\n\n\n\n<div class=\"wp-block-button button-pdf inactive\"><a class=\"wp-block-button__link\">Descargar Cat\u00e1logo<\/a><\/div>\n\n\n\n<div class=\"wp-block-button button-video inactive\"><a class=\"wp-block-button__link\">Ver el V\u00eddeo<\/a><\/div>\n<\/div>\n<\/div>\n<\/div>\n","protected":false},"excerpt":{"rendered":"<p>Tecnolog\u00eda de Embalaje Termo-retr\u00e1ctil El enfundado por termo retracci\u00f3n es una tecnolog\u00eda de embalaje consolidada. En Bocedi, tenemos m\u00e1s de 50 a\u00f1os de experiencia haci\u00e9ndolo. Proporciona una protecci\u00f3n resistente que une la carga la tarima, para garantizar la estabilidad durante el transporte y el almacenamiento y para proteger las mercanc\u00edas contra el polvo y la [&hellip;]<\/p>\n","protected":false},"author":1,"featured_media":2958,"parent":4011,"menu_order":0,"comment_status":"closed","ping_status":"closed","template":"","meta":{"_acf_changed":false,"_et_pb_use_builder":"off","_et_pb_old_content":"","_et_gb_content_width":"","footnotes":""},"acf":[],"yoast_head":"<!-- This site is optimized with the Yoast SEO plugin v22.7 - https:\/\/yoast.com\/wordpress\/plugins\/seo\/ -->\n<title>Termo-retr\u00e1ctil - Bocedi srl<\/title>\n<meta name=\"description\" content=\"Las m\u00e1quinas de envoltura termo retr\u00e1ctil Bocedi son adecuadas para cualquier forma de carga o tama\u00f1o de palet.\" \/>\n<meta name=\"robots\" content=\"index, follow, max-snippet:-1, max-image-preview:large, max-video-preview:-1\" \/>\n<link rel=\"canonical\" href=\"https:\/\/bocedisrl.com\/es\/sistemas-de-embalaje\/termo-retractil\/\" \/>\n<meta property=\"og:locale\" content=\"es_ES\" \/>\n<meta property=\"og:type\" content=\"article\" \/>\n<meta property=\"og:title\" content=\"Termo-retr\u00e1ctil - Bocedi srl\" \/>\n<meta property=\"og:description\" content=\"Las m\u00e1quinas de envoltura termo retr\u00e1ctil Bocedi son adecuadas para cualquier forma de carga o tama\u00f1o de palet.\" \/>\n<meta property=\"og:url\" content=\"https:\/\/bocedisrl.com\/es\/sistemas-de-embalaje\/termo-retractil\/\" \/>\n<meta property=\"og:site_name\" content=\"Bocedi srl\" \/>\n<meta property=\"article:modified_time\" content=\"2021-12-30T11:35:55+00:00\" \/>\n<meta property=\"og:image\" content=\"https:\/\/bocedisrl.com\/wp-content\/uploads\/2021\/12\/banner-shrink-hood-machines.jpg\" \/>\n\t<meta property=\"og:image:width\" content=\"1200\" \/>\n\t<meta property=\"og:image:height\" content=\"800\" \/>\n\t<meta property=\"og:image:type\" content=\"image\/jpeg\" \/>\n<meta name=\"twitter:card\" content=\"summary_large_image\" \/>\n<meta name=\"twitter:label1\" content=\"Tiempo de lectura\" \/>\n\t<meta name=\"twitter:data1\" content=\"2 minutos\" \/>\n<script type=\"application\/ld+json\" class=\"yoast-schema-graph\">{\"@context\":\"https:\/\/schema.org\",\"@graph\":[{\"@type\":\"WebPage\",\"@id\":\"https:\/\/bocedisrl.com\/es\/sistemas-de-embalaje\/termo-retractil\/\",\"url\":\"https:\/\/bocedisrl.com\/es\/sistemas-de-embalaje\/termo-retractil\/\",\"name\":\"Termo-retr\u00e1ctil - Bocedi srl\",\"isPartOf\":{\"@id\":\"https:\/\/www.bocedisrl.com\/es\/#website\"},\"primaryImageOfPage\":{\"@id\":\"https:\/\/bocedisrl.com\/es\/sistemas-de-embalaje\/termo-retractil\/#primaryimage\"},\"image\":{\"@id\":\"https:\/\/bocedisrl.com\/es\/sistemas-de-embalaje\/termo-retractil\/#primaryimage\"},\"thumbnailUrl\":\"https:\/\/bocedisrl.com\/wp-content\/uploads\/2021\/12\/banner-shrink-hood-machines.jpg\",\"datePublished\":\"2021-11-29T13:16:57+00:00\",\"dateModified\":\"2021-12-30T11:35:55+00:00\",\"description\":\"Las m\u00e1quinas de envoltura termo retr\u00e1ctil Bocedi son adecuadas para cualquier forma de carga o tama\u00f1o de palet.\",\"breadcrumb\":{\"@id\":\"https:\/\/bocedisrl.com\/es\/sistemas-de-embalaje\/termo-retractil\/#breadcrumb\"},\"inLanguage\":\"es\",\"potentialAction\":[{\"@type\":\"ReadAction\",\"target\":[\"https:\/\/bocedisrl.com\/es\/sistemas-de-embalaje\/termo-retractil\/\"]}]},{\"@type\":\"ImageObject\",\"inLanguage\":\"es\",\"@id\":\"https:\/\/bocedisrl.com\/es\/sistemas-de-embalaje\/termo-retractil\/#primaryimage\",\"url\":\"https:\/\/bocedisrl.com\/wp-content\/uploads\/2021\/12\/banner-shrink-hood-machines.jpg\",\"contentUrl\":\"https:\/\/bocedisrl.com\/wp-content\/uploads\/2021\/12\/banner-shrink-hood-machines.jpg\",\"width\":1200,\"height\":800},{\"@type\":\"BreadcrumbList\",\"@id\":\"https:\/\/bocedisrl.com\/es\/sistemas-de-embalaje\/termo-retractil\/#breadcrumb\",\"itemListElement\":[{\"@type\":\"ListItem\",\"position\":1,\"name\":\"Home\",\"item\":\"https:\/\/www.bocedisrl.com\/es\/\"},{\"@type\":\"ListItem\",\"position\":2,\"name\":\"Sistemas de Embalaje\",\"item\":\"https:\/\/www.bocedisrl.com\/es\/sistemas-de-embalaje\/\"},{\"@type\":\"ListItem\",\"position\":3,\"name\":\"Termo-retr\u00e1ctil\"}]},{\"@type\":\"WebSite\",\"@id\":\"https:\/\/www.bocedisrl.com\/es\/#website\",\"url\":\"https:\/\/www.bocedisrl.com\/es\/\",\"name\":\"Bocedi srl\",\"description\":\"Pallet Packaging Systems\",\"publisher\":{\"@id\":\"https:\/\/www.bocedisrl.com\/es\/#organization\"},\"potentialAction\":[{\"@type\":\"SearchAction\",\"target\":{\"@type\":\"EntryPoint\",\"urlTemplate\":\"https:\/\/www.bocedisrl.com\/es\/?s={search_term_string}\"},\"query-input\":\"required name=search_term_string\"}],\"inLanguage\":\"es\"},{\"@type\":\"Organization\",\"@id\":\"https:\/\/www.bocedisrl.com\/es\/#organization\",\"name\":\"Bocedi srl\",\"url\":\"https:\/\/www.bocedisrl.com\/es\/\",\"logo\":{\"@type\":\"ImageObject\",\"inLanguage\":\"es\",\"@id\":\"https:\/\/www.bocedisrl.com\/es\/#\/schema\/logo\/image\/\",\"url\":\"https:\/\/www.bocedisrl.com\/wp-content\/uploads\/2021\/11\/logo-bocedi.png\",\"contentUrl\":\"https:\/\/www.bocedisrl.com\/wp-content\/uploads\/2021\/11\/logo-bocedi.png\",\"width\":800,\"height\":480,\"caption\":\"Bocedi srl\"},\"image\":{\"@id\":\"https:\/\/www.bocedisrl.com\/es\/#\/schema\/logo\/image\/\"}}]}<\/script>\n<!-- \/ Yoast SEO plugin. -->","yoast_head_json":{"title":"Termo-retr\u00e1ctil - Bocedi srl","description":"Las m\u00e1quinas de envoltura termo retr\u00e1ctil Bocedi son adecuadas para cualquier forma de carga o tama\u00f1o de palet.","robots":{"index":"index","follow":"follow","max-snippet":"max-snippet:-1","max-image-preview":"max-image-preview:large","max-video-preview":"max-video-preview:-1"},"canonical":"https:\/\/bocedisrl.com\/es\/sistemas-de-embalaje\/termo-retractil\/","og_locale":"es_ES","og_type":"article","og_title":"Termo-retr\u00e1ctil - Bocedi srl","og_description":"Las m\u00e1quinas de envoltura termo retr\u00e1ctil Bocedi son adecuadas para cualquier forma de carga o tama\u00f1o de palet.","og_url":"https:\/\/bocedisrl.com\/es\/sistemas-de-embalaje\/termo-retractil\/","og_site_name":"Bocedi srl","article_modified_time":"2021-12-30T11:35:55+00:00","og_image":[{"width":1200,"height":800,"url":"https:\/\/bocedisrl.com\/wp-content\/uploads\/2021\/12\/banner-shrink-hood-machines.jpg","type":"image\/jpeg"}],"twitter_card":"summary_large_image","twitter_misc":{"Tiempo de lectura":"2 minutos"},"schema":{"@context":"https:\/\/schema.org","@graph":[{"@type":"WebPage","@id":"https:\/\/bocedisrl.com\/es\/sistemas-de-embalaje\/termo-retractil\/","url":"https:\/\/bocedisrl.com\/es\/sistemas-de-embalaje\/termo-retractil\/","name":"Termo-retr\u00e1ctil - Bocedi srl","isPartOf":{"@id":"https:\/\/www.bocedisrl.com\/es\/#website"},"primaryImageOfPage":{"@id":"https:\/\/bocedisrl.com\/es\/sistemas-de-embalaje\/termo-retractil\/#primaryimage"},"image":{"@id":"https:\/\/bocedisrl.com\/es\/sistemas-de-embalaje\/termo-retractil\/#primaryimage"},"thumbnailUrl":"https:\/\/bocedisrl.com\/wp-content\/uploads\/2021\/12\/banner-shrink-hood-machines.jpg","datePublished":"2021-11-29T13:16:57+00:00","dateModified":"2021-12-30T11:35:55+00:00","description":"Las m\u00e1quinas de envoltura termo retr\u00e1ctil Bocedi son adecuadas para cualquier forma de carga o tama\u00f1o de palet.","breadcrumb":{"@id":"https:\/\/bocedisrl.com\/es\/sistemas-de-embalaje\/termo-retractil\/#breadcrumb"},"inLanguage":"es","potentialAction":[{"@type":"ReadAction","target":["https:\/\/bocedisrl.com\/es\/sistemas-de-embalaje\/termo-retractil\/"]}]},{"@type":"ImageObject","inLanguage":"es","@id":"https:\/\/bocedisrl.com\/es\/sistemas-de-embalaje\/termo-retractil\/#primaryimage","url":"https:\/\/bocedisrl.com\/wp-content\/uploads\/2021\/12\/banner-shrink-hood-machines.jpg","contentUrl":"https:\/\/bocedisrl.com\/wp-content\/uploads\/2021\/12\/banner-shrink-hood-machines.jpg","width":1200,"height":800},{"@type":"BreadcrumbList","@id":"https:\/\/bocedisrl.com\/es\/sistemas-de-embalaje\/termo-retractil\/#breadcrumb","itemListElement":[{"@type":"ListItem","position":1,"name":"Home","item":"https:\/\/www.bocedisrl.com\/es\/"},{"@type":"ListItem","position":2,"name":"Sistemas de Embalaje","item":"https:\/\/www.bocedisrl.com\/es\/sistemas-de-embalaje\/"},{"@type":"ListItem","position":3,"name":"Termo-retr\u00e1ctil"}]},{"@type":"WebSite","@id":"https:\/\/www.bocedisrl.com\/es\/#website","url":"https:\/\/www.bocedisrl.com\/es\/","name":"Bocedi srl","description":"Pallet Packaging Systems","publisher":{"@id":"https:\/\/www.bocedisrl.com\/es\/#organization"},"potentialAction":[{"@type":"SearchAction","target":{"@type":"EntryPoint","urlTemplate":"https:\/\/www.bocedisrl.com\/es\/?s={search_term_string}"},"query-input":"required name=search_term_string"}],"inLanguage":"es"},{"@type":"Organization","@id":"https:\/\/www.bocedisrl.com\/es\/#organization","name":"Bocedi srl","url":"https:\/\/www.bocedisrl.com\/es\/","logo":{"@type":"ImageObject","inLanguage":"es","@id":"https:\/\/www.bocedisrl.com\/es\/#\/schema\/logo\/image\/","url":"https:\/\/www.bocedisrl.com\/wp-content\/uploads\/2021\/11\/logo-bocedi.png","contentUrl":"https:\/\/www.bocedisrl.com\/wp-content\/uploads\/2021\/11\/logo-bocedi.png","width":800,"height":480,"caption":"Bocedi srl"},"image":{"@id":"https:\/\/www.bocedisrl.com\/es\/#\/schema\/logo\/image\/"}}]}},"_links":{"self":[{"href":"https:\/\/bocedisrl.com\/es\/wp-json\/wp\/v2\/pages\/4180"}],"collection":[{"href":"https:\/\/bocedisrl.com\/es\/wp-json\/wp\/v2\/pages"}],"about":[{"href":"https:\/\/bocedisrl.com\/es\/wp-json\/wp\/v2\/types\/page"}],"author":[{"embeddable":true,"href":"https:\/\/bocedisrl.com\/es\/wp-json\/wp\/v2\/users\/1"}],"replies":[{"embeddable":true,"href":"https:\/\/bocedisrl.com\/es\/wp-json\/wp\/v2\/comments?post=4180"}],"version-history":[{"count":3,"href":"https:\/\/bocedisrl.com\/es\/wp-json\/wp\/v2\/pages\/4180\/revisions"}],"predecessor-version":[{"id":4192,"href":"https:\/\/bocedisrl.com\/es\/wp-json\/wp\/v2\/pages\/4180\/revisions\/4192"}],"up":[{"embeddable":true,"href":"https:\/\/bocedisrl.com\/es\/wp-json\/wp\/v2\/pages\/4011"}],"wp:featuredmedia":[{"embeddable":true,"href":"https:\/\/bocedisrl.com\/es\/wp-json\/wp\/v2\/media\/2958"}],"wp:attachment":[{"href":"https:\/\/bocedisrl.com\/es\/wp-json\/wp\/v2\/media?parent=4180"}],"curies":[{"name":"wp","href":"https:\/\/api.w.org\/{rel}","templated":true}]}}