{"id":4448,"date":"2021-11-30T14:17:31","date_gmt":"2021-11-30T13:17:31","guid":{"rendered":"https:\/\/www.stretchhood.it\/industrias\/contenedores\/"},"modified":"2021-12-30T13:17:59","modified_gmt":"2021-12-30T12:17:59","slug":"contenedores","status":"publish","type":"page","link":"https:\/\/bocedisrl.com\/es\/industrias\/contenedores\/","title":{"rendered":"Contenedores"},"content":{"rendered":"\n<div class=\"wp-block-group alternating-columns is-layout-flow wp-block-group-is-layout-flow\">\n<div class=\"wp-block-columns is-layout-flex wp-container-core-columns-is-layout-1 wp-block-columns-is-layout-flex\">\n<div class=\"wp-block-column is-layout-flow wp-block-column-is-layout-flow\"><div class=\"wp-block-getwid-images-slider has-arrows-inside has-dots-inside has-images-center has-cropped-images has-fixed-height\"><div class=\"wp-block-getwid-images-slider__wrapper\" data-effect=\"fade\" data-slides-show=\"1\" data-slides-show-laptop=\"1\" data-slides-show-tablet=\"1\" data-slides-show-mobile=\"1\" data-slides-scroll=\"1\" data-autoplay=\"true\" data-autoplay-speed=\"5000\" data-infinite=\"true\" data-animation-speed=\"800\" data-center-mode=\"false\" data-variable-width=\"false\" data-arrows=\"inside\" data-dots=\"inside\" data-spacing=\"none\"><div class=\"wp-block-getwid-images-slider__item\" style=\"height:350px\"><figure><img loading=\"lazy\" decoding=\"async\" width=\"1200\" height=\"800\" src=\"https:\/\/www.stretchhood.it\/wp-content\/uploads\/2021\/12\/image-industries-containers-a-01.jpg\" data-id=\"2252\" data-link=\"https:\/\/www.stretchhood.it\/industries\/containers\/attachment\/image-industries-containers-a-01\/\" data-original-link=\"https:\/\/www.stretchhood.it\/wp-content\/uploads\/2021\/12\/image-industries-containers-a-01.jpg\" class=\"wp-block-getwid-images-slider__image wp-image-2252\" srcset=\"https:\/\/www.stretchhood.it\/wp-content\/uploads\/2021\/12\/image-industries-containers-a-01.jpg 1200w, https:\/\/www.stretchhood.it\/wp-content\/uploads\/2021\/12\/image-industries-containers-a-01-980x653.jpg 980w, https:\/\/www.stretchhood.it\/wp-content\/uploads\/2021\/12\/image-industries-containers-a-01-480x320.jpg 480w\" sizes=\"(min-width: 0px) and (max-width: 480px) 480px, (min-width: 481px) and (max-width: 980px) 980px, (min-width: 981px) 1200px, 100vw\" \/><\/figure><\/div><div class=\"wp-block-getwid-images-slider__item\" style=\"height:350px\"><figure><img loading=\"lazy\" decoding=\"async\" width=\"1200\" height=\"800\" src=\"https:\/\/www.stretchhood.it\/wp-content\/uploads\/2021\/12\/image-industries-containers-a-02.jpg\" data-id=\"2253\" data-link=\"https:\/\/www.stretchhood.it\/industries\/containers\/attachment\/image-industries-containers-a-02\/\" data-original-link=\"https:\/\/www.stretchhood.it\/wp-content\/uploads\/2021\/12\/image-industries-containers-a-02.jpg\" class=\"wp-block-getwid-images-slider__image wp-image-2253\" srcset=\"https:\/\/www.stretchhood.it\/wp-content\/uploads\/2021\/12\/image-industries-containers-a-02.jpg 1200w, https:\/\/www.stretchhood.it\/wp-content\/uploads\/2021\/12\/image-industries-containers-a-02-980x653.jpg 980w, https:\/\/www.stretchhood.it\/wp-content\/uploads\/2021\/12\/image-industries-containers-a-02-480x320.jpg 480w\" sizes=\"(min-width: 0px) and (max-width: 480px) 480px, (min-width: 481px) and (max-width: 980px) 980px, (min-width: 981px) 1200px, 100vw\" \/><\/figure><\/div><div class=\"wp-block-getwid-images-slider__item\" style=\"height:350px\"><figure><img loading=\"lazy\" decoding=\"async\" width=\"1200\" height=\"800\" src=\"https:\/\/www.stretchhood.it\/wp-content\/uploads\/2021\/12\/image-industries-containers-a-03.jpg\" data-id=\"2254\" data-link=\"https:\/\/www.stretchhood.it\/industries\/containers\/attachment\/image-industries-containers-a-03\/\" data-original-link=\"https:\/\/www.stretchhood.it\/wp-content\/uploads\/2021\/12\/image-industries-containers-a-03.jpg\" class=\"wp-block-getwid-images-slider__image wp-image-2254\" srcset=\"https:\/\/www.stretchhood.it\/wp-content\/uploads\/2021\/12\/image-industries-containers-a-03.jpg 1200w, https:\/\/www.stretchhood.it\/wp-content\/uploads\/2021\/12\/image-industries-containers-a-03-980x653.jpg 980w, https:\/\/www.stretchhood.it\/wp-content\/uploads\/2021\/12\/image-industries-containers-a-03-480x320.jpg 480w\" sizes=\"(min-width: 0px) and (max-width: 480px) 480px, (min-width: 481px) and (max-width: 980px) 980px, (min-width: 981px) 1200px, 100vw\" \/><\/figure><\/div><div class=\"wp-block-getwid-images-slider__item\" style=\"height:350px\"><figure><img loading=\"lazy\" decoding=\"async\" width=\"1200\" height=\"800\" src=\"https:\/\/www.stretchhood.it\/wp-content\/uploads\/2021\/12\/image-industries-containers-a-04.jpg\" data-id=\"2255\" data-link=\"https:\/\/www.stretchhood.it\/industries\/containers\/attachment\/image-industries-containers-a-04\/\" data-original-link=\"https:\/\/www.stretchhood.it\/wp-content\/uploads\/2021\/12\/image-industries-containers-a-04.jpg\" class=\"wp-block-getwid-images-slider__image wp-image-2255\" srcset=\"https:\/\/www.stretchhood.it\/wp-content\/uploads\/2021\/12\/image-industries-containers-a-04.jpg 1200w, https:\/\/www.stretchhood.it\/wp-content\/uploads\/2021\/12\/image-industries-containers-a-04-980x653.jpg 980w, https:\/\/www.stretchhood.it\/wp-content\/uploads\/2021\/12\/image-industries-containers-a-04-480x320.jpg 480w\" sizes=\"(min-width: 0px) and (max-width: 480px) 480px, (min-width: 481px) and (max-width: 980px) 980px, (min-width: 981px) 1200px, 100vw\" \/><\/figure><\/div><\/div><\/div>\r\n<\/div>\n\n\n\n<div class=\"wp-block-column is-layout-flow wp-block-column-is-layout-flow\">\n<h3 class=\"wp-block-heading\">Estabilidad<\/h3>\n\n\n\n<p>Las tecnolog\u00edas de\u00a0<a href=\"\/es\/sistemas-de-embalaje\/stretch-hood\/\">enfundado con pel\u00edcula extensible en fr\u00edo<\/a>\u00a0o con\u00a0<a href=\"\/es\/sistemas-de-embalaje\/termo-retractil\/\">pel\u00edcula retr\u00e1ctil<\/a>\u00a0son ideales para la industria. De hecho, con una sola capa de pl\u00e1stico es posible lograr una gran estabilidad incluso para los tama\u00f1os de empaques desiguales.<\/p>\n\n\n\n<p>Las fuerzas de extensi\u00f3n o retracci\u00f3n asegurar\u00e1n la carga en la tarima garantizando una manipulaci\u00f3n y un transporte seguros. Las enfundadoras Bocedi pueden configurarse con m\u00faltiples y diferentes tama\u00f1os de pel\u00edcula para encontrar la funda perfecta para cada tama\u00f1o de tarima.<\/p>\n<\/div>\n<\/div>\n\n\n\n<div class=\"wp-block-columns is-layout-flex wp-container-core-columns-is-layout-2 wp-block-columns-is-layout-flex\">\n<div class=\"wp-block-column is-layout-flow wp-block-column-is-layout-flow\"><div class=\"wp-block-getwid-images-slider has-arrows-inside has-dots-inside has-images-center has-cropped-images has-fixed-height\"><div class=\"wp-block-getwid-images-slider__wrapper\" data-effect=\"fade\" data-slides-show=\"1\" data-slides-show-laptop=\"1\" data-slides-show-tablet=\"1\" data-slides-show-mobile=\"1\" data-slides-scroll=\"1\" data-autoplay=\"true\" data-autoplay-speed=\"5000\" data-infinite=\"true\" data-animation-speed=\"800\" data-center-mode=\"false\" data-variable-width=\"false\" data-arrows=\"inside\" data-dots=\"inside\" data-spacing=\"none\"><div class=\"wp-block-getwid-images-slider__item\" style=\"height:350px\"><figure><img loading=\"lazy\" decoding=\"async\" width=\"1200\" height=\"800\" src=\"https:\/\/www.stretchhood.it\/wp-content\/uploads\/2021\/12\/image-industries-containers-b-01.jpg\" data-id=\"2256\" data-link=\"https:\/\/www.stretchhood.it\/industries\/containers\/attachment\/image-industries-containers-b-01\/\" data-original-link=\"https:\/\/www.stretchhood.it\/wp-content\/uploads\/2021\/12\/image-industries-containers-b-01.jpg\" class=\"wp-block-getwid-images-slider__image wp-image-2256\" srcset=\"https:\/\/www.stretchhood.it\/wp-content\/uploads\/2021\/12\/image-industries-containers-b-01.jpg 1200w, https:\/\/www.stretchhood.it\/wp-content\/uploads\/2021\/12\/image-industries-containers-b-01-980x653.jpg 980w, https:\/\/www.stretchhood.it\/wp-content\/uploads\/2021\/12\/image-industries-containers-b-01-480x320.jpg 480w\" sizes=\"(min-width: 0px) and (max-width: 480px) 480px, (min-width: 481px) and (max-width: 980px) 980px, (min-width: 981px) 1200px, 100vw\" \/><\/figure><\/div><div class=\"wp-block-getwid-images-slider__item\" style=\"height:350px\"><figure><img loading=\"lazy\" decoding=\"async\" width=\"1200\" height=\"800\" src=\"https:\/\/www.stretchhood.it\/wp-content\/uploads\/2021\/12\/image-industries-containers-b-02.jpg\" data-id=\"2257\" data-link=\"https:\/\/www.stretchhood.it\/industries\/containers\/attachment\/image-industries-containers-b-02\/\" data-original-link=\"https:\/\/www.stretchhood.it\/wp-content\/uploads\/2021\/12\/image-industries-containers-b-02.jpg\" class=\"wp-block-getwid-images-slider__image wp-image-2257\" srcset=\"https:\/\/www.stretchhood.it\/wp-content\/uploads\/2021\/12\/image-industries-containers-b-02.jpg 1200w, https:\/\/www.stretchhood.it\/wp-content\/uploads\/2021\/12\/image-industries-containers-b-02-980x653.jpg 980w, https:\/\/www.stretchhood.it\/wp-content\/uploads\/2021\/12\/image-industries-containers-b-02-480x320.jpg 480w\" sizes=\"(min-width: 0px) and (max-width: 480px) 480px, (min-width: 481px) and (max-width: 980px) 980px, (min-width: 981px) 1200px, 100vw\" \/><\/figure><\/div><div class=\"wp-block-getwid-images-slider__item\" style=\"height:350px\"><figure><img loading=\"lazy\" decoding=\"async\" width=\"1200\" height=\"800\" src=\"https:\/\/www.stretchhood.it\/wp-content\/uploads\/2021\/12\/image-industries-containers-b-03.jpg\" data-id=\"2258\" data-link=\"https:\/\/www.stretchhood.it\/industries\/containers\/attachment\/image-industries-containers-b-03\/\" data-original-link=\"https:\/\/www.stretchhood.it\/wp-content\/uploads\/2021\/12\/image-industries-containers-b-03.jpg\" class=\"wp-block-getwid-images-slider__image wp-image-2258\" srcset=\"https:\/\/www.stretchhood.it\/wp-content\/uploads\/2021\/12\/image-industries-containers-b-03.jpg 1200w, https:\/\/www.stretchhood.it\/wp-content\/uploads\/2021\/12\/image-industries-containers-b-03-980x653.jpg 980w, https:\/\/www.stretchhood.it\/wp-content\/uploads\/2021\/12\/image-industries-containers-b-03-480x320.jpg 480w\" sizes=\"(min-width: 0px) and (max-width: 480px) 480px, (min-width: 481px) and (max-width: 980px) 980px, (min-width: 981px) 1200px, 100vw\" \/><\/figure><\/div><div class=\"wp-block-getwid-images-slider__item\" style=\"height:350px\"><figure><img loading=\"lazy\" decoding=\"async\" width=\"1200\" height=\"800\" src=\"https:\/\/www.stretchhood.it\/wp-content\/uploads\/2021\/12\/image-industries-containers-b-04.jpg\" data-id=\"2259\" data-link=\"https:\/\/www.stretchhood.it\/industries\/containers\/attachment\/image-industries-containers-b-04\/\" data-original-link=\"https:\/\/www.stretchhood.it\/wp-content\/uploads\/2021\/12\/image-industries-containers-b-04.jpg\" class=\"wp-block-getwid-images-slider__image wp-image-2259\" srcset=\"https:\/\/www.stretchhood.it\/wp-content\/uploads\/2021\/12\/image-industries-containers-b-04.jpg 1200w, https:\/\/www.stretchhood.it\/wp-content\/uploads\/2021\/12\/image-industries-containers-b-04-980x653.jpg 980w, https:\/\/www.stretchhood.it\/wp-content\/uploads\/2021\/12\/image-industries-containers-b-04-480x320.jpg 480w\" sizes=\"(min-width: 0px) and (max-width: 480px) 480px, (min-width: 481px) and (max-width: 980px) 980px, (min-width: 981px) 1200px, 100vw\" \/><\/figure><\/div><div class=\"wp-block-getwid-images-slider__item\" style=\"height:350px\"><figure><img loading=\"lazy\" decoding=\"async\" width=\"1200\" height=\"800\" src=\"https:\/\/www.stretchhood.it\/wp-content\/uploads\/2021\/12\/image-industries-containers-b-05.jpg\" data-id=\"2260\" data-link=\"https:\/\/www.stretchhood.it\/industries\/containers\/attachment\/image-industries-containers-b-05\/\" data-original-link=\"https:\/\/www.stretchhood.it\/wp-content\/uploads\/2021\/12\/image-industries-containers-b-05.jpg\" class=\"wp-block-getwid-images-slider__image wp-image-2260\" srcset=\"https:\/\/www.stretchhood.it\/wp-content\/uploads\/2021\/12\/image-industries-containers-b-05.jpg 1200w, https:\/\/www.stretchhood.it\/wp-content\/uploads\/2021\/12\/image-industries-containers-b-05-980x653.jpg 980w, https:\/\/www.stretchhood.it\/wp-content\/uploads\/2021\/12\/image-industries-containers-b-05-480x320.jpg 480w\" sizes=\"(min-width: 0px) and (max-width: 480px) 480px, (min-width: 481px) and (max-width: 980px) 980px, (min-width: 981px) 1200px, 100vw\" \/><\/figure><\/div><\/div><\/div>\r\n<\/div>\n\n\n\n<div class=\"wp-block-column is-layout-flow wp-block-column-is-layout-flow\">\n<h3 class=\"wp-block-heading\">Seguro, impecable, impermeable<\/h3>\n\n\n\n<p>Los art\u00edculos son embalados con seguridad; la pel\u00edcula pl\u00e1stica tiene una duradera y elevada resistencia a las perforaciones para prevenir roturas durante la manipulaci\u00f3n o apilado, y para evitar manipulaciones de personal no autorizado.<\/p>\n\n\n\n<p>La funda de protecci\u00f3n dar\u00e1 un buen aspecto final a los productos; un embalaje impecable y profesional impacta positivamente en la actitud de los compradores\/consumidores.<\/p>\n\n\n\n<p>La tarima embalada puede almacenarse al aire libre, pues el embalaje es impermeable, con la posibilidad de a\u00f1adir una protecci\u00f3n contra los UV adicional.<\/p>\n<\/div>\n<\/div>\n\n\n\n<div class=\"wp-block-columns is-layout-flex wp-container-core-columns-is-layout-3 wp-block-columns-is-layout-flex\">\n<div class=\"wp-block-column is-layout-flow wp-block-column-is-layout-flow\">\n<figure class=\"wp-block-video\"><video controls=\"\" poster=\"https:\/\/www.stretchhood.it\/wp-content\/uploads\/2021\/12\/video-thumb.jpg\" src=\"\/wp-content\/uploads\/video\/video-fb1000.mp4\"><\/video><\/figure>\n<\/div>\n\n\n\n<div class=\"wp-block-column is-layout-flow wp-block-column-is-layout-flow\">\n<h3 class=\"wp-block-heading\">Soluciones espec\u00edficas para la industria<\/h3>\n\n\n\n<p>Los contenedores vac\u00edos pueden ser muy inestables durante la fase de desplazamiento desde una estaci\u00f3n de trabajo a la siguiente. Las\u00a0<a href=\"\/es\/sistemas-de-embalaje\/stretch-hood\/fb1000\/\">enfundadoras en fr\u00edo personalizadas<\/a>\u00a0de Bocedi disponen de la ingenier\u00eda adecuada para mover toda su estaci\u00f3n de enfundado hacia la carga, mientras que la carga se mantiene inm\u00f3vil. Gran ventaja para embalar cargas de tarimas ligeras e inestables.<\/p>\n<\/div>\n<\/div>\n<\/div>\n","protected":false},"excerpt":{"rendered":"<p>Estabilidad Las tecnolog\u00edas de\u00a0enfundado con pel\u00edcula extensible en fr\u00edo\u00a0o con\u00a0pel\u00edcula retr\u00e1ctil\u00a0son ideales para la industria. De hecho, con una sola capa de pl\u00e1stico es posible lograr una gran estabilidad incluso para los tama\u00f1os de empaques desiguales. Las fuerzas de extensi\u00f3n o retracci\u00f3n asegurar\u00e1n la carga en la tarima garantizando una manipulaci\u00f3n y un transporte seguros. [&hellip;]<\/p>\n","protected":false},"author":1,"featured_media":2790,"parent":3992,"menu_order":0,"comment_status":"closed","ping_status":"closed","template":"","meta":{"_acf_changed":false,"_et_pb_use_builder":"","_et_pb_old_content":"","_et_gb_content_width":"","footnotes":""},"acf":[],"yoast_head":"<!-- This site is optimized with the Yoast SEO plugin v22.7 - https:\/\/yoast.com\/wordpress\/plugins\/seo\/ -->\n<title>Contenedores - Bocedi srl<\/title>\n<meta name=\"description\" content=\"Las soluciones de enfundado Bocedi son perfectos para la industria de contenedores: botes de pintura, bidones de metal y pl\u00e1stico, garrafas de pl\u00e1stico y m\u00e1s...\" \/>\n<meta name=\"robots\" content=\"index, follow, max-snippet:-1, max-image-preview:large, max-video-preview:-1\" \/>\n<link rel=\"canonical\" href=\"https:\/\/bocedisrl.com\/es\/industrias\/contenedores\/\" \/>\n<meta property=\"og:locale\" content=\"es_ES\" \/>\n<meta property=\"og:type\" content=\"article\" \/>\n<meta property=\"og:title\" content=\"Contenedores - Bocedi srl\" \/>\n<meta property=\"og:description\" content=\"Las soluciones de enfundado Bocedi son perfectos para la industria de contenedores: botes de pintura, bidones de metal y pl\u00e1stico, garrafas de pl\u00e1stico y m\u00e1s...\" \/>\n<meta property=\"og:url\" content=\"https:\/\/bocedisrl.com\/es\/industrias\/contenedores\/\" \/>\n<meta property=\"og:site_name\" content=\"Bocedi srl\" \/>\n<meta property=\"article:modified_time\" content=\"2021-12-30T12:17:59+00:00\" \/>\n<meta property=\"og:image\" content=\"https:\/\/bocedisrl.com\/wp-content\/uploads\/2021\/12\/banner-industries-containers.jpg\" \/>\n\t<meta property=\"og:image:width\" content=\"1200\" \/>\n\t<meta property=\"og:image:height\" content=\"800\" \/>\n\t<meta property=\"og:image:type\" content=\"image\/jpeg\" \/>\n<meta name=\"twitter:card\" content=\"summary_large_image\" \/>\n<meta name=\"twitter:label1\" content=\"Tiempo de lectura\" \/>\n\t<meta name=\"twitter:data1\" content=\"1 minuto\" \/>\n<script type=\"application\/ld+json\" class=\"yoast-schema-graph\">{\"@context\":\"https:\/\/schema.org\",\"@graph\":[{\"@type\":\"WebPage\",\"@id\":\"https:\/\/bocedisrl.com\/es\/industrias\/contenedores\/\",\"url\":\"https:\/\/bocedisrl.com\/es\/industrias\/contenedores\/\",\"name\":\"Contenedores - Bocedi srl\",\"isPartOf\":{\"@id\":\"https:\/\/www.stretchhood.it\/#website\"},\"primaryImageOfPage\":{\"@id\":\"https:\/\/bocedisrl.com\/es\/industrias\/contenedores\/#primaryimage\"},\"image\":{\"@id\":\"https:\/\/bocedisrl.com\/es\/industrias\/contenedores\/#primaryimage\"},\"thumbnailUrl\":\"https:\/\/bocedisrl.com\/wp-content\/uploads\/2021\/12\/banner-industries-containers.jpg\",\"datePublished\":\"2021-11-30T13:17:31+00:00\",\"dateModified\":\"2021-12-30T12:17:59+00:00\",\"description\":\"Las soluciones de enfundado Bocedi son perfectos para la industria de contenedores: botes de pintura, bidones de metal y pl\u00e1stico, garrafas de pl\u00e1stico y m\u00e1s...\",\"breadcrumb\":{\"@id\":\"https:\/\/bocedisrl.com\/es\/industrias\/contenedores\/#breadcrumb\"},\"inLanguage\":\"es\",\"potentialAction\":[{\"@type\":\"ReadAction\",\"target\":[\"https:\/\/bocedisrl.com\/es\/industrias\/contenedores\/\"]}]},{\"@type\":\"ImageObject\",\"inLanguage\":\"es\",\"@id\":\"https:\/\/bocedisrl.com\/es\/industrias\/contenedores\/#primaryimage\",\"url\":\"https:\/\/bocedisrl.com\/wp-content\/uploads\/2021\/12\/banner-industries-containers.jpg\",\"contentUrl\":\"https:\/\/bocedisrl.com\/wp-content\/uploads\/2021\/12\/banner-industries-containers.jpg\",\"width\":1200,\"height\":800},{\"@type\":\"BreadcrumbList\",\"@id\":\"https:\/\/bocedisrl.com\/es\/industrias\/contenedores\/#breadcrumb\",\"itemListElement\":[{\"@type\":\"ListItem\",\"position\":1,\"name\":\"Home\",\"item\":\"https:\/\/mail.stretchhood.it\/es\/\"},{\"@type\":\"ListItem\",\"position\":2,\"name\":\"Industrias\",\"item\":\"https:\/\/mail.stretchhood.it\/es\/industrias\/\"},{\"@type\":\"ListItem\",\"position\":3,\"name\":\"Contenedores\"}]},{\"@type\":\"WebSite\",\"@id\":\"https:\/\/www.stretchhood.it\/#website\",\"url\":\"https:\/\/www.stretchhood.it\/\",\"name\":\"Bocedi srl\",\"description\":\"Pallet Packaging Systems\",\"publisher\":{\"@id\":\"https:\/\/www.stretchhood.it\/#organization\"},\"potentialAction\":[{\"@type\":\"SearchAction\",\"target\":{\"@type\":\"EntryPoint\",\"urlTemplate\":\"https:\/\/www.stretchhood.it\/?s={search_term_string}\"},\"query-input\":\"required name=search_term_string\"}],\"inLanguage\":\"es\"},{\"@type\":\"Organization\",\"@id\":\"https:\/\/www.stretchhood.it\/#organization\",\"name\":\"Bocedi srl\",\"url\":\"https:\/\/www.stretchhood.it\/\",\"logo\":{\"@type\":\"ImageObject\",\"inLanguage\":\"es\",\"@id\":\"https:\/\/www.stretchhood.it\/#\/schema\/logo\/image\/\",\"url\":\"https:\/\/www.bocedisrl.com\/wp-content\/uploads\/2021\/11\/logo-bocedi.png\",\"contentUrl\":\"https:\/\/www.bocedisrl.com\/wp-content\/uploads\/2021\/11\/logo-bocedi.png\",\"width\":800,\"height\":480,\"caption\":\"Bocedi srl\"},\"image\":{\"@id\":\"https:\/\/www.stretchhood.it\/#\/schema\/logo\/image\/\"}}]}<\/script>\n<!-- \/ Yoast SEO plugin. -->","yoast_head_json":{"title":"Contenedores - Bocedi srl","description":"Las soluciones de enfundado Bocedi son perfectos para la industria de contenedores: botes de pintura, bidones de metal y pl\u00e1stico, garrafas de pl\u00e1stico y m\u00e1s...","robots":{"index":"index","follow":"follow","max-snippet":"max-snippet:-1","max-image-preview":"max-image-preview:large","max-video-preview":"max-video-preview:-1"},"canonical":"https:\/\/bocedisrl.com\/es\/industrias\/contenedores\/","og_locale":"es_ES","og_type":"article","og_title":"Contenedores - Bocedi srl","og_description":"Las soluciones de enfundado Bocedi son perfectos para la industria de contenedores: botes de pintura, bidones de metal y pl\u00e1stico, garrafas de pl\u00e1stico y m\u00e1s...","og_url":"https:\/\/bocedisrl.com\/es\/industrias\/contenedores\/","og_site_name":"Bocedi srl","article_modified_time":"2021-12-30T12:17:59+00:00","og_image":[{"width":1200,"height":800,"url":"https:\/\/bocedisrl.com\/wp-content\/uploads\/2021\/12\/banner-industries-containers.jpg","type":"image\/jpeg"}],"twitter_card":"summary_large_image","twitter_misc":{"Tiempo de lectura":"1 minuto"},"schema":{"@context":"https:\/\/schema.org","@graph":[{"@type":"WebPage","@id":"https:\/\/bocedisrl.com\/es\/industrias\/contenedores\/","url":"https:\/\/bocedisrl.com\/es\/industrias\/contenedores\/","name":"Contenedores - Bocedi srl","isPartOf":{"@id":"https:\/\/www.stretchhood.it\/#website"},"primaryImageOfPage":{"@id":"https:\/\/bocedisrl.com\/es\/industrias\/contenedores\/#primaryimage"},"image":{"@id":"https:\/\/bocedisrl.com\/es\/industrias\/contenedores\/#primaryimage"},"thumbnailUrl":"https:\/\/bocedisrl.com\/wp-content\/uploads\/2021\/12\/banner-industries-containers.jpg","datePublished":"2021-11-30T13:17:31+00:00","dateModified":"2021-12-30T12:17:59+00:00","description":"Las soluciones de enfundado Bocedi son perfectos para la industria de contenedores: botes de pintura, bidones de metal y pl\u00e1stico, garrafas de pl\u00e1stico y m\u00e1s...","breadcrumb":{"@id":"https:\/\/bocedisrl.com\/es\/industrias\/contenedores\/#breadcrumb"},"inLanguage":"es","potentialAction":[{"@type":"ReadAction","target":["https:\/\/bocedisrl.com\/es\/industrias\/contenedores\/"]}]},{"@type":"ImageObject","inLanguage":"es","@id":"https:\/\/bocedisrl.com\/es\/industrias\/contenedores\/#primaryimage","url":"https:\/\/bocedisrl.com\/wp-content\/uploads\/2021\/12\/banner-industries-containers.jpg","contentUrl":"https:\/\/bocedisrl.com\/wp-content\/uploads\/2021\/12\/banner-industries-containers.jpg","width":1200,"height":800},{"@type":"BreadcrumbList","@id":"https:\/\/bocedisrl.com\/es\/industrias\/contenedores\/#breadcrumb","itemListElement":[{"@type":"ListItem","position":1,"name":"Home","item":"https:\/\/mail.stretchhood.it\/es\/"},{"@type":"ListItem","position":2,"name":"Industrias","item":"https:\/\/mail.stretchhood.it\/es\/industrias\/"},{"@type":"ListItem","position":3,"name":"Contenedores"}]},{"@type":"WebSite","@id":"https:\/\/www.stretchhood.it\/#website","url":"https:\/\/www.stretchhood.it\/","name":"Bocedi srl","description":"Pallet Packaging Systems","publisher":{"@id":"https:\/\/www.stretchhood.it\/#organization"},"potentialAction":[{"@type":"SearchAction","target":{"@type":"EntryPoint","urlTemplate":"https:\/\/www.stretchhood.it\/?s={search_term_string}"},"query-input":"required name=search_term_string"}],"inLanguage":"es"},{"@type":"Organization","@id":"https:\/\/www.stretchhood.it\/#organization","name":"Bocedi srl","url":"https:\/\/www.stretchhood.it\/","logo":{"@type":"ImageObject","inLanguage":"es","@id":"https:\/\/www.stretchhood.it\/#\/schema\/logo\/image\/","url":"https:\/\/www.bocedisrl.com\/wp-content\/uploads\/2021\/11\/logo-bocedi.png","contentUrl":"https:\/\/www.bocedisrl.com\/wp-content\/uploads\/2021\/11\/logo-bocedi.png","width":800,"height":480,"caption":"Bocedi srl"},"image":{"@id":"https:\/\/www.stretchhood.it\/#\/schema\/logo\/image\/"}}]}},"_links":{"self":[{"href":"https:\/\/bocedisrl.com\/es\/wp-json\/wp\/v2\/pages\/4448"}],"collection":[{"href":"https:\/\/bocedisrl.com\/es\/wp-json\/wp\/v2\/pages"}],"about":[{"href":"https:\/\/bocedisrl.com\/es\/wp-json\/wp\/v2\/types\/page"}],"author":[{"embeddable":true,"href":"https:\/\/bocedisrl.com\/es\/wp-json\/wp\/v2\/users\/1"}],"replies":[{"embeddable":true,"href":"https:\/\/bocedisrl.com\/es\/wp-json\/wp\/v2\/comments?post=4448"}],"version-history":[{"count":3,"href":"https:\/\/bocedisrl.com\/es\/wp-json\/wp\/v2\/pages\/4448\/revisions"}],"predecessor-version":[{"id":4455,"href":"https:\/\/bocedisrl.com\/es\/wp-json\/wp\/v2\/pages\/4448\/revisions\/4455"}],"up":[{"embeddable":true,"href":"https:\/\/bocedisrl.com\/es\/wp-json\/wp\/v2\/pages\/3992"}],"wp:featuredmedia":[{"embeddable":true,"href":"https:\/\/bocedisrl.com\/es\/wp-json\/wp\/v2\/media\/2790"}],"wp:attachment":[{"href":"https:\/\/bocedisrl.com\/es\/wp-json\/wp\/v2\/media?parent=4448"}],"curies":[{"name":"wp","href":"https:\/\/api.w.org\/{rel}","templated":true}]}}