{"id":4489,"date":"2021-11-30T14:18:46","date_gmt":"2021-11-30T13:18:46","guid":{"rendered":"https:\/\/www.stretchhood.it\/industrias\/papel-y-carton\/"},"modified":"2021-12-30T13:26:07","modified_gmt":"2021-12-30T12:26:07","slug":"papel-y-carton","status":"publish","type":"page","link":"https:\/\/bocedisrl.com\/es\/industrias\/papel-y-carton\/","title":{"rendered":"Papel y Cart\u00f3n"},"content":{"rendered":"\n<div class=\"wp-block-group alternating-columns is-layout-flow wp-block-group-is-layout-flow\">\n<div class=\"wp-block-columns is-layout-flex wp-container-core-columns-is-layout-1 wp-block-columns-is-layout-flex\">\n<div class=\"wp-block-column is-layout-flow wp-block-column-is-layout-flow\"><div class=\"wp-block-getwid-images-slider has-arrows-inside has-dots-inside has-images-center has-cropped-images has-fixed-height\"><div class=\"wp-block-getwid-images-slider__wrapper\" data-effect=\"fade\" data-slides-show=\"1\" data-slides-show-laptop=\"1\" data-slides-show-tablet=\"1\" data-slides-show-mobile=\"1\" data-slides-scroll=\"1\" data-autoplay=\"true\" data-autoplay-speed=\"5000\" data-infinite=\"true\" data-animation-speed=\"800\" data-center-mode=\"false\" data-variable-width=\"false\" data-arrows=\"inside\" data-dots=\"inside\" data-spacing=\"none\"><div class=\"wp-block-getwid-images-slider__item\" style=\"height:350px\"><figure><img loading=\"lazy\" decoding=\"async\" width=\"1200\" height=\"800\" src=\"https:\/\/www.stretchhood.it\/wp-content\/uploads\/2021\/12\/image-industries-paper-and-cardboard-a-01.jpg\" data-id=\"2299\" data-link=\"https:\/\/www.stretchhood.it\/industries\/paper-and-cardboard\/attachment\/image-industries-paper-and-cardboard-a-01\/\" data-original-link=\"https:\/\/www.stretchhood.it\/wp-content\/uploads\/2021\/12\/image-industries-paper-and-cardboard-a-01.jpg\" class=\"wp-block-getwid-images-slider__image wp-image-2299\" srcset=\"https:\/\/www.stretchhood.it\/wp-content\/uploads\/2021\/12\/image-industries-paper-and-cardboard-a-01.jpg 1200w, https:\/\/www.stretchhood.it\/wp-content\/uploads\/2021\/12\/image-industries-paper-and-cardboard-a-01-980x653.jpg 980w, https:\/\/www.stretchhood.it\/wp-content\/uploads\/2021\/12\/image-industries-paper-and-cardboard-a-01-480x320.jpg 480w\" sizes=\"(min-width: 0px) and (max-width: 480px) 480px, (min-width: 481px) and (max-width: 980px) 980px, (min-width: 981px) 1200px, 100vw\" \/><\/figure><\/div><div class=\"wp-block-getwid-images-slider__item\" style=\"height:350px\"><figure><img loading=\"lazy\" decoding=\"async\" width=\"1200\" height=\"800\" src=\"https:\/\/www.stretchhood.it\/wp-content\/uploads\/2021\/12\/image-industries-paper-and-cardboard-a-02.jpg\" data-id=\"2300\" data-link=\"https:\/\/www.stretchhood.it\/industries\/paper-and-cardboard\/attachment\/image-industries-paper-and-cardboard-a-02\/\" data-original-link=\"https:\/\/www.stretchhood.it\/wp-content\/uploads\/2021\/12\/image-industries-paper-and-cardboard-a-02.jpg\" class=\"wp-block-getwid-images-slider__image wp-image-2300\" srcset=\"https:\/\/www.stretchhood.it\/wp-content\/uploads\/2021\/12\/image-industries-paper-and-cardboard-a-02.jpg 1200w, https:\/\/www.stretchhood.it\/wp-content\/uploads\/2021\/12\/image-industries-paper-and-cardboard-a-02-980x653.jpg 980w, https:\/\/www.stretchhood.it\/wp-content\/uploads\/2021\/12\/image-industries-paper-and-cardboard-a-02-480x320.jpg 480w\" sizes=\"(min-width: 0px) and (max-width: 480px) 480px, (min-width: 481px) and (max-width: 980px) 980px, (min-width: 981px) 1200px, 100vw\" \/><\/figure><\/div><div class=\"wp-block-getwid-images-slider__item\" style=\"height:350px\"><figure><img loading=\"lazy\" decoding=\"async\" width=\"1200\" height=\"800\" src=\"https:\/\/www.stretchhood.it\/wp-content\/uploads\/2021\/12\/image-industries-paper-and-cardboard-a-03.jpg\" data-id=\"2303\" data-link=\"https:\/\/www.stretchhood.it\/industries\/paper-and-cardboard\/attachment\/image-industries-paper-and-cardboard-a-03\/\" data-original-link=\"https:\/\/www.stretchhood.it\/wp-content\/uploads\/2021\/12\/image-industries-paper-and-cardboard-a-03.jpg\" class=\"wp-block-getwid-images-slider__image wp-image-2303\" srcset=\"https:\/\/www.stretchhood.it\/wp-content\/uploads\/2021\/12\/image-industries-paper-and-cardboard-a-03.jpg 1200w, https:\/\/www.stretchhood.it\/wp-content\/uploads\/2021\/12\/image-industries-paper-and-cardboard-a-03-980x653.jpg 980w, https:\/\/www.stretchhood.it\/wp-content\/uploads\/2021\/12\/image-industries-paper-and-cardboard-a-03-480x320.jpg 480w\" sizes=\"(min-width: 0px) and (max-width: 480px) 480px, (min-width: 481px) and (max-width: 980px) 980px, (min-width: 981px) 1200px, 100vw\" \/><\/figure><\/div><\/div><\/div>\r\n<\/div>\n\n\n\n<div class=\"wp-block-column is-layout-flow wp-block-column-is-layout-flow\">\n<h3 class=\"wp-block-heading\">Flexibilidad<\/h3>\n\n\n\n<p>\u00bf4.200 tama\u00f1os de tarimas diferentes? Sin problema: podemos manejarlos todos con una \u00fanica m\u00e1quina.<\/p>\n\n\n\n<p>El\u00a0<a href=\"\/es\/sistemas-de-embalaje\/stretch-hood\/\">enfundado en fr\u00edo<\/a>\u00a0es una tecnolog\u00eda ganadora para ajustarse de la forma m\u00e1s competitiva a la extensa variedad de tama\u00f1os de tarima que deben embalarse. La enfundadora en fr\u00edo\u00a0<a href=\"\/es\/sistemas-de-embalaje\/stretch-hood\/fb2000\/\">FB2000<\/a>\u00a0de Bocedi puede equiparse con 6 bobinas de pel\u00edcula diferentes; ofrece la posibilidad de\u00a0embalar m\u00e1s de 4.200 tama\u00f1os de tarimas diferentes con una sola m\u00e1quina, garantizando un mayor ahorro en lo que se refiere a equipos y a dimensi\u00f3n reducida.<\/p>\n\n\n\n<p>La enfundadora en fr\u00edo est\u00e1 provista de un sistema autom\u00e1tico de identificaci\u00f3n de tarimas, que ajusta con precisi\u00f3n la funda alrededor de cada carga. El dispositivo juega un papel importante a favor del medio ambiente ya que permite que la m\u00e1quina trabaje con la m\u00ednima cantidad de pl\u00e1stico posible, evitando despilfarros.<\/p>\n<\/div>\n<\/div>\n\n\n\n<div class=\"wp-block-columns is-layout-flex wp-container-core-columns-is-layout-2 wp-block-columns-is-layout-flex\">\n<div class=\"wp-block-column is-layout-flow wp-block-column-is-layout-flow\"><div class=\"wp-block-getwid-images-slider has-arrows-inside has-dots-inside has-images-center has-cropped-images has-fixed-height\"><div class=\"wp-block-getwid-images-slider__wrapper\" data-effect=\"fade\" data-slides-show=\"1\" data-slides-show-laptop=\"1\" data-slides-show-tablet=\"1\" data-slides-show-mobile=\"1\" data-slides-scroll=\"1\" data-autoplay=\"true\" data-autoplay-speed=\"5000\" data-infinite=\"true\" data-animation-speed=\"800\" data-center-mode=\"false\" data-variable-width=\"false\" data-arrows=\"inside\" data-dots=\"inside\" data-spacing=\"none\"><div class=\"wp-block-getwid-images-slider__item\" style=\"height:350px\"><figure><img loading=\"lazy\" decoding=\"async\" width=\"1200\" height=\"800\" src=\"https:\/\/www.stretchhood.it\/wp-content\/uploads\/2021\/12\/image-industries-paper-and-cardboard-b-01.jpg\" data-id=\"2304\" data-link=\"https:\/\/www.stretchhood.it\/industries\/paper-and-cardboard\/attachment\/image-industries-paper-and-cardboard-b-01\/\" data-original-link=\"https:\/\/www.stretchhood.it\/wp-content\/uploads\/2021\/12\/image-industries-paper-and-cardboard-b-01.jpg\" class=\"wp-block-getwid-images-slider__image wp-image-2304\" srcset=\"https:\/\/www.stretchhood.it\/wp-content\/uploads\/2021\/12\/image-industries-paper-and-cardboard-b-01.jpg 1200w, https:\/\/www.stretchhood.it\/wp-content\/uploads\/2021\/12\/image-industries-paper-and-cardboard-b-01-980x653.jpg 980w, https:\/\/www.stretchhood.it\/wp-content\/uploads\/2021\/12\/image-industries-paper-and-cardboard-b-01-480x320.jpg 480w\" sizes=\"(min-width: 0px) and (max-width: 480px) 480px, (min-width: 481px) and (max-width: 980px) 980px, (min-width: 981px) 1200px, 100vw\" \/><\/figure><\/div><div class=\"wp-block-getwid-images-slider__item\" style=\"height:350px\"><figure><img loading=\"lazy\" decoding=\"async\" width=\"1200\" height=\"800\" src=\"https:\/\/www.stretchhood.it\/wp-content\/uploads\/2021\/12\/image-industries-paper-and-cardboard-b-02.jpg\" data-id=\"2305\" data-link=\"https:\/\/www.stretchhood.it\/industries\/paper-and-cardboard\/attachment\/image-industries-paper-and-cardboard-b-02\/\" data-original-link=\"https:\/\/www.stretchhood.it\/wp-content\/uploads\/2021\/12\/image-industries-paper-and-cardboard-b-02.jpg\" class=\"wp-block-getwid-images-slider__image wp-image-2305\" srcset=\"https:\/\/www.stretchhood.it\/wp-content\/uploads\/2021\/12\/image-industries-paper-and-cardboard-b-02.jpg 1200w, https:\/\/www.stretchhood.it\/wp-content\/uploads\/2021\/12\/image-industries-paper-and-cardboard-b-02-980x653.jpg 980w, https:\/\/www.stretchhood.it\/wp-content\/uploads\/2021\/12\/image-industries-paper-and-cardboard-b-02-480x320.jpg 480w\" sizes=\"(min-width: 0px) and (max-width: 480px) 480px, (min-width: 481px) and (max-width: 980px) 980px, (min-width: 981px) 1200px, 100vw\" \/><\/figure><\/div><div class=\"wp-block-getwid-images-slider__item\" style=\"height:350px\"><figure><img loading=\"lazy\" decoding=\"async\" width=\"1200\" height=\"800\" src=\"https:\/\/www.stretchhood.it\/wp-content\/uploads\/2021\/12\/image-industries-paper-and-cardboard-b-03.jpg\" data-id=\"2306\" data-link=\"https:\/\/www.stretchhood.it\/industries\/paper-and-cardboard\/attachment\/image-industries-paper-and-cardboard-b-03\/\" data-original-link=\"https:\/\/www.stretchhood.it\/wp-content\/uploads\/2021\/12\/image-industries-paper-and-cardboard-b-03.jpg\" class=\"wp-block-getwid-images-slider__image wp-image-2306\" srcset=\"https:\/\/www.stretchhood.it\/wp-content\/uploads\/2021\/12\/image-industries-paper-and-cardboard-b-03.jpg 1200w, https:\/\/www.stretchhood.it\/wp-content\/uploads\/2021\/12\/image-industries-paper-and-cardboard-b-03-980x653.jpg 980w, https:\/\/www.stretchhood.it\/wp-content\/uploads\/2021\/12\/image-industries-paper-and-cardboard-b-03-480x320.jpg 480w\" sizes=\"(min-width: 0px) and (max-width: 480px) 480px, (min-width: 481px) and (max-width: 980px) 980px, (min-width: 981px) 1200px, 100vw\" \/><\/figure><\/div><div class=\"wp-block-getwid-images-slider__item\" style=\"height:350px\"><figure><img loading=\"lazy\" decoding=\"async\" width=\"1200\" height=\"800\" src=\"https:\/\/www.stretchhood.it\/wp-content\/uploads\/2021\/12\/image-industries-paper-and-cardboard-b-04.jpg\" data-id=\"2307\" data-link=\"https:\/\/www.stretchhood.it\/industries\/paper-and-cardboard\/attachment\/image-industries-paper-and-cardboard-b-04\/\" data-original-link=\"https:\/\/www.stretchhood.it\/wp-content\/uploads\/2021\/12\/image-industries-paper-and-cardboard-b-04.jpg\" class=\"wp-block-getwid-images-slider__image wp-image-2307\" srcset=\"https:\/\/www.stretchhood.it\/wp-content\/uploads\/2021\/12\/image-industries-paper-and-cardboard-b-04.jpg 1200w, https:\/\/www.stretchhood.it\/wp-content\/uploads\/2021\/12\/image-industries-paper-and-cardboard-b-04-980x653.jpg 980w, https:\/\/www.stretchhood.it\/wp-content\/uploads\/2021\/12\/image-industries-paper-and-cardboard-b-04-480x320.jpg 480w\" sizes=\"(min-width: 0px) and (max-width: 480px) 480px, (min-width: 481px) and (max-width: 980px) 980px, (min-width: 981px) 1200px, 100vw\" \/><\/figure><\/div><\/div><\/div>\r\n<\/div>\n\n\n\n<div class=\"wp-block-column is-layout-flow wp-block-column-is-layout-flow\">\n<h3 class=\"wp-block-heading\">Embalaje resistente al polvo y al agua<\/h3>\n\n\n\n<p>El enfundado en fr\u00edo es ideal para cargas de papel o cart\u00f3n, ya que la funda del embalaje no interfiere con la forma de los productos; ninguna fuerza de presi\u00f3n alterar\u00e1 ni da\u00f1ar\u00e1 la carga.<\/p>\n\n\n\n<p>La tecnolog\u00eda de\u00a0<a href=\"\/es\/sistemas-de-embalaje\/stretch-hood\/fb4-0\/\">enfundado en fr\u00edo<\/a>\u00a0consolidada de Bocedi ofrece protecci\u00f3n garantizada contra el polvo y el agua en 5-6 lados de la carga, y una gran estabilidad de la tarima. Las m\u00e1quinas est\u00e1n dise\u00f1adas para trabajar con pel\u00edculas delgadas y personalizadas.<\/p>\n\n\n\n<p>Un aplicador de protecciones para bordes autom\u00e1tico est\u00e1 disponible para preservar a\u00fan m\u00e1s su carga.<\/p>\n<\/div>\n<\/div>\n<\/div>\n","protected":false},"excerpt":{"rendered":"<p>Flexibilidad \u00bf4.200 tama\u00f1os de tarimas diferentes? Sin problema: podemos manejarlos todos con una \u00fanica m\u00e1quina. El\u00a0enfundado en fr\u00edo\u00a0es una tecnolog\u00eda ganadora para ajustarse de la forma m\u00e1s competitiva a la extensa variedad de tama\u00f1os de tarima que deben embalarse. La enfundadora en fr\u00edo\u00a0FB2000\u00a0de Bocedi puede equiparse con 6 bobinas de pel\u00edcula diferentes; ofrece la posibilidad [&hellip;]<\/p>\n","protected":false},"author":1,"featured_media":2802,"parent":3992,"menu_order":0,"comment_status":"closed","ping_status":"closed","template":"","meta":{"_acf_changed":false,"_et_pb_use_builder":"","_et_pb_old_content":"","_et_gb_content_width":"","footnotes":""},"acf":[],"yoast_head":"<!-- This site is optimized with the Yoast SEO plugin v22.7 - https:\/\/yoast.com\/wordpress\/plugins\/seo\/ -->\n<title>Papel y Cart\u00f3n - Bocedi srl<\/title>\n<meta name=\"description\" content=\"Las soluciones de enfundado Bocedi son perfectos para la industria del papel y cart\u00f3n: papel, impresi\u00f3n, cajas de cart\u00f3n, corrugado y m\u00e1s...\" \/>\n<meta name=\"robots\" content=\"index, follow, max-snippet:-1, max-image-preview:large, max-video-preview:-1\" \/>\n<link rel=\"canonical\" href=\"https:\/\/bocedisrl.com\/es\/industrias\/papel-y-carton\/\" \/>\n<meta property=\"og:locale\" content=\"es_ES\" \/>\n<meta property=\"og:type\" content=\"article\" \/>\n<meta property=\"og:title\" content=\"Papel y Cart\u00f3n - Bocedi srl\" \/>\n<meta property=\"og:description\" content=\"Las soluciones de enfundado Bocedi son perfectos para la industria del papel y cart\u00f3n: papel, impresi\u00f3n, cajas de cart\u00f3n, corrugado y m\u00e1s...\" \/>\n<meta property=\"og:url\" content=\"https:\/\/bocedisrl.com\/es\/industrias\/papel-y-carton\/\" \/>\n<meta property=\"og:site_name\" content=\"Bocedi srl\" \/>\n<meta property=\"article:modified_time\" content=\"2021-12-30T12:26:07+00:00\" \/>\n<meta property=\"og:image\" content=\"https:\/\/bocedisrl.com\/wp-content\/uploads\/2021\/12\/banner-industries-paper-and-cardboard.jpg\" \/>\n\t<meta property=\"og:image:width\" content=\"1200\" \/>\n\t<meta property=\"og:image:height\" content=\"800\" \/>\n\t<meta property=\"og:image:type\" content=\"image\/jpeg\" \/>\n<meta name=\"twitter:card\" content=\"summary_large_image\" \/>\n<meta name=\"twitter:label1\" content=\"Tiempo de lectura\" \/>\n\t<meta name=\"twitter:data1\" content=\"1 minuto\" \/>\n<script type=\"application\/ld+json\" class=\"yoast-schema-graph\">{\"@context\":\"https:\/\/schema.org\",\"@graph\":[{\"@type\":\"WebPage\",\"@id\":\"https:\/\/bocedisrl.com\/es\/industrias\/papel-y-carton\/\",\"url\":\"https:\/\/bocedisrl.com\/es\/industrias\/papel-y-carton\/\",\"name\":\"Papel y Cart\u00f3n - Bocedi srl\",\"isPartOf\":{\"@id\":\"https:\/\/bocedisrl.com\/es\/#website\"},\"primaryImageOfPage\":{\"@id\":\"https:\/\/bocedisrl.com\/es\/industrias\/papel-y-carton\/#primaryimage\"},\"image\":{\"@id\":\"https:\/\/bocedisrl.com\/es\/industrias\/papel-y-carton\/#primaryimage\"},\"thumbnailUrl\":\"https:\/\/bocedisrl.com\/wp-content\/uploads\/2021\/12\/banner-industries-paper-and-cardboard.jpg\",\"datePublished\":\"2021-11-30T13:18:46+00:00\",\"dateModified\":\"2021-12-30T12:26:07+00:00\",\"description\":\"Las soluciones de enfundado Bocedi son perfectos para la industria del papel y cart\u00f3n: papel, impresi\u00f3n, cajas de cart\u00f3n, corrugado y m\u00e1s...\",\"breadcrumb\":{\"@id\":\"https:\/\/bocedisrl.com\/es\/industrias\/papel-y-carton\/#breadcrumb\"},\"inLanguage\":\"es\",\"potentialAction\":[{\"@type\":\"ReadAction\",\"target\":[\"https:\/\/bocedisrl.com\/es\/industrias\/papel-y-carton\/\"]}]},{\"@type\":\"ImageObject\",\"inLanguage\":\"es\",\"@id\":\"https:\/\/bocedisrl.com\/es\/industrias\/papel-y-carton\/#primaryimage\",\"url\":\"https:\/\/bocedisrl.com\/wp-content\/uploads\/2021\/12\/banner-industries-paper-and-cardboard.jpg\",\"contentUrl\":\"https:\/\/bocedisrl.com\/wp-content\/uploads\/2021\/12\/banner-industries-paper-and-cardboard.jpg\",\"width\":1200,\"height\":800},{\"@type\":\"BreadcrumbList\",\"@id\":\"https:\/\/bocedisrl.com\/es\/industrias\/papel-y-carton\/#breadcrumb\",\"itemListElement\":[{\"@type\":\"ListItem\",\"position\":1,\"name\":\"Home\",\"item\":\"https:\/\/bocedisrl.com\/es\/\"},{\"@type\":\"ListItem\",\"position\":2,\"name\":\"Industrias\",\"item\":\"https:\/\/bocedisrl.com\/es\/industrias\/\"},{\"@type\":\"ListItem\",\"position\":3,\"name\":\"Papel y Cart\u00f3n\"}]},{\"@type\":\"WebSite\",\"@id\":\"https:\/\/bocedisrl.com\/es\/#website\",\"url\":\"https:\/\/bocedisrl.com\/es\/\",\"name\":\"Bocedi srl\",\"description\":\"Pallet Packaging Systems\",\"publisher\":{\"@id\":\"https:\/\/bocedisrl.com\/es\/#organization\"},\"potentialAction\":[{\"@type\":\"SearchAction\",\"target\":{\"@type\":\"EntryPoint\",\"urlTemplate\":\"https:\/\/bocedisrl.com\/es\/?s={search_term_string}\"},\"query-input\":\"required name=search_term_string\"}],\"inLanguage\":\"es\"},{\"@type\":\"Organization\",\"@id\":\"https:\/\/bocedisrl.com\/es\/#organization\",\"name\":\"Bocedi srl\",\"url\":\"https:\/\/bocedisrl.com\/es\/\",\"logo\":{\"@type\":\"ImageObject\",\"inLanguage\":\"es\",\"@id\":\"https:\/\/bocedisrl.com\/es\/#\/schema\/logo\/image\/\",\"url\":\"https:\/\/www.bocedisrl.com\/wp-content\/uploads\/2021\/11\/logo-bocedi.png\",\"contentUrl\":\"https:\/\/www.bocedisrl.com\/wp-content\/uploads\/2021\/11\/logo-bocedi.png\",\"width\":800,\"height\":480,\"caption\":\"Bocedi srl\"},\"image\":{\"@id\":\"https:\/\/bocedisrl.com\/es\/#\/schema\/logo\/image\/\"}}]}<\/script>\n<!-- \/ Yoast SEO plugin. -->","yoast_head_json":{"title":"Papel y Cart\u00f3n - Bocedi srl","description":"Las soluciones de enfundado Bocedi son perfectos para la industria del papel y cart\u00f3n: papel, impresi\u00f3n, cajas de cart\u00f3n, corrugado y m\u00e1s...","robots":{"index":"index","follow":"follow","max-snippet":"max-snippet:-1","max-image-preview":"max-image-preview:large","max-video-preview":"max-video-preview:-1"},"canonical":"https:\/\/bocedisrl.com\/es\/industrias\/papel-y-carton\/","og_locale":"es_ES","og_type":"article","og_title":"Papel y Cart\u00f3n - Bocedi srl","og_description":"Las soluciones de enfundado Bocedi son perfectos para la industria del papel y cart\u00f3n: papel, impresi\u00f3n, cajas de cart\u00f3n, corrugado y m\u00e1s...","og_url":"https:\/\/bocedisrl.com\/es\/industrias\/papel-y-carton\/","og_site_name":"Bocedi srl","article_modified_time":"2021-12-30T12:26:07+00:00","og_image":[{"width":1200,"height":800,"url":"https:\/\/bocedisrl.com\/wp-content\/uploads\/2021\/12\/banner-industries-paper-and-cardboard.jpg","type":"image\/jpeg"}],"twitter_card":"summary_large_image","twitter_misc":{"Tiempo de lectura":"1 minuto"},"schema":{"@context":"https:\/\/schema.org","@graph":[{"@type":"WebPage","@id":"https:\/\/bocedisrl.com\/es\/industrias\/papel-y-carton\/","url":"https:\/\/bocedisrl.com\/es\/industrias\/papel-y-carton\/","name":"Papel y Cart\u00f3n - Bocedi srl","isPartOf":{"@id":"https:\/\/bocedisrl.com\/es\/#website"},"primaryImageOfPage":{"@id":"https:\/\/bocedisrl.com\/es\/industrias\/papel-y-carton\/#primaryimage"},"image":{"@id":"https:\/\/bocedisrl.com\/es\/industrias\/papel-y-carton\/#primaryimage"},"thumbnailUrl":"https:\/\/bocedisrl.com\/wp-content\/uploads\/2021\/12\/banner-industries-paper-and-cardboard.jpg","datePublished":"2021-11-30T13:18:46+00:00","dateModified":"2021-12-30T12:26:07+00:00","description":"Las soluciones de enfundado Bocedi son perfectos para la industria del papel y cart\u00f3n: papel, impresi\u00f3n, cajas de cart\u00f3n, corrugado y m\u00e1s...","breadcrumb":{"@id":"https:\/\/bocedisrl.com\/es\/industrias\/papel-y-carton\/#breadcrumb"},"inLanguage":"es","potentialAction":[{"@type":"ReadAction","target":["https:\/\/bocedisrl.com\/es\/industrias\/papel-y-carton\/"]}]},{"@type":"ImageObject","inLanguage":"es","@id":"https:\/\/bocedisrl.com\/es\/industrias\/papel-y-carton\/#primaryimage","url":"https:\/\/bocedisrl.com\/wp-content\/uploads\/2021\/12\/banner-industries-paper-and-cardboard.jpg","contentUrl":"https:\/\/bocedisrl.com\/wp-content\/uploads\/2021\/12\/banner-industries-paper-and-cardboard.jpg","width":1200,"height":800},{"@type":"BreadcrumbList","@id":"https:\/\/bocedisrl.com\/es\/industrias\/papel-y-carton\/#breadcrumb","itemListElement":[{"@type":"ListItem","position":1,"name":"Home","item":"https:\/\/bocedisrl.com\/es\/"},{"@type":"ListItem","position":2,"name":"Industrias","item":"https:\/\/bocedisrl.com\/es\/industrias\/"},{"@type":"ListItem","position":3,"name":"Papel y Cart\u00f3n"}]},{"@type":"WebSite","@id":"https:\/\/bocedisrl.com\/es\/#website","url":"https:\/\/bocedisrl.com\/es\/","name":"Bocedi srl","description":"Pallet Packaging Systems","publisher":{"@id":"https:\/\/bocedisrl.com\/es\/#organization"},"potentialAction":[{"@type":"SearchAction","target":{"@type":"EntryPoint","urlTemplate":"https:\/\/bocedisrl.com\/es\/?s={search_term_string}"},"query-input":"required name=search_term_string"}],"inLanguage":"es"},{"@type":"Organization","@id":"https:\/\/bocedisrl.com\/es\/#organization","name":"Bocedi srl","url":"https:\/\/bocedisrl.com\/es\/","logo":{"@type":"ImageObject","inLanguage":"es","@id":"https:\/\/bocedisrl.com\/es\/#\/schema\/logo\/image\/","url":"https:\/\/www.bocedisrl.com\/wp-content\/uploads\/2021\/11\/logo-bocedi.png","contentUrl":"https:\/\/www.bocedisrl.com\/wp-content\/uploads\/2021\/11\/logo-bocedi.png","width":800,"height":480,"caption":"Bocedi srl"},"image":{"@id":"https:\/\/bocedisrl.com\/es\/#\/schema\/logo\/image\/"}}]}},"_links":{"self":[{"href":"https:\/\/bocedisrl.com\/es\/wp-json\/wp\/v2\/pages\/4489"}],"collection":[{"href":"https:\/\/bocedisrl.com\/es\/wp-json\/wp\/v2\/pages"}],"about":[{"href":"https:\/\/bocedisrl.com\/es\/wp-json\/wp\/v2\/types\/page"}],"author":[{"embeddable":true,"href":"https:\/\/bocedisrl.com\/es\/wp-json\/wp\/v2\/users\/1"}],"replies":[{"embeddable":true,"href":"https:\/\/bocedisrl.com\/es\/wp-json\/wp\/v2\/comments?post=4489"}],"version-history":[{"count":1,"href":"https:\/\/bocedisrl.com\/es\/wp-json\/wp\/v2\/pages\/4489\/revisions"}],"predecessor-version":[{"id":4490,"href":"https:\/\/bocedisrl.com\/es\/wp-json\/wp\/v2\/pages\/4489\/revisions\/4490"}],"up":[{"embeddable":true,"href":"https:\/\/bocedisrl.com\/es\/wp-json\/wp\/v2\/pages\/3992"}],"wp:featuredmedia":[{"embeddable":true,"href":"https:\/\/bocedisrl.com\/es\/wp-json\/wp\/v2\/media\/2802"}],"wp:attachment":[{"href":"https:\/\/bocedisrl.com\/es\/wp-json\/wp\/v2\/media?parent=4489"}],"curies":[{"name":"wp","href":"https:\/\/api.w.org\/{rel}","templated":true}]}}