{"id":4974,"date":"2021-11-29T10:38:06","date_gmt":"2021-11-29T09:38:06","guid":{"rendered":"https:\/\/www.stretchhood.it\/home\/"},"modified":"2022-09-05T08:51:54","modified_gmt":"2022-09-05T07:51:54","slug":"home","status":"publish","type":"page","link":"https:\/\/bocedisrl.com\/es\/","title":{"rendered":"Home"},"content":{"rendered":"<p>[et_pb_section admin_label=\u00bbsection\u00bb]<br \/>\n\t\t\t[et_pb_row admin_label=\u00bbrow\u00bb]<br \/>\n\t\t\t\t[et_pb_column type=\u00bb4_4&#8243;][\/et_pb_column]<br \/>\n\t\t\t[\/et_pb_row]<br \/>\n\t\t[\/et_pb_section]<\/p>\n","protected":false},"excerpt":{"rendered":"","protected":false},"author":1,"featured_media":3582,"parent":0,"menu_order":0,"comment_status":"closed","ping_status":"closed","template":"","meta":{"_acf_changed":false,"_et_pb_use_builder":"on","_et_pb_old_content":"","_et_gb_content_width":"","footnotes":""},"acf":[],"yoast_head":"<!-- This site is optimized with the Yoast SEO plugin v22.7 - https:\/\/yoast.com\/wordpress\/plugins\/seo\/ -->\n<title>Bocedi srl - Pallet Packaging Systems<\/title>\n<meta name=\"description\" content=\"Bocedi srl es uno de los l\u00edderes del mercado mundial en el dise\u00f1o y la fabricaci\u00f3n de sistemas de envasado de final de l\u00ednea. Stretch hood, termo-retr\u00e1ctil y m\u00e1s...\" \/>\n<meta name=\"robots\" content=\"index, follow, max-snippet:-1, max-image-preview:large, max-video-preview:-1\" \/>\n<link rel=\"canonical\" href=\"https:\/\/bocedisrl.com\/es\/\" \/>\n<meta property=\"og:locale\" content=\"es_ES\" \/>\n<meta property=\"og:type\" content=\"article\" \/>\n<meta property=\"og:title\" content=\"Bocedi srl - Pallet Packaging Systems\" \/>\n<meta property=\"og:description\" content=\"Bocedi srl es uno de los l\u00edderes del mercado mundial en el dise\u00f1o y la fabricaci\u00f3n de sistemas de envasado de final de l\u00ednea. Stretch hood, termo-retr\u00e1ctil y m\u00e1s...\" \/>\n<meta property=\"og:url\" content=\"https:\/\/bocedisrl.com\/es\/\" \/>\n<meta property=\"og:site_name\" content=\"Bocedi srl\" \/>\n<meta property=\"article:modified_time\" content=\"2022-09-05T07:51:54+00:00\" \/>\n<meta property=\"og:image\" content=\"https:\/\/www.bocedisrl.com\/wp-content\/uploads\/2021\/12\/banner-home-01.jpg\" \/>\n\t<meta property=\"og:image:width\" content=\"1200\" \/>\n\t<meta property=\"og:image:height\" content=\"800\" \/>\n\t<meta property=\"og:image:type\" content=\"image\/jpeg\" \/>\n<meta name=\"twitter:card\" content=\"summary_large_image\" \/>\n<script type=\"application\/ld+json\" class=\"yoast-schema-graph\">{\"@context\":\"https:\/\/schema.org\",\"@graph\":[{\"@type\":\"WebPage\",\"@id\":\"https:\/\/bocedisrl.com\/es\/\",\"url\":\"https:\/\/bocedisrl.com\/es\/\",\"name\":\"Bocedi srl - Pallet Packaging Systems\",\"isPartOf\":{\"@id\":\"https:\/\/www.stretchhood.it\/#website\"},\"primaryImageOfPage\":{\"@id\":\"https:\/\/bocedisrl.com\/es\/#primaryimage\"},\"image\":{\"@id\":\"https:\/\/bocedisrl.com\/es\/#primaryimage\"},\"thumbnailUrl\":\"https:\/\/bocedisrl.com\/wp-content\/uploads\/2021\/12\/banner-home-01.jpg\",\"datePublished\":\"2021-11-29T09:38:06+00:00\",\"dateModified\":\"2022-09-05T07:51:54+00:00\",\"description\":\"Bocedi srl es uno de los l\u00edderes del mercado mundial en el dise\u00f1o y la fabricaci\u00f3n de sistemas de envasado de final de l\u00ednea. Stretch hood, termo-retr\u00e1ctil y m\u00e1s...\",\"breadcrumb\":{\"@id\":\"https:\/\/bocedisrl.com\/es\/#breadcrumb\"},\"inLanguage\":\"es\",\"potentialAction\":[{\"@type\":\"ReadAction\",\"target\":[\"https:\/\/bocedisrl.com\/es\/\"]}]},{\"@type\":\"ImageObject\",\"inLanguage\":\"es\",\"@id\":\"https:\/\/bocedisrl.com\/es\/#primaryimage\",\"url\":\"https:\/\/bocedisrl.com\/wp-content\/uploads\/2021\/12\/banner-home-01.jpg\",\"contentUrl\":\"https:\/\/bocedisrl.com\/wp-content\/uploads\/2021\/12\/banner-home-01.jpg\",\"width\":1200,\"height\":800},{\"@type\":\"BreadcrumbList\",\"@id\":\"https:\/\/bocedisrl.com\/es\/#breadcrumb\",\"itemListElement\":[{\"@type\":\"ListItem\",\"position\":1,\"name\":\"Home\",\"item\":\"https:\/\/www.bocedisrl.com\/es\/\"},{\"@type\":\"ListItem\",\"position\":2,\"name\":\"Home\"}]},{\"@type\":\"WebSite\",\"@id\":\"https:\/\/www.stretchhood.it\/#website\",\"url\":\"https:\/\/www.stretchhood.it\/\",\"name\":\"Bocedi srl\",\"description\":\"Pallet Packaging Systems\",\"publisher\":{\"@id\":\"https:\/\/www.stretchhood.it\/#organization\"},\"potentialAction\":[{\"@type\":\"SearchAction\",\"target\":{\"@type\":\"EntryPoint\",\"urlTemplate\":\"https:\/\/www.stretchhood.it\/?s={search_term_string}\"},\"query-input\":\"required name=search_term_string\"}],\"inLanguage\":\"es\"},{\"@type\":\"Organization\",\"@id\":\"https:\/\/www.stretchhood.it\/#organization\",\"name\":\"Bocedi srl\",\"url\":\"https:\/\/www.stretchhood.it\/\",\"logo\":{\"@type\":\"ImageObject\",\"inLanguage\":\"es\",\"@id\":\"https:\/\/www.stretchhood.it\/#\/schema\/logo\/image\/\",\"url\":\"https:\/\/www.bocedisrl.com\/wp-content\/uploads\/2021\/11\/logo-bocedi.png\",\"contentUrl\":\"https:\/\/www.bocedisrl.com\/wp-content\/uploads\/2021\/11\/logo-bocedi.png\",\"width\":800,\"height\":480,\"caption\":\"Bocedi srl\"},\"image\":{\"@id\":\"https:\/\/www.stretchhood.it\/#\/schema\/logo\/image\/\"}}]}<\/script>\n<!-- \/ Yoast SEO plugin. -->","yoast_head_json":{"title":"Bocedi srl - Pallet Packaging Systems","description":"Bocedi srl es uno de los l\u00edderes del mercado mundial en el dise\u00f1o y la fabricaci\u00f3n de sistemas de envasado de final de l\u00ednea. Stretch hood, termo-retr\u00e1ctil y m\u00e1s...","robots":{"index":"index","follow":"follow","max-snippet":"max-snippet:-1","max-image-preview":"max-image-preview:large","max-video-preview":"max-video-preview:-1"},"canonical":"https:\/\/bocedisrl.com\/es\/","og_locale":"es_ES","og_type":"article","og_title":"Bocedi srl - Pallet Packaging Systems","og_description":"Bocedi srl es uno de los l\u00edderes del mercado mundial en el dise\u00f1o y la fabricaci\u00f3n de sistemas de envasado de final de l\u00ednea. Stretch hood, termo-retr\u00e1ctil y m\u00e1s...","og_url":"https:\/\/bocedisrl.com\/es\/","og_site_name":"Bocedi srl","article_modified_time":"2022-09-05T07:51:54+00:00","og_image":[{"width":1200,"height":800,"url":"https:\/\/www.bocedisrl.com\/wp-content\/uploads\/2021\/12\/banner-home-01.jpg","type":"image\/jpeg"}],"twitter_card":"summary_large_image","schema":{"@context":"https:\/\/schema.org","@graph":[{"@type":"WebPage","@id":"https:\/\/bocedisrl.com\/es\/","url":"https:\/\/bocedisrl.com\/es\/","name":"Bocedi srl - Pallet Packaging Systems","isPartOf":{"@id":"https:\/\/www.stretchhood.it\/#website"},"primaryImageOfPage":{"@id":"https:\/\/bocedisrl.com\/es\/#primaryimage"},"image":{"@id":"https:\/\/bocedisrl.com\/es\/#primaryimage"},"thumbnailUrl":"https:\/\/bocedisrl.com\/wp-content\/uploads\/2021\/12\/banner-home-01.jpg","datePublished":"2021-11-29T09:38:06+00:00","dateModified":"2022-09-05T07:51:54+00:00","description":"Bocedi srl es uno de los l\u00edderes del mercado mundial en el dise\u00f1o y la fabricaci\u00f3n de sistemas de envasado de final de l\u00ednea. Stretch hood, termo-retr\u00e1ctil y m\u00e1s...","breadcrumb":{"@id":"https:\/\/bocedisrl.com\/es\/#breadcrumb"},"inLanguage":"es","potentialAction":[{"@type":"ReadAction","target":["https:\/\/bocedisrl.com\/es\/"]}]},{"@type":"ImageObject","inLanguage":"es","@id":"https:\/\/bocedisrl.com\/es\/#primaryimage","url":"https:\/\/bocedisrl.com\/wp-content\/uploads\/2021\/12\/banner-home-01.jpg","contentUrl":"https:\/\/bocedisrl.com\/wp-content\/uploads\/2021\/12\/banner-home-01.jpg","width":1200,"height":800},{"@type":"BreadcrumbList","@id":"https:\/\/bocedisrl.com\/es\/#breadcrumb","itemListElement":[{"@type":"ListItem","position":1,"name":"Home","item":"https:\/\/www.bocedisrl.com\/es\/"},{"@type":"ListItem","position":2,"name":"Home"}]},{"@type":"WebSite","@id":"https:\/\/www.stretchhood.it\/#website","url":"https:\/\/www.stretchhood.it\/","name":"Bocedi srl","description":"Pallet Packaging Systems","publisher":{"@id":"https:\/\/www.stretchhood.it\/#organization"},"potentialAction":[{"@type":"SearchAction","target":{"@type":"EntryPoint","urlTemplate":"https:\/\/www.stretchhood.it\/?s={search_term_string}"},"query-input":"required name=search_term_string"}],"inLanguage":"es"},{"@type":"Organization","@id":"https:\/\/www.stretchhood.it\/#organization","name":"Bocedi srl","url":"https:\/\/www.stretchhood.it\/","logo":{"@type":"ImageObject","inLanguage":"es","@id":"https:\/\/www.stretchhood.it\/#\/schema\/logo\/image\/","url":"https:\/\/www.bocedisrl.com\/wp-content\/uploads\/2021\/11\/logo-bocedi.png","contentUrl":"https:\/\/www.bocedisrl.com\/wp-content\/uploads\/2021\/11\/logo-bocedi.png","width":800,"height":480,"caption":"Bocedi srl"},"image":{"@id":"https:\/\/www.stretchhood.it\/#\/schema\/logo\/image\/"}}]}},"_links":{"self":[{"href":"https:\/\/bocedisrl.com\/es\/wp-json\/wp\/v2\/pages\/4974"}],"collection":[{"href":"https:\/\/bocedisrl.com\/es\/wp-json\/wp\/v2\/pages"}],"about":[{"href":"https:\/\/bocedisrl.com\/es\/wp-json\/wp\/v2\/types\/page"}],"author":[{"embeddable":true,"href":"https:\/\/bocedisrl.com\/es\/wp-json\/wp\/v2\/users\/1"}],"replies":[{"embeddable":true,"href":"https:\/\/bocedisrl.com\/es\/wp-json\/wp\/v2\/comments?post=4974"}],"version-history":[{"count":2,"href":"https:\/\/bocedisrl.com\/es\/wp-json\/wp\/v2\/pages\/4974\/revisions"}],"predecessor-version":[{"id":8362,"href":"https:\/\/bocedisrl.com\/es\/wp-json\/wp\/v2\/pages\/4974\/revisions\/8362"}],"wp:featuredmedia":[{"embeddable":true,"href":"https:\/\/bocedisrl.com\/es\/wp-json\/wp\/v2\/media\/3582"}],"wp:attachment":[{"href":"https:\/\/bocedisrl.com\/es\/wp-json\/wp\/v2\/media?parent=4974"}],"curies":[{"name":"wp","href":"https:\/\/api.w.org\/{rel}","templated":true}]}}