{"id":4079,"date":"2021-11-29T10:38:57","date_gmt":"2021-11-29T09:38:57","guid":{"rendered":"https:\/\/www.stretchhood.it\/la-societe\/"},"modified":"2021-12-30T12:48:33","modified_gmt":"2021-12-30T11:48:33","slug":"la-societe","status":"publish","type":"page","link":"https:\/\/bocedisrl.com\/fr\/la-societe\/","title":{"rendered":"La Soci\u00e9t\u00e9"},"content":{"rendered":"\n<div class=\"wp-block-columns is-layout-flex wp-container-core-columns-is-layout-1 wp-block-columns-is-layout-flex\">\n<div class=\"wp-block-column is-layout-flow wp-block-column-is-layout-flow\">\n<h3 class=\"wp-block-heading\">Bocedi srl<\/h3>\n\n\n\n<p>Bas\u00e9e en Italie du Nord, Bocedi srl est un fabricant fiable d&rsquo;\u00e9quipement pour les <a href=\"\/fr\/systemes-d-emballage\/\">syst\u00e8mes d&#8217;emballage<\/a> fin de ligne. Elle propose une gamme de produits compl\u00e8te, qui comprend des <a href=\"\/fr\/systemes-d-emballage\/housseuse-a-housse-etirable\/\">housseuses sous housse \u00e9tirable<\/a> et <a href=\"\/fr\/systemes-d-emballage\/housseuse-a-housse-retractable\/\">r\u00e9tractable<\/a>, des <a href=\"\/fr\/systemes-d-emballage\/accessoires\/#04\">lignes de convoyage<\/a>, des <a href=\"\/fr\/systemes-d-emballage\/cercleuses\/\">cercleuses<\/a> horizontales et verticales, des <a href=\"\/fr\/systemes-d-emballage\/depose-de-saches\/\">place-sacs<\/a> et une multitude d&rsquo;<a href=\"\/fr\/systemes-d-emballage\/accessoires\/\">accessoires<\/a> pour r\u00e9pondre aux besoins des cycles de conditionnement les plus exigeants.<\/p>\n\n\n\n<h3 class=\"wp-block-heading\">50 ann\u00e9es de exp\u00e9rience<\/h3>\n\n\n\n<p>La soci\u00e9t\u00e9 a savamment diversifi\u00e9 sa production en se basant sur son exp\u00e9rience de plus 50 ans sur le march\u00e9 mondial pour concevoir et installer des solutions destin\u00e9es \u00e0 des secteurs sp\u00e9cifiques tels que les mat\u00e9riaux conditionn\u00e9s en <a href=\"\/fr\/industries\/sacs\/\">sacs<\/a>, la <a href=\"\/fr\/industries\/ceramique-et-batiment\/\">c\u00e9ramique et le b\u00e2timent<\/a>, l&rsquo;industrie <a href=\"\/fr\/industries\/aliments-et-boissons\/\">alimentaire et des boissons<\/a>, la <a href=\"\/fr\/industries\/papier-et-carton\/\">papeterie et l&rsquo;impression<\/a>, les <a href=\"\/fr\/industries\/appareils-electromenagers\/\">appareils \u00e9lectrom\u00e9nagers<\/a>, les <a href=\"\/fr\/industries\/isolation\/\">isolants<\/a> et <a href=\"\/fr\/industries\/\">bien d&rsquo;autres<\/a>.<\/p>\n\n\n\n<h3 class=\"wp-block-heading\">Nouvelle conception des machines<\/h3>\n\n\n\n<p>Les besoins du client et leur satisfaction sont la priorit\u00e9 de toute l&rsquo;\u00e9quipe de Bocedi pour lors de la conception des solutions de conditionnement de pointe, des machines sur mesure et des cycles de conditionnement, afin d&rsquo;offrir un syst\u00e8me cl\u00e9-en-main parfaitement adapt\u00e9.<\/p>\n\n\n\n<p>Toutes les machines de conditionnement sont con\u00e7ues pour une fixation sure des charges lors du transport et pour prot\u00e9ger les charges contre les conditions climatiques difficiles afin de pr\u00e9server l&rsquo;int\u00e9grit\u00e9 d&rsquo;origine du produit.<\/p>\n<\/div>\n\n\n\n<div class=\"wp-block-column is-layout-flow wp-block-column-is-layout-flow\"><div class=\"wp-block-getwid-images-slider has-arrows-inside has-dots-inside has-images-center has-cropped-images has-fixed-height\"><div class=\"wp-block-getwid-images-slider__wrapper\" data-effect=\"fade\" data-slides-show=\"1\" data-slides-show-laptop=\"1\" data-slides-show-tablet=\"1\" data-slides-show-mobile=\"1\" data-slides-scroll=\"1\" data-autoplay=\"true\" data-autoplay-speed=\"5000\" data-infinite=\"true\" data-animation-speed=\"800\" data-center-mode=\"false\" data-variable-width=\"false\" data-arrows=\"inside\" data-dots=\"inside\" data-spacing=\"none\"><div class=\"wp-block-getwid-images-slider__item\" style=\"height:350px\"><figure><img loading=\"lazy\" decoding=\"async\" width=\"1200\" height=\"800\" src=\"https:\/\/www.stretchhood.it\/wp-content\/uploads\/2021\/12\/image-company-01.jpg\" data-id=\"2082\" data-link=\"https:\/\/www.stretchhood.it\/company\/attachment\/image-company-01\/\" data-original-link=\"https:\/\/www.stretchhood.it\/wp-content\/uploads\/2021\/12\/image-company-01.jpg\" class=\"wp-block-getwid-images-slider__image wp-image-2082\" srcset=\"https:\/\/www.stretchhood.it\/wp-content\/uploads\/2021\/12\/image-company-01.jpg 1200w, https:\/\/www.stretchhood.it\/wp-content\/uploads\/2021\/12\/image-company-01-980x653.jpg 980w, https:\/\/www.stretchhood.it\/wp-content\/uploads\/2021\/12\/image-company-01-480x320.jpg 480w\" sizes=\"(min-width: 0px) and (max-width: 480px) 480px, (min-width: 481px) and (max-width: 980px) 980px, (min-width: 981px) 1200px, 100vw\" \/><\/figure><\/div><div class=\"wp-block-getwid-images-slider__item\" style=\"height:350px\"><figure><img loading=\"lazy\" decoding=\"async\" width=\"1200\" height=\"800\" src=\"https:\/\/www.stretchhood.it\/wp-content\/uploads\/2021\/12\/image-company-02.jpg\" data-id=\"2083\" data-link=\"https:\/\/www.stretchhood.it\/company\/attachment\/image-company-02\/\" data-original-link=\"https:\/\/www.stretchhood.it\/wp-content\/uploads\/2021\/12\/image-company-02.jpg\" class=\"wp-block-getwid-images-slider__image wp-image-2083\" srcset=\"https:\/\/www.stretchhood.it\/wp-content\/uploads\/2021\/12\/image-company-02.jpg 1200w, https:\/\/www.stretchhood.it\/wp-content\/uploads\/2021\/12\/image-company-02-980x653.jpg 980w, https:\/\/www.stretchhood.it\/wp-content\/uploads\/2021\/12\/image-company-02-480x320.jpg 480w\" sizes=\"(min-width: 0px) and (max-width: 480px) 480px, (min-width: 481px) and (max-width: 980px) 980px, (min-width: 981px) 1200px, 100vw\" \/><\/figure><\/div><div class=\"wp-block-getwid-images-slider__item\" style=\"height:350px\"><figure><img loading=\"lazy\" decoding=\"async\" width=\"1200\" height=\"800\" src=\"https:\/\/www.stretchhood.it\/wp-content\/uploads\/2021\/12\/image-company-03.jpg\" data-id=\"2084\" data-link=\"https:\/\/www.stretchhood.it\/company\/attachment\/image-company-03\/\" data-original-link=\"https:\/\/www.stretchhood.it\/wp-content\/uploads\/2021\/12\/image-company-03.jpg\" class=\"wp-block-getwid-images-slider__image wp-image-2084\" srcset=\"https:\/\/www.stretchhood.it\/wp-content\/uploads\/2021\/12\/image-company-03.jpg 1200w, https:\/\/www.stretchhood.it\/wp-content\/uploads\/2021\/12\/image-company-03-980x653.jpg 980w, https:\/\/www.stretchhood.it\/wp-content\/uploads\/2021\/12\/image-company-03-480x320.jpg 480w\" sizes=\"(min-width: 0px) and (max-width: 480px) 480px, (min-width: 481px) and (max-width: 980px) 980px, (min-width: 981px) 1200px, 100vw\" \/><\/figure><\/div><div class=\"wp-block-getwid-images-slider__item\" style=\"height:350px\"><figure><img loading=\"lazy\" decoding=\"async\" width=\"1200\" height=\"800\" src=\"https:\/\/www.stretchhood.it\/wp-content\/uploads\/2021\/12\/image-company-04.jpg\" data-id=\"2372\" data-link=\"https:\/\/www.stretchhood.it\/company\/attachment\/image-company-04\/\" data-original-link=\"https:\/\/www.stretchhood.it\/wp-content\/uploads\/2021\/12\/image-company-04.jpg\" class=\"wp-block-getwid-images-slider__image wp-image-2372\" srcset=\"https:\/\/www.stretchhood.it\/wp-content\/uploads\/2021\/12\/image-company-04.jpg 1200w, https:\/\/www.stretchhood.it\/wp-content\/uploads\/2021\/12\/image-company-04-980x653.jpg 980w, https:\/\/www.stretchhood.it\/wp-content\/uploads\/2021\/12\/image-company-04-480x320.jpg 480w\" sizes=\"(min-width: 0px) and (max-width: 480px) 480px, (min-width: 481px) and (max-width: 980px) 980px, (min-width: 981px) 1200px, 100vw\" \/><\/figure><\/div><\/div><\/div>\r\n<\/div>\n<\/div>\n","protected":false},"excerpt":{"rendered":"<p>Bocedi srl Bas\u00e9e en Italie du Nord, Bocedi srl est un fabricant fiable d&rsquo;\u00e9quipement pour les syst\u00e8mes d&#8217;emballage fin de ligne. Elle propose une gamme de produits compl\u00e8te, qui comprend des housseuses sous housse \u00e9tirable et r\u00e9tractable, des lignes de convoyage, des cercleuses horizontales et verticales, des place-sacs et une multitude d&rsquo;accessoires pour r\u00e9pondre aux [&hellip;]<\/p>\n","protected":false},"author":1,"featured_media":2902,"parent":0,"menu_order":0,"comment_status":"closed","ping_status":"closed","template":"","meta":{"_acf_changed":false,"_et_pb_use_builder":"off","_et_pb_old_content":"","_et_gb_content_width":"","footnotes":""},"acf":[],"yoast_head":"<!-- This site is optimized with the Yoast SEO plugin v22.7 - https:\/\/yoast.com\/wordpress\/plugins\/seo\/ -->\n<title>La Soci\u00e9t\u00e9 - Bocedi srl<\/title>\n<meta name=\"description\" content=\"Bas\u00e9e en Italie du Nord, Bocedi srl est un fabricant fiable d&#039;\u00e9quipement pour les syst\u00e8mes d&#039;emballage fin de ligne.\" \/>\n<meta name=\"robots\" content=\"index, follow, max-snippet:-1, max-image-preview:large, max-video-preview:-1\" \/>\n<link rel=\"canonical\" href=\"https:\/\/bocedisrl.com\/fr\/la-societe\/\" \/>\n<meta property=\"og:locale\" content=\"fr_FR\" \/>\n<meta property=\"og:type\" content=\"article\" \/>\n<meta property=\"og:title\" content=\"La Soci\u00e9t\u00e9 - Bocedi srl\" \/>\n<meta property=\"og:description\" content=\"Bas\u00e9e en Italie du Nord, Bocedi srl est un fabricant fiable d&#039;\u00e9quipement pour les syst\u00e8mes d&#039;emballage fin de ligne.\" \/>\n<meta property=\"og:url\" content=\"https:\/\/bocedisrl.com\/fr\/la-societe\/\" \/>\n<meta property=\"og:site_name\" content=\"Bocedi srl\" \/>\n<meta property=\"article:modified_time\" content=\"2021-12-30T11:48:33+00:00\" \/>\n<meta property=\"og:image\" content=\"https:\/\/mail.stretchhood.it\/wp-content\/uploads\/2021\/12\/banner-company.jpg\" \/>\n\t<meta property=\"og:image:width\" content=\"1200\" \/>\n\t<meta property=\"og:image:height\" content=\"800\" \/>\n\t<meta property=\"og:image:type\" content=\"image\/jpeg\" \/>\n<meta name=\"twitter:card\" content=\"summary_large_image\" \/>\n<meta name=\"twitter:label1\" content=\"Dur\u00e9e de lecture estim\u00e9e\" \/>\n\t<meta name=\"twitter:data1\" content=\"1 minute\" \/>\n<script type=\"application\/ld+json\" class=\"yoast-schema-graph\">{\"@context\":\"https:\/\/schema.org\",\"@graph\":[{\"@type\":\"WebPage\",\"@id\":\"https:\/\/bocedisrl.com\/fr\/la-societe\/\",\"url\":\"https:\/\/bocedisrl.com\/fr\/la-societe\/\",\"name\":\"La Soci\u00e9t\u00e9 - Bocedi srl\",\"isPartOf\":{\"@id\":\"https:\/\/www.stretchhood.it\/#website\"},\"primaryImageOfPage\":{\"@id\":\"https:\/\/bocedisrl.com\/fr\/la-societe\/#primaryimage\"},\"image\":{\"@id\":\"https:\/\/bocedisrl.com\/fr\/la-societe\/#primaryimage\"},\"thumbnailUrl\":\"https:\/\/bocedisrl.com\/wp-content\/uploads\/2021\/12\/banner-company.jpg\",\"datePublished\":\"2021-11-29T09:38:57+00:00\",\"dateModified\":\"2021-12-30T11:48:33+00:00\",\"description\":\"Bas\u00e9e en Italie du Nord, Bocedi srl est un fabricant fiable d'\u00e9quipement pour les syst\u00e8mes d'emballage fin de ligne.\",\"breadcrumb\":{\"@id\":\"https:\/\/bocedisrl.com\/fr\/la-societe\/#breadcrumb\"},\"inLanguage\":\"fr-FR\",\"potentialAction\":[{\"@type\":\"ReadAction\",\"target\":[\"https:\/\/bocedisrl.com\/fr\/la-societe\/\"]}]},{\"@type\":\"ImageObject\",\"inLanguage\":\"fr-FR\",\"@id\":\"https:\/\/bocedisrl.com\/fr\/la-societe\/#primaryimage\",\"url\":\"https:\/\/bocedisrl.com\/wp-content\/uploads\/2021\/12\/banner-company.jpg\",\"contentUrl\":\"https:\/\/bocedisrl.com\/wp-content\/uploads\/2021\/12\/banner-company.jpg\",\"width\":1200,\"height\":800},{\"@type\":\"BreadcrumbList\",\"@id\":\"https:\/\/bocedisrl.com\/fr\/la-societe\/#breadcrumb\",\"itemListElement\":[{\"@type\":\"ListItem\",\"position\":1,\"name\":\"Home\",\"item\":\"https:\/\/www.stretchhood.it\/fr\/\"},{\"@type\":\"ListItem\",\"position\":2,\"name\":\"La Soci\u00e9t\u00e9\"}]},{\"@type\":\"WebSite\",\"@id\":\"https:\/\/www.stretchhood.it\/#website\",\"url\":\"https:\/\/www.stretchhood.it\/\",\"name\":\"Bocedi srl\",\"description\":\"Pallet Packaging Systems\",\"publisher\":{\"@id\":\"https:\/\/www.stretchhood.it\/#organization\"},\"potentialAction\":[{\"@type\":\"SearchAction\",\"target\":{\"@type\":\"EntryPoint\",\"urlTemplate\":\"https:\/\/www.stretchhood.it\/?s={search_term_string}\"},\"query-input\":\"required name=search_term_string\"}],\"inLanguage\":\"fr-FR\"},{\"@type\":\"Organization\",\"@id\":\"https:\/\/www.stretchhood.it\/#organization\",\"name\":\"Bocedi srl\",\"url\":\"https:\/\/www.stretchhood.it\/\",\"logo\":{\"@type\":\"ImageObject\",\"inLanguage\":\"fr-FR\",\"@id\":\"https:\/\/www.stretchhood.it\/#\/schema\/logo\/image\/\",\"url\":\"https:\/\/www.bocedisrl.com\/wp-content\/uploads\/2021\/11\/logo-bocedi.png\",\"contentUrl\":\"https:\/\/www.bocedisrl.com\/wp-content\/uploads\/2021\/11\/logo-bocedi.png\",\"width\":800,\"height\":480,\"caption\":\"Bocedi srl\"},\"image\":{\"@id\":\"https:\/\/www.stretchhood.it\/#\/schema\/logo\/image\/\"}}]}<\/script>\n<!-- \/ Yoast SEO plugin. -->","yoast_head_json":{"title":"La Soci\u00e9t\u00e9 - Bocedi srl","description":"Bas\u00e9e en Italie du Nord, Bocedi srl est un fabricant fiable d'\u00e9quipement pour les syst\u00e8mes d'emballage fin de ligne.","robots":{"index":"index","follow":"follow","max-snippet":"max-snippet:-1","max-image-preview":"max-image-preview:large","max-video-preview":"max-video-preview:-1"},"canonical":"https:\/\/bocedisrl.com\/fr\/la-societe\/","og_locale":"fr_FR","og_type":"article","og_title":"La Soci\u00e9t\u00e9 - Bocedi srl","og_description":"Bas\u00e9e en Italie du Nord, Bocedi srl est un fabricant fiable d'\u00e9quipement pour les syst\u00e8mes d'emballage fin de ligne.","og_url":"https:\/\/bocedisrl.com\/fr\/la-societe\/","og_site_name":"Bocedi srl","article_modified_time":"2021-12-30T11:48:33+00:00","og_image":[{"width":1200,"height":800,"url":"https:\/\/mail.stretchhood.it\/wp-content\/uploads\/2021\/12\/banner-company.jpg","type":"image\/jpeg"}],"twitter_card":"summary_large_image","twitter_misc":{"Dur\u00e9e de lecture estim\u00e9e":"1 minute"},"schema":{"@context":"https:\/\/schema.org","@graph":[{"@type":"WebPage","@id":"https:\/\/bocedisrl.com\/fr\/la-societe\/","url":"https:\/\/bocedisrl.com\/fr\/la-societe\/","name":"La Soci\u00e9t\u00e9 - Bocedi srl","isPartOf":{"@id":"https:\/\/www.stretchhood.it\/#website"},"primaryImageOfPage":{"@id":"https:\/\/bocedisrl.com\/fr\/la-societe\/#primaryimage"},"image":{"@id":"https:\/\/bocedisrl.com\/fr\/la-societe\/#primaryimage"},"thumbnailUrl":"https:\/\/bocedisrl.com\/wp-content\/uploads\/2021\/12\/banner-company.jpg","datePublished":"2021-11-29T09:38:57+00:00","dateModified":"2021-12-30T11:48:33+00:00","description":"Bas\u00e9e en Italie du Nord, Bocedi srl est un fabricant fiable d'\u00e9quipement pour les syst\u00e8mes d'emballage fin de ligne.","breadcrumb":{"@id":"https:\/\/bocedisrl.com\/fr\/la-societe\/#breadcrumb"},"inLanguage":"fr-FR","potentialAction":[{"@type":"ReadAction","target":["https:\/\/bocedisrl.com\/fr\/la-societe\/"]}]},{"@type":"ImageObject","inLanguage":"fr-FR","@id":"https:\/\/bocedisrl.com\/fr\/la-societe\/#primaryimage","url":"https:\/\/bocedisrl.com\/wp-content\/uploads\/2021\/12\/banner-company.jpg","contentUrl":"https:\/\/bocedisrl.com\/wp-content\/uploads\/2021\/12\/banner-company.jpg","width":1200,"height":800},{"@type":"BreadcrumbList","@id":"https:\/\/bocedisrl.com\/fr\/la-societe\/#breadcrumb","itemListElement":[{"@type":"ListItem","position":1,"name":"Home","item":"https:\/\/www.stretchhood.it\/fr\/"},{"@type":"ListItem","position":2,"name":"La Soci\u00e9t\u00e9"}]},{"@type":"WebSite","@id":"https:\/\/www.stretchhood.it\/#website","url":"https:\/\/www.stretchhood.it\/","name":"Bocedi srl","description":"Pallet Packaging Systems","publisher":{"@id":"https:\/\/www.stretchhood.it\/#organization"},"potentialAction":[{"@type":"SearchAction","target":{"@type":"EntryPoint","urlTemplate":"https:\/\/www.stretchhood.it\/?s={search_term_string}"},"query-input":"required name=search_term_string"}],"inLanguage":"fr-FR"},{"@type":"Organization","@id":"https:\/\/www.stretchhood.it\/#organization","name":"Bocedi srl","url":"https:\/\/www.stretchhood.it\/","logo":{"@type":"ImageObject","inLanguage":"fr-FR","@id":"https:\/\/www.stretchhood.it\/#\/schema\/logo\/image\/","url":"https:\/\/www.bocedisrl.com\/wp-content\/uploads\/2021\/11\/logo-bocedi.png","contentUrl":"https:\/\/www.bocedisrl.com\/wp-content\/uploads\/2021\/11\/logo-bocedi.png","width":800,"height":480,"caption":"Bocedi srl"},"image":{"@id":"https:\/\/www.stretchhood.it\/#\/schema\/logo\/image\/"}}]}},"_links":{"self":[{"href":"https:\/\/bocedisrl.com\/fr\/wp-json\/wp\/v2\/pages\/4079"}],"collection":[{"href":"https:\/\/bocedisrl.com\/fr\/wp-json\/wp\/v2\/pages"}],"about":[{"href":"https:\/\/bocedisrl.com\/fr\/wp-json\/wp\/v2\/types\/page"}],"author":[{"embeddable":true,"href":"https:\/\/bocedisrl.com\/fr\/wp-json\/wp\/v2\/users\/1"}],"replies":[{"embeddable":true,"href":"https:\/\/bocedisrl.com\/fr\/wp-json\/wp\/v2\/comments?post=4079"}],"version-history":[{"count":2,"href":"https:\/\/bocedisrl.com\/fr\/wp-json\/wp\/v2\/pages\/4079\/revisions"}],"predecessor-version":[{"id":4106,"href":"https:\/\/bocedisrl.com\/fr\/wp-json\/wp\/v2\/pages\/4079\/revisions\/4106"}],"wp:featuredmedia":[{"embeddable":true,"href":"https:\/\/bocedisrl.com\/fr\/wp-json\/wp\/v2\/media\/2902"}],"wp:attachment":[{"href":"https:\/\/bocedisrl.com\/fr\/wp-json\/wp\/v2\/media?parent=4079"}],"curies":[{"name":"wp","href":"https:\/\/api.w.org\/{rel}","templated":true}]}}