{"id":4143,"date":"2021-11-29T10:39:40","date_gmt":"2021-11-29T09:39:40","guid":{"rendered":"https:\/\/www.stretchhood.it\/contact\/"},"modified":"2021-12-30T12:17:29","modified_gmt":"2021-12-30T11:17:29","slug":"contact","status":"publish","type":"page","link":"https:\/\/bocedisrl.com\/fr\/contact\/","title":{"rendered":"Contact"},"content":{"rendered":"\n<h2 class=\"has-text-align-center wp-block-heading\">Contactez-nous<\/h2>\n<div class=\"wp-block-contact-form-7-contact-form-selector\">\n<div class=\"wpcf7 no-js\" id=\"wpcf7-f4286-o1\" lang=\"fr-FR\" dir=\"ltr\">\n<div class=\"screen-reader-response\"><p role=\"status\" aria-live=\"polite\" aria-atomic=\"true\"><\/p> <ul><\/ul><\/div>\n<form action=\"\/fr\/wp-json\/wp\/v2\/pages\/4143#wpcf7-f4286-o1\" method=\"post\" class=\"wpcf7-form init wpcf7-acceptance-as-validation\" aria-label=\"Formulaire de contact\" enctype=\"multipart\/form-data\" novalidate=\"novalidate\" data-status=\"init\">\n<div style=\"display: none;\">\n<input type=\"hidden\" name=\"_wpcf7\" value=\"4286\" \/>\n<input type=\"hidden\" name=\"_wpcf7_version\" value=\"5.9.4\" \/>\n<input type=\"hidden\" name=\"_wpcf7_locale\" value=\"fr_FR\" \/>\n<input type=\"hidden\" name=\"_wpcf7_unit_tag\" value=\"wpcf7-f4286-o1\" \/>\n<input type=\"hidden\" name=\"_wpcf7_container_post\" value=\"0\" \/>\n<input type=\"hidden\" name=\"_wpcf7_posted_data_hash\" value=\"\" \/>\n<input type=\"hidden\" name=\"_wpcf7_recaptcha_response\" value=\"\" \/>\n<\/div>\n<label><span class=\"wpcf7-form-control-wrap\" data-name=\"your-name\"><input size=\"40\" class=\"wpcf7-form-control wpcf7-text wpcf7-validates-as-required\" aria-required=\"true\" aria-invalid=\"false\" placeholder=\"Votre nom*\" value=\"\" type=\"text\" name=\"your-name\" \/><\/span><\/label>\n\n<label><span class=\"wpcf7-form-control-wrap\" data-name=\"company\"><input size=\"40\" class=\"wpcf7-form-control wpcf7-text wpcf7-validates-as-required\" aria-required=\"true\" aria-invalid=\"false\" placeholder=\"Soci\u00e9t\u00e9*\" value=\"\" type=\"text\" name=\"company\" \/><\/span><\/label>\n\n<label><span class=\"wpcf7-form-control-wrap\" data-name=\"country\"><input size=\"40\" class=\"wpcf7-form-control wpcf7-text wpcf7-validates-as-required\" aria-required=\"true\" aria-invalid=\"false\" placeholder=\"Pays*\" value=\"\" type=\"text\" name=\"country\" \/><\/span><\/label>\n\n<label><span class=\"wpcf7-form-control-wrap\" data-name=\"your-email\"><input size=\"40\" class=\"wpcf7-form-control wpcf7-email wpcf7-validates-as-required wpcf7-text wpcf7-validates-as-email\" aria-required=\"true\" aria-invalid=\"false\" placeholder=\"Adresse email*\" value=\"\" type=\"email\" name=\"your-email\" \/><\/span><\/label>\n\n<label><span class=\"wpcf7-form-control-wrap\" data-name=\"phone\"><input size=\"40\" class=\"wpcf7-form-control wpcf7-text\" aria-invalid=\"false\" placeholder=\"Num\u00e9ro de t\u00e9l\u00e9phone\" value=\"\" type=\"text\" name=\"phone\" \/><\/span><\/label>\n\n<label><span class=\"wpcf7-form-control-wrap\" data-name=\"your-recipient\"><select class=\"wpcf7-form-control wpcf7-select wpcf7-validates-as-required\" aria-required=\"true\" aria-invalid=\"false\" name=\"your-recipient\"><option value=\"\">S\u00e9lectionnez un sujet*<\/option><option value=\"Sales\">Sales<\/option><option value=\"Service and spare parts\">Service and spare parts<\/option><option value=\"Administration\">Administration<\/option><option value=\"Work with us\">Work with us<\/option><\/select><\/span><\/label>\n\n<label class=\"contact-form-file\"><span class=\"wpcf7-form-control-wrap\" data-name=\"your-file\"><input size=\"40\" class=\"wpcf7-form-control wpcf7-file\" accept=\".jpg,.jpeg,.png,.pdf\" aria-invalid=\"false\" type=\"file\" name=\"your-file\" \/><\/span><\/label>\n\n<label class=\"contact-form-message\"><span class=\"wpcf7-form-control-wrap\" data-name=\"your-message\"><textarea cols=\"40\" rows=\"5\" class=\"wpcf7-form-control wpcf7-textarea wpcf7-validates-as-required\" aria-required=\"true\" aria-invalid=\"false\" placeholder=\"Votre message*\" name=\"your-message\"><\/textarea><\/span><\/label>\n\n<label class=\"contact-form-consent\"><p>Politique de confidentialit\u00e9*<\/p>\n<span class=\"wpcf7-form-control-wrap\" data-name=\"your-consent\"><span class=\"wpcf7-form-control wpcf7-acceptance\"><span class=\"wpcf7-list-item\"><label><input type=\"checkbox\" name=\"your-consent\" value=\"1\" aria-invalid=\"false\" \/><span class=\"wpcf7-list-item-label\">J'ai lu attentivement et compris la note d'information publi\u00e9e \u00e0 l'adresse bocedisrl.com, e suis tout \u00e0 fait conscient de mes droits quant au traitement des donn\u00e9es \u00e0 caract\u00e8re personnel conform\u00e9ment au R\u00e8glement Europ\u00e9en n. 2016\/679 et j'exprime mon plein consentement \u00e0 la collecte et au traitement de mes donn\u00e9es personnelles, n\u00e9cessaires aux fins de la note d'information susmentionn\u00e9e. <a href=\"\/privacy-policy\/\" target=\"_blank\"><\/a><\/span><\/label><\/span><\/span><\/span><\/label>\n\n<label class=\"contact-form-checkbox\"><p>Marketing<\/p>\n<span><span class=\"wpcf7-form-control-wrap\" data-name=\"marketing\"><span class=\"wpcf7-form-control wpcf7-checkbox\"><span class=\"wpcf7-list-item first last\"><input type=\"checkbox\" name=\"marketing[]\" value=\"J\u00ecexprime \u00e9galement mon plein consentement \u00e0 la r\u00e9ception de mat\u00e9riel publicitaire destin\u00e9 au marketing, aux statistiques, \u00e0 des fins promotionnelles telles que brochures, invitations, lettres d\u00ec information, par courrier, courrier \u00e9lectronique et similaires, du responsable du traitement ou des sujets sp\u00e9cifi\u00e9s dans la note d\u00ecinformation publi\u00e9e \u00e0 l\u00ecadresse bocedisrl.com.\" \/><span class=\"wpcf7-list-item-label\">J\u00ecexprime \u00e9galement mon plein consentement \u00e0 la r\u00e9ception de mat\u00e9riel publicitaire destin\u00e9 au marketing, aux statistiques, \u00e0 des fins promotionnelles telles que brochures, invitations, lettres d\u00ec information, par courrier, courrier \u00e9lectronique et similaires, du responsable du traitement ou des sujets sp\u00e9cifi\u00e9s dans la note d\u00ecinformation publi\u00e9e \u00e0 l\u00ecadresse bocedisrl.com.<\/span><\/span><\/span><\/span><\/span><\/label>\n\n<button id=\"submit\" class=\"et_pb_button wpcf7-form-control wpcf7-submit\">Envoyez-nous<\/button>\n\n<script>\ndocument.addEventListener( 'wpcf7mailsent', function( event ) {\nif ( '4286' == event.detail.contactFormId )\n        location = 'https:\/\/www.bocedisrl.com\/fr\/page-de-remerciement\/';\n    }, false );\n<\/script><div class=\"wpcf7-response-output\" aria-hidden=\"true\"><\/div>\n<\/form>\n<\/div>\n<\/div>\r\n","protected":false},"excerpt":{"rendered":"<p>Contactez-nous \n<div class=\"wpcf7 no-js\" id=\"wpcf7-f4286-o2\" lang=\"fr-FR\" dir=\"ltr\">\n<div class=\"screen-reader-response\"><p role=\"status\" aria-live=\"polite\" aria-atomic=\"true\"><\/p> <ul><\/ul><\/div>\n<form action=\"\/fr\/wp-json\/wp\/v2\/pages\/4143#wpcf7-f4286-o2\" method=\"post\" class=\"wpcf7-form init wpcf7-acceptance-as-validation\" aria-label=\"Formulaire de contact\" enctype=\"multipart\/form-data\" novalidate=\"novalidate\" data-status=\"init\">\n<div style=\"display: none;\">\n<input type=\"hidden\" name=\"_wpcf7\" value=\"4286\" \/>\n<input type=\"hidden\" name=\"_wpcf7_version\" value=\"5.9.4\" \/>\n<input type=\"hidden\" name=\"_wpcf7_locale\" value=\"fr_FR\" \/>\n<input type=\"hidden\" name=\"_wpcf7_unit_tag\" value=\"wpcf7-f4286-o2\" \/>\n<input type=\"hidden\" name=\"_wpcf7_container_post\" value=\"0\" \/>\n<input type=\"hidden\" name=\"_wpcf7_posted_data_hash\" value=\"\" \/>\n<input type=\"hidden\" name=\"_wpcf7_recaptcha_response\" value=\"\" \/>\n<\/div>\n<label><span class=\"wpcf7-form-control-wrap\" data-name=\"your-name\"><input size=\"40\" class=\"wpcf7-form-control wpcf7-text wpcf7-validates-as-required\" aria-required=\"true\" aria-invalid=\"false\" placeholder=\"Votre nom*\" value=\"\" type=\"text\" name=\"your-name\" \/><\/span><\/label>\n\n<label><span class=\"wpcf7-form-control-wrap\" data-name=\"company\"><input size=\"40\" class=\"wpcf7-form-control wpcf7-text wpcf7-validates-as-required\" aria-required=\"true\" aria-invalid=\"false\" placeholder=\"Soci\u00e9t\u00e9*\" value=\"\" type=\"text\" name=\"company\" \/><\/span><\/label>\n\n<label><span class=\"wpcf7-form-control-wrap\" data-name=\"country\"><input size=\"40\" class=\"wpcf7-form-control wpcf7-text wpcf7-validates-as-required\" aria-required=\"true\" aria-invalid=\"false\" placeholder=\"Pays*\" value=\"\" type=\"text\" name=\"country\" \/><\/span><\/label>\n\n<label><span class=\"wpcf7-form-control-wrap\" data-name=\"your-email\"><input size=\"40\" class=\"wpcf7-form-control wpcf7-email wpcf7-validates-as-required wpcf7-text wpcf7-validates-as-email\" aria-required=\"true\" aria-invalid=\"false\" placeholder=\"Adresse email*\" value=\"\" type=\"email\" name=\"your-email\" \/><\/span><\/label>\n\n<label><span class=\"wpcf7-form-control-wrap\" data-name=\"phone\"><input size=\"40\" class=\"wpcf7-form-control wpcf7-text\" aria-invalid=\"false\" placeholder=\"Num\u00e9ro de t\u00e9l\u00e9phone\" value=\"\" type=\"text\" name=\"phone\" \/><\/span><\/label>\n\n<label><span class=\"wpcf7-form-control-wrap\" data-name=\"your-recipient\"><select class=\"wpcf7-form-control wpcf7-select wpcf7-validates-as-required\" aria-required=\"true\" aria-invalid=\"false\" name=\"your-recipient\"><option value=\"\">S\u00e9lectionnez un sujet*<\/option><option value=\"Sales\">Sales<\/option><option value=\"Service and spare parts\">Service and spare parts<\/option><option value=\"Administration\">Administration<\/option><option value=\"Work with us\">Work with us<\/option><\/select><\/span><\/label>\n\n<label class=\"contact-form-file\"><span class=\"wpcf7-form-control-wrap\" data-name=\"your-file\"><input size=\"40\" class=\"wpcf7-form-control wpcf7-file\" accept=\".jpg,.jpeg,.png,.pdf\" aria-invalid=\"false\" type=\"file\" name=\"your-file\" \/><\/span><\/label>\n\n<label class=\"contact-form-message\"><span class=\"wpcf7-form-control-wrap\" data-name=\"your-message\"><textarea cols=\"40\" rows=\"5\" class=\"wpcf7-form-control wpcf7-textarea wpcf7-validates-as-required\" aria-required=\"true\" aria-invalid=\"false\" placeholder=\"Votre message*\" name=\"your-message\"><\/textarea><\/span><\/label>\n\n<label class=\"contact-form-consent\"><p>Politique de confidentialit\u00e9*<\/p>\n<span class=\"wpcf7-form-control-wrap\" data-name=\"your-consent\"><span class=\"wpcf7-form-control wpcf7-acceptance\"><span class=\"wpcf7-list-item\"><label><input type=\"checkbox\" name=\"your-consent\" value=\"1\" aria-invalid=\"false\" \/><span class=\"wpcf7-list-item-label\">J'ai lu attentivement et compris la note d'information publi\u00e9e \u00e0 l'adresse bocedisrl.com, e suis tout \u00e0 fait conscient de mes droits quant au traitement des donn\u00e9es \u00e0 caract\u00e8re personnel conform\u00e9ment au R\u00e8glement Europ\u00e9en n. 2016\/679 et j'exprime mon plein consentement \u00e0 la collecte et au traitement de mes donn\u00e9es personnelles, n\u00e9cessaires aux fins de la note d'information susmentionn\u00e9e. <a href=\"\/privacy-policy\/\" target=\"_blank\"><\/a><\/span><\/label><\/span><\/span><\/span><\/label>\n\n<label class=\"contact-form-checkbox\"><p>Marketing<\/p>\n<span><span class=\"wpcf7-form-control-wrap\" data-name=\"marketing\"><span class=\"wpcf7-form-control wpcf7-checkbox\"><span class=\"wpcf7-list-item first last\"><input type=\"checkbox\" name=\"marketing[]\" value=\"J\u00ecexprime \u00e9galement mon plein consentement \u00e0 la r\u00e9ception de mat\u00e9riel publicitaire destin\u00e9 au marketing, aux statistiques, \u00e0 des fins promotionnelles telles que brochures, invitations, lettres d\u00ec information, par courrier, courrier \u00e9lectronique et similaires, du responsable du traitement ou des sujets sp\u00e9cifi\u00e9s dans la note d\u00ecinformation publi\u00e9e \u00e0 l\u00ecadresse bocedisrl.com.\" \/><span class=\"wpcf7-list-item-label\">J\u00ecexprime \u00e9galement mon plein consentement \u00e0 la r\u00e9ception de mat\u00e9riel publicitaire destin\u00e9 au marketing, aux statistiques, \u00e0 des fins promotionnelles telles que brochures, invitations, lettres d\u00ec information, par courrier, courrier \u00e9lectronique et similaires, du responsable du traitement ou des sujets sp\u00e9cifi\u00e9s dans la note d\u00ecinformation publi\u00e9e \u00e0 l\u00ecadresse bocedisrl.com.<\/span><\/span><\/span><\/span><\/span><\/label>\n\n<button id=\"submit\" class=\"et_pb_button wpcf7-form-control wpcf7-submit\">Envoyez-nous<\/button>\n\n<script>\ndocument.addEventListener( 'wpcf7mailsent', function( event ) {\nif ( '4286' == event.detail.contactFormId )\n        location = 'https:\/\/www.bocedisrl.com\/fr\/page-de-remerciement\/';\n    }, false );\n<\/script><div class=\"wpcf7-response-output\" aria-hidden=\"true\"><\/div>\n<\/form>\n<\/div>\n<\/p>\n","protected":false},"author":1,"featured_media":2914,"parent":0,"menu_order":0,"comment_status":"closed","ping_status":"closed","template":"","meta":{"_acf_changed":false,"_et_pb_use_builder":"on","_et_pb_old_content":"","_et_gb_content_width":"","footnotes":""},"acf":[],"yoast_head":"<!-- This site is optimized with the Yoast SEO plugin v22.7 - https:\/\/yoast.com\/wordpress\/plugins\/seo\/ -->\n<title>Contact - Bocedi srl<\/title>\n<meta name=\"description\" content=\"Vous avez besoin d&#039;un devis ou vous avez des questions sur les produits ou services Bocedi? D\u00e9couvrez la meilleure fa\u00e7on de nous contacter ici ou envoyez un courriel \u00e0: info@bocedisrl.com\" \/>\n<meta name=\"robots\" content=\"index, follow, max-snippet:-1, max-image-preview:large, max-video-preview:-1\" \/>\n<link rel=\"canonical\" href=\"https:\/\/bocedisrl.com\/fr\/contact\/\" \/>\n<meta property=\"og:locale\" content=\"fr_FR\" \/>\n<meta property=\"og:type\" content=\"article\" \/>\n<meta property=\"og:title\" content=\"Contact - Bocedi srl\" \/>\n<meta property=\"og:description\" content=\"Vous avez besoin d&#039;un devis ou vous avez des questions sur les produits ou services Bocedi? D\u00e9couvrez la meilleure fa\u00e7on de nous contacter ici ou envoyez un courriel \u00e0: info@bocedisrl.com\" \/>\n<meta property=\"og:url\" content=\"https:\/\/bocedisrl.com\/fr\/contact\/\" \/>\n<meta property=\"og:site_name\" content=\"Bocedi srl\" \/>\n<meta property=\"article:modified_time\" content=\"2021-12-30T11:17:29+00:00\" \/>\n<meta property=\"og:image\" content=\"https:\/\/www.stretchhood.it\/wp-content\/uploads\/2021\/12\/banner-contact.jpg\" \/>\n\t<meta property=\"og:image:width\" content=\"1200\" \/>\n\t<meta property=\"og:image:height\" content=\"800\" \/>\n\t<meta property=\"og:image:type\" content=\"image\/jpeg\" \/>\n<meta name=\"twitter:card\" content=\"summary_large_image\" \/>\n<script type=\"application\/ld+json\" class=\"yoast-schema-graph\">{\"@context\":\"https:\/\/schema.org\",\"@graph\":[{\"@type\":\"WebPage\",\"@id\":\"https:\/\/bocedisrl.com\/fr\/contact\/\",\"url\":\"https:\/\/bocedisrl.com\/fr\/contact\/\",\"name\":\"Contact - Bocedi srl\",\"isPartOf\":{\"@id\":\"https:\/\/www.stretchhood.it\/it\/#website\"},\"primaryImageOfPage\":{\"@id\":\"https:\/\/bocedisrl.com\/fr\/contact\/#primaryimage\"},\"image\":{\"@id\":\"https:\/\/bocedisrl.com\/fr\/contact\/#primaryimage\"},\"thumbnailUrl\":\"https:\/\/bocedisrl.com\/wp-content\/uploads\/2021\/12\/banner-contact.jpg\",\"datePublished\":\"2021-11-29T09:39:40+00:00\",\"dateModified\":\"2021-12-30T11:17:29+00:00\",\"description\":\"Vous avez besoin d'un devis ou vous avez des questions sur les produits ou services Bocedi? D\u00e9couvrez la meilleure fa\u00e7on de nous contacter ici ou envoyez un courriel \u00e0: info@bocedisrl.com\",\"breadcrumb\":{\"@id\":\"https:\/\/bocedisrl.com\/fr\/contact\/#breadcrumb\"},\"inLanguage\":\"fr-FR\",\"potentialAction\":[{\"@type\":\"ReadAction\",\"target\":[\"https:\/\/bocedisrl.com\/fr\/contact\/\"]}]},{\"@type\":\"ImageObject\",\"inLanguage\":\"fr-FR\",\"@id\":\"https:\/\/bocedisrl.com\/fr\/contact\/#primaryimage\",\"url\":\"https:\/\/bocedisrl.com\/wp-content\/uploads\/2021\/12\/banner-contact.jpg\",\"contentUrl\":\"https:\/\/bocedisrl.com\/wp-content\/uploads\/2021\/12\/banner-contact.jpg\",\"width\":1200,\"height\":800},{\"@type\":\"BreadcrumbList\",\"@id\":\"https:\/\/bocedisrl.com\/fr\/contact\/#breadcrumb\",\"itemListElement\":[{\"@type\":\"ListItem\",\"position\":1,\"name\":\"Home\",\"item\":\"https:\/\/bocedisrl.com\/fr\/\"},{\"@type\":\"ListItem\",\"position\":2,\"name\":\"Contact\"}]},{\"@type\":\"WebSite\",\"@id\":\"https:\/\/www.stretchhood.it\/it\/#website\",\"url\":\"https:\/\/www.stretchhood.it\/it\/\",\"name\":\"Bocedi srl\",\"description\":\"Pallet Packaging Systems\",\"publisher\":{\"@id\":\"https:\/\/www.stretchhood.it\/it\/#organization\"},\"potentialAction\":[{\"@type\":\"SearchAction\",\"target\":{\"@type\":\"EntryPoint\",\"urlTemplate\":\"https:\/\/www.stretchhood.it\/it\/?s={search_term_string}\"},\"query-input\":\"required name=search_term_string\"}],\"inLanguage\":\"fr-FR\"},{\"@type\":\"Organization\",\"@id\":\"https:\/\/www.stretchhood.it\/it\/#organization\",\"name\":\"Bocedi srl\",\"url\":\"https:\/\/www.stretchhood.it\/it\/\",\"logo\":{\"@type\":\"ImageObject\",\"inLanguage\":\"fr-FR\",\"@id\":\"https:\/\/www.stretchhood.it\/it\/#\/schema\/logo\/image\/\",\"url\":\"https:\/\/www.bocedisrl.com\/wp-content\/uploads\/2021\/11\/logo-bocedi.png\",\"contentUrl\":\"https:\/\/www.bocedisrl.com\/wp-content\/uploads\/2021\/11\/logo-bocedi.png\",\"width\":800,\"height\":480,\"caption\":\"Bocedi srl\"},\"image\":{\"@id\":\"https:\/\/www.stretchhood.it\/it\/#\/schema\/logo\/image\/\"}}]}<\/script>\n<!-- \/ Yoast SEO plugin. -->","yoast_head_json":{"title":"Contact - Bocedi srl","description":"Vous avez besoin d'un devis ou vous avez des questions sur les produits ou services Bocedi? D\u00e9couvrez la meilleure fa\u00e7on de nous contacter ici ou envoyez un courriel \u00e0: info@bocedisrl.com","robots":{"index":"index","follow":"follow","max-snippet":"max-snippet:-1","max-image-preview":"max-image-preview:large","max-video-preview":"max-video-preview:-1"},"canonical":"https:\/\/bocedisrl.com\/fr\/contact\/","og_locale":"fr_FR","og_type":"article","og_title":"Contact - Bocedi srl","og_description":"Vous avez besoin d'un devis ou vous avez des questions sur les produits ou services Bocedi? D\u00e9couvrez la meilleure fa\u00e7on de nous contacter ici ou envoyez un courriel \u00e0: info@bocedisrl.com","og_url":"https:\/\/bocedisrl.com\/fr\/contact\/","og_site_name":"Bocedi srl","article_modified_time":"2021-12-30T11:17:29+00:00","og_image":[{"width":1200,"height":800,"url":"https:\/\/www.stretchhood.it\/wp-content\/uploads\/2021\/12\/banner-contact.jpg","type":"image\/jpeg"}],"twitter_card":"summary_large_image","schema":{"@context":"https:\/\/schema.org","@graph":[{"@type":"WebPage","@id":"https:\/\/bocedisrl.com\/fr\/contact\/","url":"https:\/\/bocedisrl.com\/fr\/contact\/","name":"Contact - Bocedi srl","isPartOf":{"@id":"https:\/\/www.stretchhood.it\/it\/#website"},"primaryImageOfPage":{"@id":"https:\/\/bocedisrl.com\/fr\/contact\/#primaryimage"},"image":{"@id":"https:\/\/bocedisrl.com\/fr\/contact\/#primaryimage"},"thumbnailUrl":"https:\/\/bocedisrl.com\/wp-content\/uploads\/2021\/12\/banner-contact.jpg","datePublished":"2021-11-29T09:39:40+00:00","dateModified":"2021-12-30T11:17:29+00:00","description":"Vous avez besoin d'un devis ou vous avez des questions sur les produits ou services Bocedi? D\u00e9couvrez la meilleure fa\u00e7on de nous contacter ici ou envoyez un courriel \u00e0: info@bocedisrl.com","breadcrumb":{"@id":"https:\/\/bocedisrl.com\/fr\/contact\/#breadcrumb"},"inLanguage":"fr-FR","potentialAction":[{"@type":"ReadAction","target":["https:\/\/bocedisrl.com\/fr\/contact\/"]}]},{"@type":"ImageObject","inLanguage":"fr-FR","@id":"https:\/\/bocedisrl.com\/fr\/contact\/#primaryimage","url":"https:\/\/bocedisrl.com\/wp-content\/uploads\/2021\/12\/banner-contact.jpg","contentUrl":"https:\/\/bocedisrl.com\/wp-content\/uploads\/2021\/12\/banner-contact.jpg","width":1200,"height":800},{"@type":"BreadcrumbList","@id":"https:\/\/bocedisrl.com\/fr\/contact\/#breadcrumb","itemListElement":[{"@type":"ListItem","position":1,"name":"Home","item":"https:\/\/bocedisrl.com\/fr\/"},{"@type":"ListItem","position":2,"name":"Contact"}]},{"@type":"WebSite","@id":"https:\/\/www.stretchhood.it\/it\/#website","url":"https:\/\/www.stretchhood.it\/it\/","name":"Bocedi srl","description":"Pallet Packaging Systems","publisher":{"@id":"https:\/\/www.stretchhood.it\/it\/#organization"},"potentialAction":[{"@type":"SearchAction","target":{"@type":"EntryPoint","urlTemplate":"https:\/\/www.stretchhood.it\/it\/?s={search_term_string}"},"query-input":"required name=search_term_string"}],"inLanguage":"fr-FR"},{"@type":"Organization","@id":"https:\/\/www.stretchhood.it\/it\/#organization","name":"Bocedi srl","url":"https:\/\/www.stretchhood.it\/it\/","logo":{"@type":"ImageObject","inLanguage":"fr-FR","@id":"https:\/\/www.stretchhood.it\/it\/#\/schema\/logo\/image\/","url":"https:\/\/www.bocedisrl.com\/wp-content\/uploads\/2021\/11\/logo-bocedi.png","contentUrl":"https:\/\/www.bocedisrl.com\/wp-content\/uploads\/2021\/11\/logo-bocedi.png","width":800,"height":480,"caption":"Bocedi srl"},"image":{"@id":"https:\/\/www.stretchhood.it\/it\/#\/schema\/logo\/image\/"}}]}},"_links":{"self":[{"href":"https:\/\/bocedisrl.com\/fr\/wp-json\/wp\/v2\/pages\/4143"}],"collection":[{"href":"https:\/\/bocedisrl.com\/fr\/wp-json\/wp\/v2\/pages"}],"about":[{"href":"https:\/\/bocedisrl.com\/fr\/wp-json\/wp\/v2\/types\/page"}],"author":[{"embeddable":true,"href":"https:\/\/bocedisrl.com\/fr\/wp-json\/wp\/v2\/users\/1"}],"replies":[{"embeddable":true,"href":"https:\/\/bocedisrl.com\/fr\/wp-json\/wp\/v2\/comments?post=4143"}],"version-history":[{"count":1,"href":"https:\/\/bocedisrl.com\/fr\/wp-json\/wp\/v2\/pages\/4143\/revisions"}],"predecessor-version":[{"id":4144,"href":"https:\/\/bocedisrl.com\/fr\/wp-json\/wp\/v2\/pages\/4143\/revisions\/4144"}],"wp:featuredmedia":[{"embeddable":true,"href":"https:\/\/bocedisrl.com\/fr\/wp-json\/wp\/v2\/media\/2914"}],"wp:attachment":[{"href":"https:\/\/bocedisrl.com\/fr\/wp-json\/wp\/v2\/media?parent=4143"}],"curies":[{"name":"wp","href":"https:\/\/api.w.org\/{rel}","templated":true}]}}