{"id":4195,"date":"2021-11-29T14:17:13","date_gmt":"2021-11-29T13:17:13","guid":{"rendered":"https:\/\/www.stretchhood.it\/systemes-demballage\/cercleuses\/"},"modified":"2021-12-30T12:45:17","modified_gmt":"2021-12-30T11:45:17","slug":"cercleuses","status":"publish","type":"page","link":"https:\/\/bocedisrl.com\/fr\/systemes-d-emballage\/cercleuses\/","title":{"rendered":"Cercleuses"},"content":{"rendered":"\n<div class=\"wp-block-columns is-layout-flex wp-container-core-columns-is-layout-1 wp-block-columns-is-layout-flex\">\n<div class=\"wp-block-column is-layout-flow wp-block-column-is-layout-flow\">\n<h3 class=\"wp-block-heading\">Robustes et fiables<\/h3>\n\n\n\n<p>Les cercleuses horizontales avec dispositif de compactage et les cercleuses verticales Bocedi sont fabriqu\u00e9es en se basant sur nos 45 ans d&rsquo;exp\u00e9rience sur le march\u00e9. Elles constituent des alli\u00e9es robustes et fiables pour assurer la stabilisation et le compactage de la charge.<\/p>\n\n\n\n<h3 class=\"wp-block-heading\">Int\u00e9gration transparente<\/h3>\n\n\n\n<p>Les cercleuses horizontales Bocedi sont con\u00e7ues pour fonctionner en tant que machines autonomes ou pour \u00eatre\u00a0int\u00e9gr\u00e9es\u00a0dans une\u00a0<a href=\"\/fr\/systemes-d-emballage\/\">ligne compl\u00e8te de conditionnement<\/a>.<\/p>\n\n\n\n<p>Les cercleuses horizontales et verticales sont disponibles en version automatique ou semi-automatique, id\u00e9ales pour tout secteur industriel. Elles fixent la charge palettis\u00e9e avec des feuillards en polypropyl\u00e8ne (PP) et polyester (PET). Les machines sont intuitives, faciles \u00e0 utiliser et con\u00e7ue pour r\u00e9pondre aux exigences li\u00e9es \u00e0 vos charges.<\/p>\n\n\n\n<p>Des\u00a0<a href=\"\/fr\/systemes-d-emballage\/accessoires\/#01\">dispositifs d&rsquo;insertion de corni\u00e8res<\/a>\u00a0et\u00a0<a href=\"\/fr\/systemes-d-emballage\/accessoires\/#03\">presses\/dispositifs de compactage<\/a>\u00a0sont disponibles sur demande.<\/p>\n<\/div>\n\n\n\n<div class=\"wp-block-column is-layout-flow wp-block-column-is-layout-flow\"><div class=\"wp-block-getwid-images-slider has-arrows-inside has-dots-inside has-images-center has-cropped-images has-fixed-height\"><div class=\"wp-block-getwid-images-slider__wrapper\" data-effect=\"fade\" data-slides-show=\"1\" data-slides-show-laptop=\"1\" data-slides-show-tablet=\"1\" data-slides-show-mobile=\"1\" data-slides-scroll=\"1\" data-autoplay=\"true\" data-autoplay-speed=\"5000\" data-infinite=\"true\" data-animation-speed=\"800\" data-center-mode=\"false\" data-variable-width=\"false\" data-arrows=\"inside\" data-dots=\"inside\" data-spacing=\"none\"><div class=\"wp-block-getwid-images-slider__item\" style=\"height:350px\"><figure><img loading=\"lazy\" decoding=\"async\" width=\"1200\" height=\"800\" src=\"https:\/\/www.stretchhood.it\/wp-content\/uploads\/2021\/12\/image-strapping-machines-01.jpg\" data-id=\"2065\" data-link=\"https:\/\/www.stretchhood.it\/packaging-systems\/strapping-machines\/attachment\/image-strapping-machines-01\/\" data-original-link=\"https:\/\/www.stretchhood.it\/wp-content\/uploads\/2021\/12\/image-strapping-machines-01.jpg\" class=\"wp-block-getwid-images-slider__image wp-image-2065\" srcset=\"https:\/\/www.stretchhood.it\/wp-content\/uploads\/2021\/12\/image-strapping-machines-01.jpg 1200w, https:\/\/www.stretchhood.it\/wp-content\/uploads\/2021\/12\/image-strapping-machines-01-980x653.jpg 980w, https:\/\/www.stretchhood.it\/wp-content\/uploads\/2021\/12\/image-strapping-machines-01-480x320.jpg 480w\" sizes=\"(min-width: 0px) and (max-width: 480px) 480px, (min-width: 481px) and (max-width: 980px) 980px, (min-width: 981px) 1200px, 100vw\" \/><\/figure><\/div><div class=\"wp-block-getwid-images-slider__item\" style=\"height:350px\"><figure><img loading=\"lazy\" decoding=\"async\" width=\"1200\" height=\"800\" src=\"https:\/\/www.stretchhood.it\/wp-content\/uploads\/2021\/12\/image-strapping-machines-02.jpg\" data-id=\"2066\" data-link=\"https:\/\/www.stretchhood.it\/packaging-systems\/strapping-machines\/attachment\/image-strapping-machines-02\/\" data-original-link=\"https:\/\/www.stretchhood.it\/wp-content\/uploads\/2021\/12\/image-strapping-machines-02.jpg\" class=\"wp-block-getwid-images-slider__image wp-image-2066\" srcset=\"https:\/\/www.stretchhood.it\/wp-content\/uploads\/2021\/12\/image-strapping-machines-02.jpg 1200w, https:\/\/www.stretchhood.it\/wp-content\/uploads\/2021\/12\/image-strapping-machines-02-980x653.jpg 980w, https:\/\/www.stretchhood.it\/wp-content\/uploads\/2021\/12\/image-strapping-machines-02-480x320.jpg 480w\" sizes=\"(min-width: 0px) and (max-width: 480px) 480px, (min-width: 481px) and (max-width: 980px) 980px, (min-width: 981px) 1200px, 100vw\" \/><\/figure><\/div><div class=\"wp-block-getwid-images-slider__item\" style=\"height:350px\"><figure><img loading=\"lazy\" decoding=\"async\" width=\"1200\" height=\"800\" src=\"https:\/\/www.stretchhood.it\/wp-content\/uploads\/2021\/12\/image-strapping-machines-03.jpg\" data-id=\"2067\" data-link=\"https:\/\/www.stretchhood.it\/packaging-systems\/strapping-machines\/attachment\/image-strapping-machines-03\/\" data-original-link=\"https:\/\/www.stretchhood.it\/wp-content\/uploads\/2021\/12\/image-strapping-machines-03.jpg\" class=\"wp-block-getwid-images-slider__image wp-image-2067\" srcset=\"https:\/\/www.stretchhood.it\/wp-content\/uploads\/2021\/12\/image-strapping-machines-03.jpg 1200w, https:\/\/www.stretchhood.it\/wp-content\/uploads\/2021\/12\/image-strapping-machines-03-980x653.jpg 980w, https:\/\/www.stretchhood.it\/wp-content\/uploads\/2021\/12\/image-strapping-machines-03-480x320.jpg 480w\" sizes=\"(min-width: 0px) and (max-width: 480px) 480px, (min-width: 481px) and (max-width: 980px) 980px, (min-width: 981px) 1200px, 100vw\" \/><\/figure><\/div><div class=\"wp-block-getwid-images-slider__item\" style=\"height:350px\"><figure><img loading=\"lazy\" decoding=\"async\" width=\"1200\" height=\"800\" src=\"https:\/\/www.stretchhood.it\/wp-content\/uploads\/2021\/12\/image-strapping-machines-04.jpg\" data-id=\"2068\" data-link=\"https:\/\/www.stretchhood.it\/packaging-systems\/strapping-machines\/attachment\/image-strapping-machines-04\/\" data-original-link=\"https:\/\/www.stretchhood.it\/wp-content\/uploads\/2021\/12\/image-strapping-machines-04.jpg\" class=\"wp-block-getwid-images-slider__image wp-image-2068\" srcset=\"https:\/\/www.stretchhood.it\/wp-content\/uploads\/2021\/12\/image-strapping-machines-04.jpg 1200w, https:\/\/www.stretchhood.it\/wp-content\/uploads\/2021\/12\/image-strapping-machines-04-980x653.jpg 980w, https:\/\/www.stretchhood.it\/wp-content\/uploads\/2021\/12\/image-strapping-machines-04-480x320.jpg 480w\" sizes=\"(min-width: 0px) and (max-width: 480px) 480px, (min-width: 481px) and (max-width: 980px) 980px, (min-width: 981px) 1200px, 100vw\" \/><\/figure><\/div><div class=\"wp-block-getwid-images-slider__item\" style=\"height:350px\"><figure><img loading=\"lazy\" decoding=\"async\" width=\"1200\" height=\"800\" src=\"https:\/\/www.stretchhood.it\/wp-content\/uploads\/2021\/12\/image-strapping-machines-05.jpg\" data-id=\"2069\" data-link=\"https:\/\/www.stretchhood.it\/packaging-systems\/strapping-machines\/attachment\/image-strapping-machines-05\/\" data-original-link=\"https:\/\/www.stretchhood.it\/wp-content\/uploads\/2021\/12\/image-strapping-machines-05.jpg\" class=\"wp-block-getwid-images-slider__image wp-image-2069\" srcset=\"https:\/\/www.stretchhood.it\/wp-content\/uploads\/2021\/12\/image-strapping-machines-05.jpg 1200w, https:\/\/www.stretchhood.it\/wp-content\/uploads\/2021\/12\/image-strapping-machines-05-980x653.jpg 980w, https:\/\/www.stretchhood.it\/wp-content\/uploads\/2021\/12\/image-strapping-machines-05-480x320.jpg 480w\" sizes=\"(min-width: 0px) and (max-width: 480px) 480px, (min-width: 481px) and (max-width: 980px) 980px, (min-width: 981px) 1200px, 100vw\" \/><\/figure><\/div><div class=\"wp-block-getwid-images-slider__item\" style=\"height:350px\"><figure><img loading=\"lazy\" decoding=\"async\" width=\"1200\" height=\"800\" src=\"https:\/\/www.stretchhood.it\/wp-content\/uploads\/2021\/12\/image-strapping-machines-06.jpg\" data-id=\"2070\" data-link=\"https:\/\/www.stretchhood.it\/packaging-systems\/strapping-machines\/attachment\/image-strapping-machines-06\/\" data-original-link=\"https:\/\/www.stretchhood.it\/wp-content\/uploads\/2021\/12\/image-strapping-machines-06.jpg\" class=\"wp-block-getwid-images-slider__image wp-image-2070\" srcset=\"https:\/\/www.stretchhood.it\/wp-content\/uploads\/2021\/12\/image-strapping-machines-06.jpg 1200w, https:\/\/www.stretchhood.it\/wp-content\/uploads\/2021\/12\/image-strapping-machines-06-980x653.jpg 980w, https:\/\/www.stretchhood.it\/wp-content\/uploads\/2021\/12\/image-strapping-machines-06-480x320.jpg 480w\" sizes=\"(min-width: 0px) and (max-width: 480px) 480px, (min-width: 481px) and (max-width: 980px) 980px, (min-width: 981px) 1200px, 100vw\" \/><\/figure><\/div><\/div><\/div>\r\n\n\n\n<h3 class=\"wp-block-heading\">Caract\u00e9ristiques technique<\/h3>\n\n\n\n<figure class=\"wp-block-table is-style-stripes\"><table class=\"has-fixed-layout\"><tbody><tr><td>Productivit\u00e9<\/td><td>180+ palettes\/h<\/td><\/tr><tr><td>Taille minimale des palettes<\/td><td>600&#215;800\u00a0mm<\/td><\/tr><tr><td>Taille maximale des palettes<\/td><td>1800&#215;1200\u00a0mm<\/td><\/tr><\/tbody><\/table><\/figure>\n\n\n\n<div class=\"wp-block-buttons is-layout-flex wp-block-buttons-is-layout-flex\">\n<div class=\"wp-block-button button-quotation\"><a class=\"wp-block-button__link\" href=\"\/fr\/contact\/\">Demander un Devis<\/a><\/div>\n\n\n\n<div class=\"wp-block-button button-pdf\"><a class=\"wp-block-button__link\">Download Catalogue<\/a><\/div>\n\n\n\n<div class=\"wp-block-button button-video\"><a class=\"wp-block-button__link\">Voir la Vid\u00e9o<\/a><\/div>\n<\/div>\n\n\n\n<figure class=\"wp-block-video watch-video\"><video controls=\"\" poster=\"https:\/\/www.stretchhood.it\/wp-content\/uploads\/2021\/12\/video-thumb.jpg\" src=\"\/wp-content\/uploads\/video\/video-strapping-machines.mp4\"><\/video><\/figure>\n<\/div>\n<\/div>\n","protected":false},"excerpt":{"rendered":"<p>Robustes et fiables Les cercleuses horizontales avec dispositif de compactage et les cercleuses verticales Bocedi sont fabriqu\u00e9es en se basant sur nos 45 ans d&rsquo;exp\u00e9rience sur le march\u00e9. Elles constituent des alli\u00e9es robustes et fiables pour assurer la stabilisation et le compactage de la charge. Int\u00e9gration transparente Les cercleuses horizontales Bocedi sont con\u00e7ues pour fonctionner [&hellip;]<\/p>\n","protected":false},"author":1,"featured_media":2959,"parent":4007,"menu_order":0,"comment_status":"closed","ping_status":"closed","template":"","meta":{"_acf_changed":false,"_et_pb_use_builder":"off","_et_pb_old_content":"","_et_gb_content_width":"","footnotes":""},"acf":[],"yoast_head":"<!-- This site is optimized with the Yoast SEO plugin v22.7 - https:\/\/yoast.com\/wordpress\/plugins\/seo\/ -->\n<title>Cercleuses - Bocedi srl<\/title>\n<meta name=\"description\" content=\"Les machines \u00e0 cercler horizontales et verticales Bocedi s\u00e9curisent fortement la charge palettis\u00e9e par des feuillards en PP et PET.\" \/>\n<meta name=\"robots\" content=\"index, follow, max-snippet:-1, max-image-preview:large, max-video-preview:-1\" \/>\n<link rel=\"canonical\" href=\"https:\/\/bocedisrl.com\/fr\/systemes-d-emballage\/cercleuses\/\" \/>\n<meta property=\"og:locale\" content=\"fr_FR\" \/>\n<meta property=\"og:type\" content=\"article\" \/>\n<meta property=\"og:title\" content=\"Cercleuses - Bocedi srl\" \/>\n<meta property=\"og:description\" content=\"Les machines \u00e0 cercler horizontales et verticales Bocedi s\u00e9curisent fortement la charge palettis\u00e9e par des feuillards en PP et PET.\" \/>\n<meta property=\"og:url\" content=\"https:\/\/bocedisrl.com\/fr\/systemes-d-emballage\/cercleuses\/\" \/>\n<meta property=\"og:site_name\" content=\"Bocedi srl\" \/>\n<meta property=\"article:modified_time\" content=\"2021-12-30T11:45:17+00:00\" \/>\n<meta property=\"og:image\" content=\"https:\/\/www.stretchhood.it\/wp-content\/uploads\/2021\/12\/banner-strapping-machines.jpg\" \/>\n\t<meta property=\"og:image:width\" content=\"1200\" \/>\n\t<meta property=\"og:image:height\" content=\"800\" \/>\n\t<meta property=\"og:image:type\" content=\"image\/jpeg\" \/>\n<meta name=\"twitter:card\" content=\"summary_large_image\" \/>\n<meta name=\"twitter:label1\" content=\"Dur\u00e9e de lecture estim\u00e9e\" \/>\n\t<meta name=\"twitter:data1\" content=\"1 minute\" \/>\n<script type=\"application\/ld+json\" class=\"yoast-schema-graph\">{\"@context\":\"https:\/\/schema.org\",\"@graph\":[{\"@type\":\"WebPage\",\"@id\":\"https:\/\/bocedisrl.com\/fr\/systemes-d-emballage\/cercleuses\/\",\"url\":\"https:\/\/bocedisrl.com\/fr\/systemes-d-emballage\/cercleuses\/\",\"name\":\"Cercleuses - Bocedi srl\",\"isPartOf\":{\"@id\":\"https:\/\/www.stretchhood.it\/it\/#website\"},\"primaryImageOfPage\":{\"@id\":\"https:\/\/bocedisrl.com\/fr\/systemes-d-emballage\/cercleuses\/#primaryimage\"},\"image\":{\"@id\":\"https:\/\/bocedisrl.com\/fr\/systemes-d-emballage\/cercleuses\/#primaryimage\"},\"thumbnailUrl\":\"https:\/\/bocedisrl.com\/wp-content\/uploads\/2021\/12\/banner-strapping-machines.jpg\",\"datePublished\":\"2021-11-29T13:17:13+00:00\",\"dateModified\":\"2021-12-30T11:45:17+00:00\",\"description\":\"Les machines \u00e0 cercler horizontales et verticales Bocedi s\u00e9curisent fortement la charge palettis\u00e9e par des feuillards en PP et PET.\",\"breadcrumb\":{\"@id\":\"https:\/\/bocedisrl.com\/fr\/systemes-d-emballage\/cercleuses\/#breadcrumb\"},\"inLanguage\":\"fr-FR\",\"potentialAction\":[{\"@type\":\"ReadAction\",\"target\":[\"https:\/\/bocedisrl.com\/fr\/systemes-d-emballage\/cercleuses\/\"]}]},{\"@type\":\"ImageObject\",\"inLanguage\":\"fr-FR\",\"@id\":\"https:\/\/bocedisrl.com\/fr\/systemes-d-emballage\/cercleuses\/#primaryimage\",\"url\":\"https:\/\/bocedisrl.com\/wp-content\/uploads\/2021\/12\/banner-strapping-machines.jpg\",\"contentUrl\":\"https:\/\/bocedisrl.com\/wp-content\/uploads\/2021\/12\/banner-strapping-machines.jpg\",\"width\":1200,\"height\":800},{\"@type\":\"BreadcrumbList\",\"@id\":\"https:\/\/bocedisrl.com\/fr\/systemes-d-emballage\/cercleuses\/#breadcrumb\",\"itemListElement\":[{\"@type\":\"ListItem\",\"position\":1,\"name\":\"Home\",\"item\":\"https:\/\/bocedisrl.com\/fr\/\"},{\"@type\":\"ListItem\",\"position\":2,\"name\":\"Syst\u00e9mes d&rsquo;Emballage\",\"item\":\"https:\/\/stretchhood.it\/fr\/systemes-d-emballage\/\"},{\"@type\":\"ListItem\",\"position\":3,\"name\":\"Cercleuses\"}]},{\"@type\":\"WebSite\",\"@id\":\"https:\/\/www.stretchhood.it\/it\/#website\",\"url\":\"https:\/\/www.stretchhood.it\/it\/\",\"name\":\"Bocedi srl\",\"description\":\"Pallet Packaging Systems\",\"publisher\":{\"@id\":\"https:\/\/www.stretchhood.it\/it\/#organization\"},\"potentialAction\":[{\"@type\":\"SearchAction\",\"target\":{\"@type\":\"EntryPoint\",\"urlTemplate\":\"https:\/\/www.stretchhood.it\/it\/?s={search_term_string}\"},\"query-input\":\"required name=search_term_string\"}],\"inLanguage\":\"fr-FR\"},{\"@type\":\"Organization\",\"@id\":\"https:\/\/www.stretchhood.it\/it\/#organization\",\"name\":\"Bocedi srl\",\"url\":\"https:\/\/www.stretchhood.it\/it\/\",\"logo\":{\"@type\":\"ImageObject\",\"inLanguage\":\"fr-FR\",\"@id\":\"https:\/\/www.stretchhood.it\/it\/#\/schema\/logo\/image\/\",\"url\":\"https:\/\/www.bocedisrl.com\/wp-content\/uploads\/2021\/11\/logo-bocedi.png\",\"contentUrl\":\"https:\/\/www.bocedisrl.com\/wp-content\/uploads\/2021\/11\/logo-bocedi.png\",\"width\":800,\"height\":480,\"caption\":\"Bocedi srl\"},\"image\":{\"@id\":\"https:\/\/www.stretchhood.it\/it\/#\/schema\/logo\/image\/\"}}]}<\/script>\n<!-- \/ Yoast SEO plugin. -->","yoast_head_json":{"title":"Cercleuses - Bocedi srl","description":"Les machines \u00e0 cercler horizontales et verticales Bocedi s\u00e9curisent fortement la charge palettis\u00e9e par des feuillards en PP et PET.","robots":{"index":"index","follow":"follow","max-snippet":"max-snippet:-1","max-image-preview":"max-image-preview:large","max-video-preview":"max-video-preview:-1"},"canonical":"https:\/\/bocedisrl.com\/fr\/systemes-d-emballage\/cercleuses\/","og_locale":"fr_FR","og_type":"article","og_title":"Cercleuses - Bocedi srl","og_description":"Les machines \u00e0 cercler horizontales et verticales Bocedi s\u00e9curisent fortement la charge palettis\u00e9e par des feuillards en PP et PET.","og_url":"https:\/\/bocedisrl.com\/fr\/systemes-d-emballage\/cercleuses\/","og_site_name":"Bocedi srl","article_modified_time":"2021-12-30T11:45:17+00:00","og_image":[{"width":1200,"height":800,"url":"https:\/\/www.stretchhood.it\/wp-content\/uploads\/2021\/12\/banner-strapping-machines.jpg","type":"image\/jpeg"}],"twitter_card":"summary_large_image","twitter_misc":{"Dur\u00e9e de lecture estim\u00e9e":"1 minute"},"schema":{"@context":"https:\/\/schema.org","@graph":[{"@type":"WebPage","@id":"https:\/\/bocedisrl.com\/fr\/systemes-d-emballage\/cercleuses\/","url":"https:\/\/bocedisrl.com\/fr\/systemes-d-emballage\/cercleuses\/","name":"Cercleuses - Bocedi srl","isPartOf":{"@id":"https:\/\/www.stretchhood.it\/it\/#website"},"primaryImageOfPage":{"@id":"https:\/\/bocedisrl.com\/fr\/systemes-d-emballage\/cercleuses\/#primaryimage"},"image":{"@id":"https:\/\/bocedisrl.com\/fr\/systemes-d-emballage\/cercleuses\/#primaryimage"},"thumbnailUrl":"https:\/\/bocedisrl.com\/wp-content\/uploads\/2021\/12\/banner-strapping-machines.jpg","datePublished":"2021-11-29T13:17:13+00:00","dateModified":"2021-12-30T11:45:17+00:00","description":"Les machines \u00e0 cercler horizontales et verticales Bocedi s\u00e9curisent fortement la charge palettis\u00e9e par des feuillards en PP et PET.","breadcrumb":{"@id":"https:\/\/bocedisrl.com\/fr\/systemes-d-emballage\/cercleuses\/#breadcrumb"},"inLanguage":"fr-FR","potentialAction":[{"@type":"ReadAction","target":["https:\/\/bocedisrl.com\/fr\/systemes-d-emballage\/cercleuses\/"]}]},{"@type":"ImageObject","inLanguage":"fr-FR","@id":"https:\/\/bocedisrl.com\/fr\/systemes-d-emballage\/cercleuses\/#primaryimage","url":"https:\/\/bocedisrl.com\/wp-content\/uploads\/2021\/12\/banner-strapping-machines.jpg","contentUrl":"https:\/\/bocedisrl.com\/wp-content\/uploads\/2021\/12\/banner-strapping-machines.jpg","width":1200,"height":800},{"@type":"BreadcrumbList","@id":"https:\/\/bocedisrl.com\/fr\/systemes-d-emballage\/cercleuses\/#breadcrumb","itemListElement":[{"@type":"ListItem","position":1,"name":"Home","item":"https:\/\/bocedisrl.com\/fr\/"},{"@type":"ListItem","position":2,"name":"Syst\u00e9mes d&rsquo;Emballage","item":"https:\/\/stretchhood.it\/fr\/systemes-d-emballage\/"},{"@type":"ListItem","position":3,"name":"Cercleuses"}]},{"@type":"WebSite","@id":"https:\/\/www.stretchhood.it\/it\/#website","url":"https:\/\/www.stretchhood.it\/it\/","name":"Bocedi srl","description":"Pallet Packaging Systems","publisher":{"@id":"https:\/\/www.stretchhood.it\/it\/#organization"},"potentialAction":[{"@type":"SearchAction","target":{"@type":"EntryPoint","urlTemplate":"https:\/\/www.stretchhood.it\/it\/?s={search_term_string}"},"query-input":"required name=search_term_string"}],"inLanguage":"fr-FR"},{"@type":"Organization","@id":"https:\/\/www.stretchhood.it\/it\/#organization","name":"Bocedi srl","url":"https:\/\/www.stretchhood.it\/it\/","logo":{"@type":"ImageObject","inLanguage":"fr-FR","@id":"https:\/\/www.stretchhood.it\/it\/#\/schema\/logo\/image\/","url":"https:\/\/www.bocedisrl.com\/wp-content\/uploads\/2021\/11\/logo-bocedi.png","contentUrl":"https:\/\/www.bocedisrl.com\/wp-content\/uploads\/2021\/11\/logo-bocedi.png","width":800,"height":480,"caption":"Bocedi srl"},"image":{"@id":"https:\/\/www.stretchhood.it\/it\/#\/schema\/logo\/image\/"}}]}},"_links":{"self":[{"href":"https:\/\/bocedisrl.com\/fr\/wp-json\/wp\/v2\/pages\/4195"}],"collection":[{"href":"https:\/\/bocedisrl.com\/fr\/wp-json\/wp\/v2\/pages"}],"about":[{"href":"https:\/\/bocedisrl.com\/fr\/wp-json\/wp\/v2\/types\/page"}],"author":[{"embeddable":true,"href":"https:\/\/bocedisrl.com\/fr\/wp-json\/wp\/v2\/users\/1"}],"replies":[{"embeddable":true,"href":"https:\/\/bocedisrl.com\/fr\/wp-json\/wp\/v2\/comments?post=4195"}],"version-history":[{"count":3,"href":"https:\/\/bocedisrl.com\/fr\/wp-json\/wp\/v2\/pages\/4195\/revisions"}],"predecessor-version":[{"id":4294,"href":"https:\/\/bocedisrl.com\/fr\/wp-json\/wp\/v2\/pages\/4195\/revisions\/4294"}],"up":[{"embeddable":true,"href":"https:\/\/bocedisrl.com\/fr\/wp-json\/wp\/v2\/pages\/4007"}],"wp:featuredmedia":[{"embeddable":true,"href":"https:\/\/bocedisrl.com\/fr\/wp-json\/wp\/v2\/media\/2959"}],"wp:attachment":[{"href":"https:\/\/bocedisrl.com\/fr\/wp-json\/wp\/v2\/media?parent=4195"}],"curies":[{"name":"wp","href":"https:\/\/api.w.org\/{rel}","templated":true}]}}