{"id":4297,"date":"2021-11-29T14:17:26","date_gmt":"2021-11-29T13:17:26","guid":{"rendered":"https:\/\/www.stretchhood.it\/systemes-d-emballage\/palletless\/"},"modified":"2021-12-30T12:51:21","modified_gmt":"2021-12-30T11:51:21","slug":"palletless","status":"publish","type":"page","link":"https:\/\/bocedisrl.com\/fr\/systemes-d-emballage\/palletless\/","title":{"rendered":"Palletless"},"content":{"rendered":"\n<div class=\"wp-block-columns is-layout-flex wp-container-core-columns-is-layout-1 wp-block-columns-is-layout-flex\">\n<div class=\"wp-block-column is-layout-flow wp-block-column-is-layout-flow\">\n<h3 class=\"wp-block-heading\">Palletless<\/h3>\n\n\n\n<p><p>La technologie de conditionnement Bocedi Palletless est une ligne modulable compl\u00e8te avec des housseuses sous housse\u00a0<a href=\"\/fr\/systemes-d-emballage\/housseuse-a-housse-etirable\/\">\u00e9tirable<\/a>\u00a0ou\u00a0<a href=\"\/fr\/systemes-d-emballage\/housseuse-a-housse-retractable\/\">thermor\u00e9tractable<\/a>, qui offre un conditionnement s\u00fbr, compact et autonome sans utilisation de la palette.<\/p><\/p>\n\n\n\n<h3 class=\"wp-block-heading\">Charge compacte, sure et stable<\/h3>\n\n\n\n<p>Le processus de conditionnement Palletless commence par un applicateur automatique de feuille de plastique au-dessus, qui pose le film de base sur la charge: une feuille de plastique non extensible avec une r\u00e9sistance extr\u00eame \u00e0 la perforation. La charge est ensuite achemin\u00e9e vers la housseuse pour l&rsquo;application de la housse.<\/p>\n\n\n\n<p>La phase suivante pour la charge est le dispositif de rotation des palettes, qui applique une pression nominale \u00e0 la charge pour la rendre compacte, puis la tourne de 180\u00b0 pour la phase successive de houssage.<\/p>\n\n\n\n<p>En fonction de la productivit\u00e9 de ligne demand\u00e9e, la charge peut revenir \u00e0 la station de houssage pr\u00e9c\u00e9dente ou \u00e0 une nouvelle station de houssage pour une deuxi\u00e8me application de la housse; la deuxi\u00e8me housse offre une couverture compl\u00e8te de la charge, une protection contre les poussi\u00e8res et les rayons UV et une \u00e9tanch\u00e9it\u00e9 sur 6 c\u00f4t\u00e9s, ainsi qu&rsquo;une unit\u00e9 autonome \u00e9tanche. La charge palletless est maintenant pr\u00eate \u00e0 \u00eatre lev\u00e9e et stock\u00e9e \u00e0 l&rsquo;int\u00e9rieur ou \u00e0 l&rsquo;ext\u00e9rieur.<\/p>\n\n\n\n<p>La ligne de conditionnement palletless est une solution flexible qui peut \u00e9galement \u00eatre utilis\u00e9e pour conditionner des charges sur palette dans une production en vrac.<\/p>\n\n\n\n<h3 class=\"wp-block-heading\">Six c\u00f4t\u00e9s imperm\u00e9ables<\/h3>\n\n\n\n<p>Les syst\u00e8mes de conditionnement Palletless offrent plusieurs avantages concurrentiel:<\/p>\n\n\n\n<ul><li>Unit\u00e9s autonomes<\/li><li>Aucun co\u00fbt\/manutention de palettes<\/li><li>Co\u00fbt de transport r\u00e9duit, assur\u00e9 par une charge plus l\u00e9g\u00e8re et compacte<\/li><li>Charge s\u00e9curis\u00e9e, pas de rupture de sacs ni de pertes pendant le transport<\/li><li>R\u00e9sistant \u00e0 l&rsquo;eau et aux intemp\u00e9ries pour le stockage \u00e0 l&rsquo;ext\u00e9rieur ou le transport ouvert<\/li><li>Mat\u00e9riel de conditionnement recyclable<\/li><\/ul>\n<\/div>\n\n\n\n<div class=\"wp-block-column is-layout-flow wp-block-column-is-layout-flow\"><div class=\"wp-block-getwid-images-slider has-arrows-inside has-dots-inside has-images-center has-cropped-images has-fixed-height\"><div class=\"wp-block-getwid-images-slider__wrapper\" data-effect=\"fade\" data-slides-show=\"1\" data-slides-show-laptop=\"1\" data-slides-show-tablet=\"1\" data-slides-show-mobile=\"1\" data-slides-scroll=\"1\" data-autoplay=\"true\" data-autoplay-speed=\"5000\" data-infinite=\"true\" data-animation-speed=\"800\" data-center-mode=\"false\" data-variable-width=\"false\" data-arrows=\"inside\" data-dots=\"inside\" data-spacing=\"none\"><div class=\"wp-block-getwid-images-slider__item\" style=\"height:350px\"><figure><img loading=\"lazy\" decoding=\"async\" width=\"1200\" height=\"800\" src=\"https:\/\/www.stretchhood.it\/wp-content\/uploads\/2021\/12\/image-palletless-01.jpg\" data-id=\"2072\" data-link=\"https:\/\/www.stretchhood.it\/packaging-systems\/palletless\/attachment\/image-palletless-01\/\" data-original-link=\"https:\/\/www.stretchhood.it\/wp-content\/uploads\/2021\/12\/image-palletless-01.jpg\" class=\"wp-block-getwid-images-slider__image wp-image-2072\" srcset=\"https:\/\/www.stretchhood.it\/wp-content\/uploads\/2021\/12\/image-palletless-01.jpg 1200w, https:\/\/www.stretchhood.it\/wp-content\/uploads\/2021\/12\/image-palletless-01-980x653.jpg 980w, https:\/\/www.stretchhood.it\/wp-content\/uploads\/2021\/12\/image-palletless-01-480x320.jpg 480w\" sizes=\"(min-width: 0px) and (max-width: 480px) 480px, (min-width: 481px) and (max-width: 980px) 980px, (min-width: 981px) 1200px, 100vw\" \/><\/figure><\/div><div class=\"wp-block-getwid-images-slider__item\" style=\"height:350px\"><figure><img loading=\"lazy\" decoding=\"async\" width=\"1200\" height=\"800\" src=\"https:\/\/www.stretchhood.it\/wp-content\/uploads\/2021\/12\/image-palletless-02.jpg\" data-id=\"2073\" data-link=\"https:\/\/www.stretchhood.it\/packaging-systems\/palletless\/attachment\/image-palletless-02\/\" data-original-link=\"https:\/\/www.stretchhood.it\/wp-content\/uploads\/2021\/12\/image-palletless-02.jpg\" class=\"wp-block-getwid-images-slider__image wp-image-2073\" srcset=\"https:\/\/www.stretchhood.it\/wp-content\/uploads\/2021\/12\/image-palletless-02.jpg 1200w, https:\/\/www.stretchhood.it\/wp-content\/uploads\/2021\/12\/image-palletless-02-980x653.jpg 980w, https:\/\/www.stretchhood.it\/wp-content\/uploads\/2021\/12\/image-palletless-02-480x320.jpg 480w\" sizes=\"(min-width: 0px) and (max-width: 480px) 480px, (min-width: 481px) and (max-width: 980px) 980px, (min-width: 981px) 1200px, 100vw\" \/><\/figure><\/div><div class=\"wp-block-getwid-images-slider__item\" style=\"height:350px\"><figure><img loading=\"lazy\" decoding=\"async\" width=\"1200\" height=\"800\" src=\"https:\/\/www.stretchhood.it\/wp-content\/uploads\/2021\/12\/image-palletless-03.jpg\" data-id=\"2074\" data-link=\"https:\/\/www.stretchhood.it\/packaging-systems\/palletless\/attachment\/image-palletless-03\/\" data-original-link=\"https:\/\/www.stretchhood.it\/wp-content\/uploads\/2021\/12\/image-palletless-03.jpg\" class=\"wp-block-getwid-images-slider__image wp-image-2074\" srcset=\"https:\/\/www.stretchhood.it\/wp-content\/uploads\/2021\/12\/image-palletless-03.jpg 1200w, https:\/\/www.stretchhood.it\/wp-content\/uploads\/2021\/12\/image-palletless-03-980x653.jpg 980w, https:\/\/www.stretchhood.it\/wp-content\/uploads\/2021\/12\/image-palletless-03-480x320.jpg 480w\" sizes=\"(min-width: 0px) and (max-width: 480px) 480px, (min-width: 481px) and (max-width: 980px) 980px, (min-width: 981px) 1200px, 100vw\" \/><\/figure><\/div><div class=\"wp-block-getwid-images-slider__item\" style=\"height:350px\"><figure><img loading=\"lazy\" decoding=\"async\" width=\"1200\" height=\"800\" src=\"https:\/\/www.stretchhood.it\/wp-content\/uploads\/2021\/12\/image-palletless-04.jpg\" data-id=\"2075\" data-link=\"https:\/\/www.stretchhood.it\/packaging-systems\/palletless\/attachment\/image-palletless-04\/\" data-original-link=\"https:\/\/www.stretchhood.it\/wp-content\/uploads\/2021\/12\/image-palletless-04.jpg\" class=\"wp-block-getwid-images-slider__image wp-image-2075\" srcset=\"https:\/\/www.stretchhood.it\/wp-content\/uploads\/2021\/12\/image-palletless-04.jpg 1200w, https:\/\/www.stretchhood.it\/wp-content\/uploads\/2021\/12\/image-palletless-04-980x653.jpg 980w, https:\/\/www.stretchhood.it\/wp-content\/uploads\/2021\/12\/image-palletless-04-480x320.jpg 480w\" sizes=\"(min-width: 0px) and (max-width: 480px) 480px, (min-width: 481px) and (max-width: 980px) 980px, (min-width: 981px) 1200px, 100vw\" \/><\/figure><\/div><div class=\"wp-block-getwid-images-slider__item\" style=\"height:350px\"><figure><img loading=\"lazy\" decoding=\"async\" width=\"1200\" height=\"800\" src=\"https:\/\/www.stretchhood.it\/wp-content\/uploads\/2021\/12\/image-palletless-05.jpg\" data-id=\"2076\" data-link=\"https:\/\/www.stretchhood.it\/packaging-systems\/palletless\/attachment\/image-palletless-05\/\" data-original-link=\"https:\/\/www.stretchhood.it\/wp-content\/uploads\/2021\/12\/image-palletless-05.jpg\" class=\"wp-block-getwid-images-slider__image wp-image-2076\" srcset=\"https:\/\/www.stretchhood.it\/wp-content\/uploads\/2021\/12\/image-palletless-05.jpg 1200w, https:\/\/www.stretchhood.it\/wp-content\/uploads\/2021\/12\/image-palletless-05-980x653.jpg 980w, https:\/\/www.stretchhood.it\/wp-content\/uploads\/2021\/12\/image-palletless-05-480x320.jpg 480w\" sizes=\"(min-width: 0px) and (max-width: 480px) 480px, (min-width: 481px) and (max-width: 980px) 980px, (min-width: 981px) 1200px, 100vw\" \/><\/figure><\/div><\/div><\/div>\r\n\n\n\n<h3 class=\"wp-block-heading\">Caract\u00e9ristiques technique<\/h3>\n\n\n\n<figure class=\"wp-block-table is-style-stripes\"><table class=\"has-fixed-layout\"><tbody><tr><td>Dimension max de la charge (mm)<\/td><td>1350 L x 1150 W x 2200 H<\/td><\/tr><tr><td>Productivit\u00e9<\/td><td>Jusqu&rsquo;\u00e0 120 palettes\/h (selon la taille de l&rsquo;anneau et le produit) <\/td><\/tr><\/tbody><\/table><\/figure>\n\n\n\n<h3 class=\"wp-block-heading\">Comment \u00e7a fonctionne<\/h3>\n\n\n<div class=\"wp-block-getwid-images-slider has-arrows-none has-dots-outside has-captions captions-underneath is-carousel has-slides-gap-normal has-images-top\">\r\n<div class=\"wp-block-getwid-images-slider__wrapper\" data-effect=\"slide\" data-slides-show=\"2\" data-slides-show-laptop=\"1\" data-slides-show-tablet=\"1\" data-slides-show-mobile=\"1\" data-slides-scroll=\"1\" data-autoplay=\"true\" data-autoplay-speed=\"5000\" data-infinite=\"false\" data-animation-speed=\"300\" data-center-mode=\"false\" data-variable-width=\"false\" data-arrows=\"none\" data-dots=\"outside\" data-spacing=\"normal\">\r\n<div class=\"wp-block-getwid-images-slider__item\">\r\n<figure><img loading=\"lazy\" decoding=\"async\" width=\"320\" height=\"460\" class=\"wp-block-getwid-images-slider__image wp-image-1624\" src=\"https:\/\/www.stretchhood.it\/wp-content\/uploads\/2021\/12\/sequence-palletless-01.png\" data-id=\"1624\" data-link=\"https:\/\/www.stretchhood.it\/packaging-systems\/palletless\/attachment\/sequence-palletless-01\/\" data-original-link=\"https:\/\/www.stretchhood.it\/wp-content\/uploads\/2021\/12\/sequence-palletless-01.png\" srcset=\"https:\/\/bocedisrl.com\/wp-content\/uploads\/2021\/12\/sequence-palletless-01.png 320w, https:\/\/bocedisrl.com\/wp-content\/uploads\/2021\/12\/sequence-palletless-01-209x300.png 209w\" sizes=\"(max-width: 320px) 100vw, 320px\" \/>\r\n<figcaption class=\"wp-block-getwid-images-slider__caption\">Les sacs sont empil\u00e9s avec une couche sp\u00e9ciale au-dessus<\/figcaption>\r\n<\/figure>\r\n<\/div>\r\n<div class=\"wp-block-getwid-images-slider__item\">\r\n<figure><img loading=\"lazy\" decoding=\"async\" width=\"320\" height=\"460\" class=\"wp-block-getwid-images-slider__image wp-image-1625\" src=\"https:\/\/www.stretchhood.it\/wp-content\/uploads\/2021\/12\/sequence-palletless-02.png\" data-id=\"1625\" data-link=\"https:\/\/www.stretchhood.it\/packaging-systems\/palletless\/attachment\/sequence-palletless-02\/\" data-original-link=\"https:\/\/www.stretchhood.it\/wp-content\/uploads\/2021\/12\/sequence-palletless-02.png\" srcset=\"https:\/\/bocedisrl.com\/wp-content\/uploads\/2021\/12\/sequence-palletless-02.png 320w, https:\/\/bocedisrl.com\/wp-content\/uploads\/2021\/12\/sequence-palletless-02-209x300.png 209w\" sizes=\"(max-width: 320px) 100vw, 320px\" \/>\r\n<figcaption class=\"wp-block-getwid-images-slider__caption\">Application d\u2019une feuille de plastique \u00e0 haute r\u00e9sistance<\/figcaption>\r\n<\/figure>\r\n<\/div>\r\n<div class=\"wp-block-getwid-images-slider__item\">\r\n<figure><img loading=\"lazy\" decoding=\"async\" width=\"320\" height=\"460\" class=\"wp-block-getwid-images-slider__image wp-image-1626\" src=\"https:\/\/www.stretchhood.it\/wp-content\/uploads\/2021\/12\/sequence-palletless-03.png\" data-id=\"1626\" data-link=\"https:\/\/www.stretchhood.it\/packaging-systems\/palletless\/attachment\/sequence-palletless-03\/\" data-original-link=\"https:\/\/www.stretchhood.it\/wp-content\/uploads\/2021\/12\/sequence-palletless-03.png\" srcset=\"https:\/\/bocedisrl.com\/wp-content\/uploads\/2021\/12\/sequence-palletless-03.png 320w, https:\/\/bocedisrl.com\/wp-content\/uploads\/2021\/12\/sequence-palletless-03-209x300.png 209w\" sizes=\"(max-width: 320px) 100vw, 320px\" \/>\r\n<figcaption class=\"wp-block-getwid-images-slider__caption\">Premi\u00e8re phase de houssage interne<\/figcaption>\r\n<\/figure>\r\n<\/div>\r\n<div class=\"wp-block-getwid-images-slider__item\">\r\n<figure><img loading=\"lazy\" decoding=\"async\" width=\"320\" height=\"460\" class=\"wp-block-getwid-images-slider__image wp-image-1627\" src=\"https:\/\/www.stretchhood.it\/wp-content\/uploads\/2021\/12\/sequence-palletless-04.png\" data-id=\"1627\" data-link=\"https:\/\/www.stretchhood.it\/packaging-systems\/palletless\/attachment\/sequence-palletless-04\/\" data-original-link=\"https:\/\/www.stretchhood.it\/wp-content\/uploads\/2021\/12\/sequence-palletless-04.png\" srcset=\"https:\/\/bocedisrl.com\/wp-content\/uploads\/2021\/12\/sequence-palletless-04.png 320w, https:\/\/bocedisrl.com\/wp-content\/uploads\/2021\/12\/sequence-palletless-04-209x300.png 209w\" sizes=\"(max-width: 320px) 100vw, 320px\" \/>\r\n<figcaption class=\"wp-block-getwid-images-slider__caption\">La charge affiche 5 c\u00f4t\u00e9s couverts<\/figcaption>\r\n<\/figure>\r\n<\/div>\r\n<div class=\"wp-block-getwid-images-slider__item\">\r\n<figure><img loading=\"lazy\" decoding=\"async\" width=\"320\" height=\"460\" class=\"wp-block-getwid-images-slider__image wp-image-1628\" src=\"https:\/\/www.stretchhood.it\/wp-content\/uploads\/2021\/12\/sequence-palletless-05.png\" data-id=\"1628\" data-link=\"https:\/\/www.stretchhood.it\/packaging-systems\/palletless\/attachment\/sequence-palletless-05\/\" data-original-link=\"https:\/\/www.stretchhood.it\/wp-content\/uploads\/2021\/12\/sequence-palletless-05.png\" srcset=\"https:\/\/bocedisrl.com\/wp-content\/uploads\/2021\/12\/sequence-palletless-05.png 320w, https:\/\/bocedisrl.com\/wp-content\/uploads\/2021\/12\/sequence-palletless-05-209x300.png 209w\" sizes=\"(max-width: 320px) 100vw, 320px\" \/>\r\n<figcaption class=\"wp-block-getwid-images-slider__caption\">La charge est tourn\u00e9e \u00e0 180\u00b0, \u00e0 pr\u00e9sent en position finale<\/figcaption>\r\n<\/figure>\r\n<\/div>\r\n<div class=\"wp-block-getwid-images-slider__item\">\r\n<figure><img loading=\"lazy\" decoding=\"async\" width=\"320\" height=\"460\" class=\"wp-block-getwid-images-slider__image wp-image-1629\" src=\"https:\/\/www.stretchhood.it\/wp-content\/uploads\/2021\/12\/sequence-palletless-06.png\" data-id=\"1629\" data-link=\"https:\/\/www.stretchhood.it\/packaging-systems\/palletless\/attachment\/sequence-palletless-06\/\" data-original-link=\"https:\/\/www.stretchhood.it\/wp-content\/uploads\/2021\/12\/sequence-palletless-06.png\" srcset=\"https:\/\/bocedisrl.com\/wp-content\/uploads\/2021\/12\/sequence-palletless-06.png 320w, https:\/\/bocedisrl.com\/wp-content\/uploads\/2021\/12\/sequence-palletless-06-209x300.png 209w\" sizes=\"(max-width: 320px) 100vw, 320px\" \/>\r\n<figcaption class=\"wp-block-getwid-images-slider__caption\">La deuxi\u00e8me phase de houssage rend la charge \u00e9tanche \u00e0 l\u2019eau et \u00e0 la poussi\u00e8re<\/figcaption>\r\n<\/figure>\r\n<\/div>\r\n<div class=\"wp-block-getwid-images-slider__item\">\r\n<figure><img loading=\"lazy\" decoding=\"async\" width=\"320\" height=\"460\" class=\"wp-block-getwid-images-slider__image wp-image-1630\" src=\"https:\/\/www.stretchhood.it\/wp-content\/uploads\/2021\/12\/sequence-palletless-07.png\" data-id=\"1630\" data-link=\"https:\/\/www.stretchhood.it\/packaging-systems\/palletless\/attachment\/sequence-palletless-07\/\" data-original-link=\"https:\/\/www.stretchhood.it\/wp-content\/uploads\/2021\/12\/sequence-palletless-07.png\" srcset=\"https:\/\/bocedisrl.com\/wp-content\/uploads\/2021\/12\/sequence-palletless-07.png 320w, https:\/\/bocedisrl.com\/wp-content\/uploads\/2021\/12\/sequence-palletless-07-209x300.png 209w\" sizes=\"(max-width: 320px) 100vw, 320px\" \/>\r\n<figcaption class=\"wp-block-getwid-images-slider__caption\">Autonome, stable, la charge Palletless est pr\u00eate pour le transport<\/figcaption>\r\n<\/figure>\r\n<\/div>\r\n<\/div>\r\n<\/div>\n\n\n<div class=\"wp-block-buttons is-layout-flex wp-block-buttons-is-layout-flex\">\n<div class=\"wp-block-button button-quotation\"><a class=\"wp-block-button__link\" href=\"\/fr\/contact\/\">Demander un Devis<\/a><\/div>\n\n\n\n<div class=\"wp-block-button button-pdf inactive\"><a class=\"wp-block-button__link\">Download Catalogue<\/a><\/div>\n\n\n\n<div class=\"wp-block-button button-video inactive\"><a class=\"wp-block-button__link\">Voir la Vid\u00e9o<\/a><\/div>\n<\/div>\n<\/div>\n<\/div>\n","protected":false},"excerpt":{"rendered":"<p>Palletless La technologie de conditionnement Bocedi Palletless est une ligne modulable compl\u00e8te avec des housseuses sous housse\u00a0\u00e9tirable\u00a0ou\u00a0thermor\u00e9tractable, qui offre un conditionnement s\u00fbr, compact et autonome sans utilisation de la palette. Charge compacte, sure et stable Le processus de conditionnement Palletless commence par un applicateur automatique de feuille de plastique au-dessus, qui pose le film de [&hellip;]<\/p>\n","protected":false},"author":1,"featured_media":2896,"parent":4007,"menu_order":0,"comment_status":"closed","ping_status":"closed","template":"","meta":{"_acf_changed":false,"_et_pb_use_builder":"on","_et_pb_old_content":"","_et_gb_content_width":"","footnotes":""},"acf":[],"yoast_head":"<!-- This site is optimized with the Yoast SEO plugin v22.7 - https:\/\/yoast.com\/wordpress\/plugins\/seo\/ -->\n<title>Palletless - Bocedi srl<\/title>\n<meta name=\"description\" content=\"La technologie de conditionnement Bocedi Palletless offre un conditionnement s\u00fbr, compact et autonome sans utilisation de la palette.\" \/>\n<meta name=\"robots\" content=\"index, follow, max-snippet:-1, max-image-preview:large, max-video-preview:-1\" \/>\n<link rel=\"canonical\" href=\"https:\/\/bocedisrl.com\/fr\/systemes-d-emballage\/palletless\/\" \/>\n<meta property=\"og:locale\" content=\"fr_FR\" \/>\n<meta property=\"og:type\" content=\"article\" \/>\n<meta property=\"og:title\" content=\"Palletless - Bocedi srl\" \/>\n<meta property=\"og:description\" content=\"La technologie de conditionnement Bocedi Palletless offre un conditionnement s\u00fbr, compact et autonome sans utilisation de la palette.\" \/>\n<meta property=\"og:url\" content=\"https:\/\/bocedisrl.com\/fr\/systemes-d-emballage\/palletless\/\" \/>\n<meta property=\"og:site_name\" content=\"Bocedi srl\" \/>\n<meta property=\"article:modified_time\" content=\"2021-12-30T11:51:21+00:00\" \/>\n<meta property=\"og:image\" content=\"https:\/\/bocedisrl.com\/wp-content\/uploads\/2021\/12\/3d-palletless.jpg\" \/>\n\t<meta property=\"og:image:width\" content=\"1200\" \/>\n\t<meta property=\"og:image:height\" content=\"800\" \/>\n\t<meta property=\"og:image:type\" content=\"image\/jpeg\" \/>\n<meta name=\"twitter:card\" content=\"summary_large_image\" \/>\n<meta name=\"twitter:label1\" content=\"Dur\u00e9e de lecture estim\u00e9e\" \/>\n\t<meta name=\"twitter:data1\" content=\"2 minutes\" \/>\n<script type=\"application\/ld+json\" class=\"yoast-schema-graph\">{\"@context\":\"https:\/\/schema.org\",\"@graph\":[{\"@type\":\"WebPage\",\"@id\":\"https:\/\/bocedisrl.com\/fr\/systemes-d-emballage\/palletless\/\",\"url\":\"https:\/\/bocedisrl.com\/fr\/systemes-d-emballage\/palletless\/\",\"name\":\"Palletless - Bocedi srl\",\"isPartOf\":{\"@id\":\"https:\/\/www.bocedisrl.com\/fr\/#website\"},\"primaryImageOfPage\":{\"@id\":\"https:\/\/bocedisrl.com\/fr\/systemes-d-emballage\/palletless\/#primaryimage\"},\"image\":{\"@id\":\"https:\/\/bocedisrl.com\/fr\/systemes-d-emballage\/palletless\/#primaryimage\"},\"thumbnailUrl\":\"https:\/\/bocedisrl.com\/wp-content\/uploads\/2021\/12\/3d-palletless.jpg\",\"datePublished\":\"2021-11-29T13:17:26+00:00\",\"dateModified\":\"2021-12-30T11:51:21+00:00\",\"description\":\"La technologie de conditionnement Bocedi Palletless offre un conditionnement s\u00fbr, compact et autonome sans utilisation de la palette.\",\"breadcrumb\":{\"@id\":\"https:\/\/bocedisrl.com\/fr\/systemes-d-emballage\/palletless\/#breadcrumb\"},\"inLanguage\":\"fr-FR\",\"potentialAction\":[{\"@type\":\"ReadAction\",\"target\":[\"https:\/\/bocedisrl.com\/fr\/systemes-d-emballage\/palletless\/\"]}]},{\"@type\":\"ImageObject\",\"inLanguage\":\"fr-FR\",\"@id\":\"https:\/\/bocedisrl.com\/fr\/systemes-d-emballage\/palletless\/#primaryimage\",\"url\":\"https:\/\/bocedisrl.com\/wp-content\/uploads\/2021\/12\/3d-palletless.jpg\",\"contentUrl\":\"https:\/\/bocedisrl.com\/wp-content\/uploads\/2021\/12\/3d-palletless.jpg\",\"width\":1200,\"height\":800},{\"@type\":\"BreadcrumbList\",\"@id\":\"https:\/\/bocedisrl.com\/fr\/systemes-d-emballage\/palletless\/#breadcrumb\",\"itemListElement\":[{\"@type\":\"ListItem\",\"position\":1,\"name\":\"Home\",\"item\":\"https:\/\/mail.stretchhood.it\/fr\/\"},{\"@type\":\"ListItem\",\"position\":2,\"name\":\"Syst\u00e9mes d&rsquo;Emballage\",\"item\":\"https:\/\/mail.stretchhood.it\/fr\/systemes-d-emballage\/\"},{\"@type\":\"ListItem\",\"position\":3,\"name\":\"Palletless\"}]},{\"@type\":\"WebSite\",\"@id\":\"https:\/\/www.bocedisrl.com\/fr\/#website\",\"url\":\"https:\/\/www.bocedisrl.com\/fr\/\",\"name\":\"Bocedi srl\",\"description\":\"Pallet Packaging Systems\",\"publisher\":{\"@id\":\"https:\/\/www.bocedisrl.com\/fr\/#organization\"},\"potentialAction\":[{\"@type\":\"SearchAction\",\"target\":{\"@type\":\"EntryPoint\",\"urlTemplate\":\"https:\/\/www.bocedisrl.com\/fr\/?s={search_term_string}\"},\"query-input\":\"required name=search_term_string\"}],\"inLanguage\":\"fr-FR\"},{\"@type\":\"Organization\",\"@id\":\"https:\/\/www.bocedisrl.com\/fr\/#organization\",\"name\":\"Bocedi srl\",\"url\":\"https:\/\/www.bocedisrl.com\/fr\/\",\"logo\":{\"@type\":\"ImageObject\",\"inLanguage\":\"fr-FR\",\"@id\":\"https:\/\/www.bocedisrl.com\/fr\/#\/schema\/logo\/image\/\",\"url\":\"https:\/\/www.bocedisrl.com\/wp-content\/uploads\/2021\/11\/logo-bocedi.png\",\"contentUrl\":\"https:\/\/www.bocedisrl.com\/wp-content\/uploads\/2021\/11\/logo-bocedi.png\",\"width\":800,\"height\":480,\"caption\":\"Bocedi srl\"},\"image\":{\"@id\":\"https:\/\/www.bocedisrl.com\/fr\/#\/schema\/logo\/image\/\"}}]}<\/script>\n<!-- \/ Yoast SEO plugin. -->","yoast_head_json":{"title":"Palletless - Bocedi srl","description":"La technologie de conditionnement Bocedi Palletless offre un conditionnement s\u00fbr, compact et autonome sans utilisation de la palette.","robots":{"index":"index","follow":"follow","max-snippet":"max-snippet:-1","max-image-preview":"max-image-preview:large","max-video-preview":"max-video-preview:-1"},"canonical":"https:\/\/bocedisrl.com\/fr\/systemes-d-emballage\/palletless\/","og_locale":"fr_FR","og_type":"article","og_title":"Palletless - Bocedi srl","og_description":"La technologie de conditionnement Bocedi Palletless offre un conditionnement s\u00fbr, compact et autonome sans utilisation de la palette.","og_url":"https:\/\/bocedisrl.com\/fr\/systemes-d-emballage\/palletless\/","og_site_name":"Bocedi srl","article_modified_time":"2021-12-30T11:51:21+00:00","og_image":[{"width":1200,"height":800,"url":"https:\/\/bocedisrl.com\/wp-content\/uploads\/2021\/12\/3d-palletless.jpg","type":"image\/jpeg"}],"twitter_card":"summary_large_image","twitter_misc":{"Dur\u00e9e de lecture estim\u00e9e":"2 minutes"},"schema":{"@context":"https:\/\/schema.org","@graph":[{"@type":"WebPage","@id":"https:\/\/bocedisrl.com\/fr\/systemes-d-emballage\/palletless\/","url":"https:\/\/bocedisrl.com\/fr\/systemes-d-emballage\/palletless\/","name":"Palletless - Bocedi srl","isPartOf":{"@id":"https:\/\/www.bocedisrl.com\/fr\/#website"},"primaryImageOfPage":{"@id":"https:\/\/bocedisrl.com\/fr\/systemes-d-emballage\/palletless\/#primaryimage"},"image":{"@id":"https:\/\/bocedisrl.com\/fr\/systemes-d-emballage\/palletless\/#primaryimage"},"thumbnailUrl":"https:\/\/bocedisrl.com\/wp-content\/uploads\/2021\/12\/3d-palletless.jpg","datePublished":"2021-11-29T13:17:26+00:00","dateModified":"2021-12-30T11:51:21+00:00","description":"La technologie de conditionnement Bocedi Palletless offre un conditionnement s\u00fbr, compact et autonome sans utilisation de la palette.","breadcrumb":{"@id":"https:\/\/bocedisrl.com\/fr\/systemes-d-emballage\/palletless\/#breadcrumb"},"inLanguage":"fr-FR","potentialAction":[{"@type":"ReadAction","target":["https:\/\/bocedisrl.com\/fr\/systemes-d-emballage\/palletless\/"]}]},{"@type":"ImageObject","inLanguage":"fr-FR","@id":"https:\/\/bocedisrl.com\/fr\/systemes-d-emballage\/palletless\/#primaryimage","url":"https:\/\/bocedisrl.com\/wp-content\/uploads\/2021\/12\/3d-palletless.jpg","contentUrl":"https:\/\/bocedisrl.com\/wp-content\/uploads\/2021\/12\/3d-palletless.jpg","width":1200,"height":800},{"@type":"BreadcrumbList","@id":"https:\/\/bocedisrl.com\/fr\/systemes-d-emballage\/palletless\/#breadcrumb","itemListElement":[{"@type":"ListItem","position":1,"name":"Home","item":"https:\/\/mail.stretchhood.it\/fr\/"},{"@type":"ListItem","position":2,"name":"Syst\u00e9mes d&rsquo;Emballage","item":"https:\/\/mail.stretchhood.it\/fr\/systemes-d-emballage\/"},{"@type":"ListItem","position":3,"name":"Palletless"}]},{"@type":"WebSite","@id":"https:\/\/www.bocedisrl.com\/fr\/#website","url":"https:\/\/www.bocedisrl.com\/fr\/","name":"Bocedi srl","description":"Pallet Packaging Systems","publisher":{"@id":"https:\/\/www.bocedisrl.com\/fr\/#organization"},"potentialAction":[{"@type":"SearchAction","target":{"@type":"EntryPoint","urlTemplate":"https:\/\/www.bocedisrl.com\/fr\/?s={search_term_string}"},"query-input":"required name=search_term_string"}],"inLanguage":"fr-FR"},{"@type":"Organization","@id":"https:\/\/www.bocedisrl.com\/fr\/#organization","name":"Bocedi srl","url":"https:\/\/www.bocedisrl.com\/fr\/","logo":{"@type":"ImageObject","inLanguage":"fr-FR","@id":"https:\/\/www.bocedisrl.com\/fr\/#\/schema\/logo\/image\/","url":"https:\/\/www.bocedisrl.com\/wp-content\/uploads\/2021\/11\/logo-bocedi.png","contentUrl":"https:\/\/www.bocedisrl.com\/wp-content\/uploads\/2021\/11\/logo-bocedi.png","width":800,"height":480,"caption":"Bocedi srl"},"image":{"@id":"https:\/\/www.bocedisrl.com\/fr\/#\/schema\/logo\/image\/"}}]}},"_links":{"self":[{"href":"https:\/\/bocedisrl.com\/fr\/wp-json\/wp\/v2\/pages\/4297"}],"collection":[{"href":"https:\/\/bocedisrl.com\/fr\/wp-json\/wp\/v2\/pages"}],"about":[{"href":"https:\/\/bocedisrl.com\/fr\/wp-json\/wp\/v2\/types\/page"}],"author":[{"embeddable":true,"href":"https:\/\/bocedisrl.com\/fr\/wp-json\/wp\/v2\/users\/1"}],"replies":[{"embeddable":true,"href":"https:\/\/bocedisrl.com\/fr\/wp-json\/wp\/v2\/comments?post=4297"}],"version-history":[{"count":5,"href":"https:\/\/bocedisrl.com\/fr\/wp-json\/wp\/v2\/pages\/4297\/revisions"}],"predecessor-version":[{"id":4988,"href":"https:\/\/bocedisrl.com\/fr\/wp-json\/wp\/v2\/pages\/4297\/revisions\/4988"}],"up":[{"embeddable":true,"href":"https:\/\/bocedisrl.com\/fr\/wp-json\/wp\/v2\/pages\/4007"}],"wp:featuredmedia":[{"embeddable":true,"href":"https:\/\/bocedisrl.com\/fr\/wp-json\/wp\/v2\/media\/2896"}],"wp:attachment":[{"href":"https:\/\/bocedisrl.com\/fr\/wp-json\/wp\/v2\/media?parent=4297"}],"curies":[{"name":"wp","href":"https:\/\/api.w.org\/{rel}","templated":true}]}}