{"id":4398,"date":"2021-12-10T07:56:02","date_gmt":"2021-12-10T06:56:02","guid":{"rendered":"https:\/\/www.stretchhood.it\/systemes-d-emballage\/housseuse-a-housse-retractable\/ftb419\/"},"modified":"2021-12-30T12:46:45","modified_gmt":"2021-12-30T11:46:45","slug":"ftb419","status":"publish","type":"page","link":"https:\/\/bocedisrl.com\/fr\/systemes-d-emballage\/housseuse-a-housse-retractable\/ftb419\/","title":{"rendered":"FTB419"},"content":{"rendered":"\n<div class=\"wp-block-columns is-layout-flex wp-container-core-columns-is-layout-1 wp-block-columns-is-layout-flex\">\n<div class=\"wp-block-column is-layout-flow wp-block-column-is-layout-flow\">\n<h3 class=\"wp-block-heading\">FTB419<\/h3>\n\n\n\n<p>Machine combin\u00e9e pour houssage et r\u00e9traction, la machine Bocedi FTB419, avec un seul module effectuant les op\u00e9rations de <a href=\"\/fr\/systemes-d-emballage\/housseuse-a-housse-retractable\/housseuses\/\">houssage-\u00e9tirage<\/a>, est un \u00e9quipement complet qui assure seule tout le cycle de houssage et de <a href=\"\/fr\/systemes-d-emballage\/housseuse-a-housse-retractable\/anneaux-de-thermoretraction\/\">r\u00e9traction<\/a>.<\/p>\n\n\n\n<h3 class=\"wp-block-heading\">Compact<\/h3>\n\n\n\n<p>Un \u00e9quipement id\u00e9al pour gagner de la place, compte tenu de son encombrement au sol r\u00e9duit gr\u00e2ce \u00e0 la combinaison des processus de houssage et de r\u00e9traction en une seule machine.<\/p>\n\n\n\n<p>La palette est d\u00e9tect\u00e9e automatiquement pour permettre au syst\u00e8me d&rsquo;alimentation du film de pr\u00e9parer la bonne taille de film, et la housse en plastique est d\u00e9coup\u00e9e sur mesure puis soud\u00e9e afin de d\u00e9duire la quantit\u00e9 de plastique utilis\u00e9.<\/p>\n\n\n\n<h3 class=\"wp-block-heading\">Air chaud recycl\u00e9<\/h3>\n\n\n\n<p>Le processus de thermor\u00e9traction est assur\u00e9 par un anneau en acier inoxydable qui utilise de l&rsquo;air chaud recycl\u00e9 afin de chauffer le plastique de mani\u00e8re uniforme de d\u00e9licate des 4 c\u00f4t\u00e9s de la charge; en effet, l&rsquo;absence de contact avec des flammes pr\u00e9serve l&rsquo;\u00e9lasticit\u00e9 et la r\u00e9sistance du film.<\/p>\n\n\n\n<h3 class=\"wp-block-heading\">Flexibilit\u00e9<\/h3>\n\n\n\n<p>La machine FTB419 fonctionne avec n&rsquo;importe quel type de gaz \u00e0 basse pression. Elle est \u00e9galement disponible en version \u00e9lectrique.<\/p>\n\n\n\n<p>Les machines Bocedi sont connues pour leur flexibilit\u00e9 et leur rapidit\u00e9. La machine FTB419 refl\u00e8te parfaitement les standards de la soci\u00e9t\u00e9. Il est en effet possible de la configurer avec un maximum de 6 tailles diff\u00e9rentes de film et elle est en mesure de traiter plus de 100 palettes\/h.<\/p>\n<\/div>\n\n\n\n<div class=\"wp-block-column is-layout-flow wp-block-column-is-layout-flow\"><div class=\"wp-block-getwid-images-slider has-arrows-inside has-dots-inside has-images-center has-cropped-images has-fixed-height\"><div class=\"wp-block-getwid-images-slider__wrapper\" data-effect=\"fade\" data-slides-show=\"1\" data-slides-show-laptop=\"1\" data-slides-show-tablet=\"1\" data-slides-show-mobile=\"1\" data-slides-scroll=\"1\" data-autoplay=\"true\" data-autoplay-speed=\"5000\" data-infinite=\"true\" data-animation-speed=\"800\" data-center-mode=\"false\" data-variable-width=\"false\" data-arrows=\"inside\" data-dots=\"inside\" data-spacing=\"none\"><div class=\"wp-block-getwid-images-slider__item\" style=\"height:350px\"><figure><img loading=\"lazy\" decoding=\"async\" width=\"1200\" height=\"800\" src=\"https:\/\/www.stretchhood.it\/wp-content\/uploads\/2021\/12\/image-ftb419-01.jpg\" data-id=\"2134\" data-link=\"https:\/\/www.stretchhood.it\/packaging-systems\/shrink-hood-machines\/ftb419\/attachment\/image-ftb419-01\/\" data-original-link=\"https:\/\/www.stretchhood.it\/wp-content\/uploads\/2021\/12\/image-ftb419-01.jpg\" class=\"wp-block-getwid-images-slider__image wp-image-2134\" srcset=\"https:\/\/www.stretchhood.it\/wp-content\/uploads\/2021\/12\/image-ftb419-01.jpg 1200w, https:\/\/www.stretchhood.it\/wp-content\/uploads\/2021\/12\/image-ftb419-01-980x653.jpg 980w, https:\/\/www.stretchhood.it\/wp-content\/uploads\/2021\/12\/image-ftb419-01-480x320.jpg 480w\" sizes=\"(min-width: 0px) and (max-width: 480px) 480px, (min-width: 481px) and (max-width: 980px) 980px, (min-width: 981px) 1200px, 100vw\" \/><\/figure><\/div><div class=\"wp-block-getwid-images-slider__item\" style=\"height:350px\"><figure><img loading=\"lazy\" decoding=\"async\" width=\"1200\" height=\"800\" src=\"https:\/\/www.stretchhood.it\/wp-content\/uploads\/2021\/12\/image-ftb419-02.jpg\" data-id=\"2135\" data-link=\"https:\/\/www.stretchhood.it\/packaging-systems\/shrink-hood-machines\/ftb419\/attachment\/image-ftb419-02\/\" data-original-link=\"https:\/\/www.stretchhood.it\/wp-content\/uploads\/2021\/12\/image-ftb419-02.jpg\" class=\"wp-block-getwid-images-slider__image wp-image-2135\" srcset=\"https:\/\/www.stretchhood.it\/wp-content\/uploads\/2021\/12\/image-ftb419-02.jpg 1200w, https:\/\/www.stretchhood.it\/wp-content\/uploads\/2021\/12\/image-ftb419-02-980x653.jpg 980w, https:\/\/www.stretchhood.it\/wp-content\/uploads\/2021\/12\/image-ftb419-02-480x320.jpg 480w\" sizes=\"(min-width: 0px) and (max-width: 480px) 480px, (min-width: 481px) and (max-width: 980px) 980px, (min-width: 981px) 1200px, 100vw\" \/><\/figure><\/div><div class=\"wp-block-getwid-images-slider__item\" style=\"height:350px\"><figure><img loading=\"lazy\" decoding=\"async\" width=\"1200\" height=\"800\" src=\"https:\/\/www.stretchhood.it\/wp-content\/uploads\/2021\/12\/image-ftb419-03.jpg\" data-id=\"2136\" data-link=\"https:\/\/www.stretchhood.it\/packaging-systems\/shrink-hood-machines\/ftb419\/attachment\/image-ftb419-03\/\" data-original-link=\"https:\/\/www.stretchhood.it\/wp-content\/uploads\/2021\/12\/image-ftb419-03.jpg\" class=\"wp-block-getwid-images-slider__image wp-image-2136\" srcset=\"https:\/\/www.stretchhood.it\/wp-content\/uploads\/2021\/12\/image-ftb419-03.jpg 1200w, https:\/\/www.stretchhood.it\/wp-content\/uploads\/2021\/12\/image-ftb419-03-980x653.jpg 980w, https:\/\/www.stretchhood.it\/wp-content\/uploads\/2021\/12\/image-ftb419-03-480x320.jpg 480w\" sizes=\"(min-width: 0px) and (max-width: 480px) 480px, (min-width: 481px) and (max-width: 980px) 980px, (min-width: 981px) 1200px, 100vw\" \/><\/figure><\/div><div class=\"wp-block-getwid-images-slider__item\" style=\"height:350px\"><figure><img loading=\"lazy\" decoding=\"async\" width=\"1200\" height=\"800\" src=\"https:\/\/www.stretchhood.it\/wp-content\/uploads\/2021\/12\/image-ftb419-04.jpg\" data-id=\"2137\" data-link=\"https:\/\/www.stretchhood.it\/packaging-systems\/shrink-hood-machines\/ftb419\/attachment\/image-ftb419-04\/\" data-original-link=\"https:\/\/www.stretchhood.it\/wp-content\/uploads\/2021\/12\/image-ftb419-04.jpg\" class=\"wp-block-getwid-images-slider__image wp-image-2137\" srcset=\"https:\/\/www.stretchhood.it\/wp-content\/uploads\/2021\/12\/image-ftb419-04.jpg 1200w, https:\/\/www.stretchhood.it\/wp-content\/uploads\/2021\/12\/image-ftb419-04-980x653.jpg 980w, https:\/\/www.stretchhood.it\/wp-content\/uploads\/2021\/12\/image-ftb419-04-480x320.jpg 480w\" sizes=\"(min-width: 0px) and (max-width: 480px) 480px, (min-width: 481px) and (max-width: 980px) 980px, (min-width: 981px) 1200px, 100vw\" \/><\/figure><\/div><div class=\"wp-block-getwid-images-slider__item\" style=\"height:350px\"><figure><img loading=\"lazy\" decoding=\"async\" width=\"1200\" height=\"800\" src=\"https:\/\/www.stretchhood.it\/wp-content\/uploads\/2021\/12\/image-ftb419-05.jpg\" data-id=\"2138\" data-link=\"https:\/\/www.stretchhood.it\/packaging-systems\/shrink-hood-machines\/ftb419\/attachment\/image-ftb419-05\/\" data-original-link=\"https:\/\/www.stretchhood.it\/wp-content\/uploads\/2021\/12\/image-ftb419-05.jpg\" class=\"wp-block-getwid-images-slider__image wp-image-2138\" srcset=\"https:\/\/www.stretchhood.it\/wp-content\/uploads\/2021\/12\/image-ftb419-05.jpg 1200w, https:\/\/www.stretchhood.it\/wp-content\/uploads\/2021\/12\/image-ftb419-05-980x653.jpg 980w, https:\/\/www.stretchhood.it\/wp-content\/uploads\/2021\/12\/image-ftb419-05-480x320.jpg 480w\" sizes=\"(min-width: 0px) and (max-width: 480px) 480px, (min-width: 481px) and (max-width: 980px) 980px, (min-width: 981px) 1200px, 100vw\" \/><\/figure><\/div><\/div><\/div>\r\n\n\n\n<h3 class=\"wp-block-heading\">Caract\u00e9ristiques technique<\/h3>\n\n\n\n<figure class=\"wp-block-table is-style-stripes\"><table class=\"has-fixed-layout\"><tbody><tr><td>Productivit\u00e9<\/td><td>100 palettes\/h<\/td><\/tr><tr><td>Taille minimale des palettes<\/td><td>600&#215;800\u00a0mm<\/td><\/tr><tr><td>Taille maximale des palettes<\/td><td>Sur demande<\/td><\/tr><\/tbody><\/table><\/figure>\n\n\n\n<h3 class=\"wp-block-heading\">Options de houssage<\/h3>\n\n\n<div class=\"wp-block-getwid-images-slider has-arrows-none has-dots-outside has-captions captions-underneath is-carousel has-slides-gap-normal has-images-top\"><div class=\"wp-block-getwid-images-slider__wrapper\" data-effect=\"slide\" data-slides-show=\"2\" data-slides-show-laptop=\"1\" data-slides-show-tablet=\"1\" data-slides-show-mobile=\"1\" data-slides-scroll=\"1\" data-autoplay=\"true\" data-autoplay-speed=\"5000\" data-infinite=\"false\" data-animation-speed=\"300\" data-center-mode=\"false\" data-variable-width=\"false\" data-arrows=\"none\" data-dots=\"outside\" data-spacing=\"normal\"><div class=\"wp-block-getwid-images-slider__item\"><figure><img loading=\"lazy\" decoding=\"async\" width=\"300\" height=\"300\" src=\"https:\/\/www.stretchhood.it\/wp-content\/uploads\/2021\/12\/sequence-pallet-finish-04.png\" data-id=\"1524\" data-link=\"https:\/\/www.stretchhood.it\/packaging-systems\/stretch-hood-machines\/fb1000\/attachment\/sequence-pallet-finish-04\/\" data-original-link=\"https:\/\/www.stretchhood.it\/wp-content\/uploads\/2021\/12\/sequence-pallet-finish-04.png\" class=\"wp-block-getwid-images-slider__image wp-image-1524\" srcset=\"https:\/\/bocedisrl.com\/wp-content\/uploads\/2021\/12\/sequence-pallet-finish-04.png 300w, https:\/\/bocedisrl.com\/wp-content\/uploads\/2021\/12\/sequence-pallet-finish-04-150x150.png 150w\" sizes=\"(max-width: 300px) 100vw, 300px\" \/><\/figure><\/div><div class=\"wp-block-getwid-images-slider__item\"><figure><img loading=\"lazy\" decoding=\"async\" width=\"300\" height=\"300\" src=\"https:\/\/www.stretchhood.it\/wp-content\/uploads\/2021\/12\/sequence-pallet-finish-05.png\" data-id=\"1525\" data-link=\"https:\/\/www.stretchhood.it\/packaging-systems\/stretch-hood-machines\/fb1000\/attachment\/sequence-pallet-finish-05\/\" data-original-link=\"https:\/\/www.stretchhood.it\/wp-content\/uploads\/2021\/12\/sequence-pallet-finish-05.png\" class=\"wp-block-getwid-images-slider__image wp-image-1525\" srcset=\"https:\/\/bocedisrl.com\/wp-content\/uploads\/2021\/12\/sequence-pallet-finish-05.png 300w, https:\/\/bocedisrl.com\/wp-content\/uploads\/2021\/12\/sequence-pallet-finish-05-150x150.png 150w\" sizes=\"(max-width: 300px) 100vw, 300px\" \/><\/figure><\/div><div class=\"wp-block-getwid-images-slider__item\"><figure><img loading=\"lazy\" decoding=\"async\" width=\"300\" height=\"300\" src=\"https:\/\/www.stretchhood.it\/wp-content\/uploads\/2021\/12\/sequence-pallet-finish-07.png\" data-id=\"1527\" data-link=\"https:\/\/www.stretchhood.it\/packaging-systems\/stretch-hood-machines\/fb1000\/attachment\/sequence-pallet-finish-07\/\" data-original-link=\"https:\/\/www.stretchhood.it\/wp-content\/uploads\/2021\/12\/sequence-pallet-finish-07.png\" class=\"wp-block-getwid-images-slider__image wp-image-1527\" srcset=\"https:\/\/bocedisrl.com\/wp-content\/uploads\/2021\/12\/sequence-pallet-finish-07.png 300w, https:\/\/bocedisrl.com\/wp-content\/uploads\/2021\/12\/sequence-pallet-finish-07-150x150.png 150w\" sizes=\"(max-width: 300px) 100vw, 300px\" \/><\/figure><\/div><div class=\"wp-block-getwid-images-slider__item\"><figure><img loading=\"lazy\" decoding=\"async\" width=\"300\" height=\"300\" src=\"https:\/\/www.stretchhood.it\/wp-content\/uploads\/2021\/12\/sequence-pallet-finish-09.png\" data-id=\"1529\" data-link=\"https:\/\/www.stretchhood.it\/packaging-systems\/stretch-hood-machines\/fb1000\/attachment\/sequence-pallet-finish-09\/\" data-original-link=\"https:\/\/www.stretchhood.it\/wp-content\/uploads\/2021\/12\/sequence-pallet-finish-09.png\" class=\"wp-block-getwid-images-slider__image wp-image-1529\" srcset=\"https:\/\/bocedisrl.com\/wp-content\/uploads\/2021\/12\/sequence-pallet-finish-09.png 300w, https:\/\/bocedisrl.com\/wp-content\/uploads\/2021\/12\/sequence-pallet-finish-09-150x150.png 150w\" sizes=\"(max-width: 300px) 100vw, 300px\" \/><\/figure><\/div><\/div><\/div>\r\n\n\n\n<div class=\"wp-block-buttons is-layout-flex wp-block-buttons-is-layout-flex\">\n<div class=\"wp-block-button button-quotation\"><a class=\"wp-block-button__link\" href=\"\/fr\/contact\/\">Demander un Devis<\/a><\/div>\n\n\n\n<div class=\"wp-block-button button-pdf\"><a class=\"wp-block-button__link\">Download Catalogue<\/a><\/div>\n\n\n\n<div class=\"wp-block-button button-video\"><a class=\"wp-block-button__link\">Voir la Vid\u00e9o<\/a><\/div>\n<\/div>\n\n\n\n<figure class=\"wp-block-video watch-video\"><video controls=\"\" poster=\"https:\/\/www.stretchhood.it\/wp-content\/uploads\/2021\/12\/video-thumb.jpg\" src=\"\/wp-content\/uploads\/video\/video-ftb419.mp4\"><\/video><\/figure>\n<\/div>\n<\/div>\n","protected":false},"excerpt":{"rendered":"<p>FTB419 Machine combin\u00e9e pour houssage et r\u00e9traction, la machine Bocedi FTB419, avec un seul module effectuant les op\u00e9rations de houssage-\u00e9tirage, est un \u00e9quipement complet qui assure seule tout le cycle de houssage et de r\u00e9traction. Compact Un \u00e9quipement id\u00e9al pour gagner de la place, compte tenu de son encombrement au sol r\u00e9duit gr\u00e2ce \u00e0 la [&hellip;]<\/p>\n","protected":false},"author":1,"featured_media":2887,"parent":4171,"menu_order":0,"comment_status":"closed","ping_status":"closed","template":"","meta":{"_acf_changed":false,"_et_pb_use_builder":"off","_et_pb_old_content":"","_et_gb_content_width":"","footnotes":""},"acf":[],"yoast_head":"<!-- This site is optimized with the Yoast SEO plugin v22.7 - https:\/\/yoast.com\/wordpress\/plugins\/seo\/ -->\n<title>FTB419 - Bocedi srl<\/title>\n<meta name=\"description\" content=\"La Bocedi FTB419 est la machine compl\u00e8te qui permet la mise sous housse des palettes et la r\u00e9traction des housses en un seul endroit.\" \/>\n<meta name=\"robots\" content=\"index, follow, max-snippet:-1, max-image-preview:large, max-video-preview:-1\" \/>\n<link rel=\"canonical\" href=\"https:\/\/bocedisrl.com\/fr\/systemes-d-emballage\/housseuse-a-housse-retractable\/ftb419\/\" \/>\n<meta property=\"og:locale\" content=\"fr_FR\" \/>\n<meta property=\"og:type\" content=\"article\" \/>\n<meta property=\"og:title\" content=\"FTB419 - Bocedi srl\" \/>\n<meta property=\"og:description\" content=\"La Bocedi FTB419 est la machine compl\u00e8te qui permet la mise sous housse des palettes et la r\u00e9traction des housses en un seul endroit.\" \/>\n<meta property=\"og:url\" content=\"https:\/\/bocedisrl.com\/fr\/systemes-d-emballage\/housseuse-a-housse-retractable\/ftb419\/\" \/>\n<meta property=\"og:site_name\" content=\"Bocedi srl\" \/>\n<meta property=\"article:modified_time\" content=\"2021-12-30T11:46:45+00:00\" \/>\n<meta property=\"og:image\" content=\"https:\/\/www.stretchhood.it\/wp-content\/uploads\/2021\/12\/3d-ftb419.jpg\" \/>\n\t<meta property=\"og:image:width\" content=\"1200\" \/>\n\t<meta property=\"og:image:height\" content=\"800\" \/>\n\t<meta property=\"og:image:type\" content=\"image\/jpeg\" \/>\n<meta name=\"twitter:card\" content=\"summary_large_image\" \/>\n<meta name=\"twitter:label1\" content=\"Dur\u00e9e de lecture estim\u00e9e\" \/>\n\t<meta name=\"twitter:data1\" content=\"1 minute\" \/>\n<script type=\"application\/ld+json\" class=\"yoast-schema-graph\">{\"@context\":\"https:\/\/schema.org\",\"@graph\":[{\"@type\":\"WebPage\",\"@id\":\"https:\/\/bocedisrl.com\/fr\/systemes-d-emballage\/housseuse-a-housse-retractable\/ftb419\/\",\"url\":\"https:\/\/bocedisrl.com\/fr\/systemes-d-emballage\/housseuse-a-housse-retractable\/ftb419\/\",\"name\":\"FTB419 - Bocedi srl\",\"isPartOf\":{\"@id\":\"https:\/\/bocedisrl.com\/fr\/#website\"},\"primaryImageOfPage\":{\"@id\":\"https:\/\/bocedisrl.com\/fr\/systemes-d-emballage\/housseuse-a-housse-retractable\/ftb419\/#primaryimage\"},\"image\":{\"@id\":\"https:\/\/bocedisrl.com\/fr\/systemes-d-emballage\/housseuse-a-housse-retractable\/ftb419\/#primaryimage\"},\"thumbnailUrl\":\"https:\/\/bocedisrl.com\/wp-content\/uploads\/2021\/12\/3d-ftb419.jpg\",\"datePublished\":\"2021-12-10T06:56:02+00:00\",\"dateModified\":\"2021-12-30T11:46:45+00:00\",\"description\":\"La Bocedi FTB419 est la machine compl\u00e8te qui permet la mise sous housse des palettes et la r\u00e9traction des housses en un seul endroit.\",\"breadcrumb\":{\"@id\":\"https:\/\/bocedisrl.com\/fr\/systemes-d-emballage\/housseuse-a-housse-retractable\/ftb419\/#breadcrumb\"},\"inLanguage\":\"fr-FR\",\"potentialAction\":[{\"@type\":\"ReadAction\",\"target\":[\"https:\/\/bocedisrl.com\/fr\/systemes-d-emballage\/housseuse-a-housse-retractable\/ftb419\/\"]}]},{\"@type\":\"ImageObject\",\"inLanguage\":\"fr-FR\",\"@id\":\"https:\/\/bocedisrl.com\/fr\/systemes-d-emballage\/housseuse-a-housse-retractable\/ftb419\/#primaryimage\",\"url\":\"https:\/\/bocedisrl.com\/wp-content\/uploads\/2021\/12\/3d-ftb419.jpg\",\"contentUrl\":\"https:\/\/bocedisrl.com\/wp-content\/uploads\/2021\/12\/3d-ftb419.jpg\",\"width\":1200,\"height\":800},{\"@type\":\"BreadcrumbList\",\"@id\":\"https:\/\/bocedisrl.com\/fr\/systemes-d-emballage\/housseuse-a-housse-retractable\/ftb419\/#breadcrumb\",\"itemListElement\":[{\"@type\":\"ListItem\",\"position\":1,\"name\":\"Home\",\"item\":\"https:\/\/www.bocedisrl.com\/fr\/\"},{\"@type\":\"ListItem\",\"position\":2,\"name\":\"Syst\u00e9mes d&rsquo;Emballage\",\"item\":\"https:\/\/www.bocedisrl.com\/fr\/systemes-d-emballage\/\"},{\"@type\":\"ListItem\",\"position\":3,\"name\":\"Housseuse \u00e0 Housse R\u00e8tractable\",\"item\":\"https:\/\/www.bocedisrl.com\/fr\/systemes-d-emballage\/housseuse-a-housse-retractable\/\"},{\"@type\":\"ListItem\",\"position\":4,\"name\":\"FTB419\"}]},{\"@type\":\"WebSite\",\"@id\":\"https:\/\/bocedisrl.com\/fr\/#website\",\"url\":\"https:\/\/bocedisrl.com\/fr\/\",\"name\":\"Bocedi srl\",\"description\":\"Pallet Packaging Systems\",\"publisher\":{\"@id\":\"https:\/\/bocedisrl.com\/fr\/#organization\"},\"potentialAction\":[{\"@type\":\"SearchAction\",\"target\":{\"@type\":\"EntryPoint\",\"urlTemplate\":\"https:\/\/bocedisrl.com\/fr\/?s={search_term_string}\"},\"query-input\":\"required name=search_term_string\"}],\"inLanguage\":\"fr-FR\"},{\"@type\":\"Organization\",\"@id\":\"https:\/\/bocedisrl.com\/fr\/#organization\",\"name\":\"Bocedi srl\",\"url\":\"https:\/\/bocedisrl.com\/fr\/\",\"logo\":{\"@type\":\"ImageObject\",\"inLanguage\":\"fr-FR\",\"@id\":\"https:\/\/bocedisrl.com\/fr\/#\/schema\/logo\/image\/\",\"url\":\"https:\/\/www.bocedisrl.com\/wp-content\/uploads\/2021\/11\/logo-bocedi.png\",\"contentUrl\":\"https:\/\/www.bocedisrl.com\/wp-content\/uploads\/2021\/11\/logo-bocedi.png\",\"width\":800,\"height\":480,\"caption\":\"Bocedi srl\"},\"image\":{\"@id\":\"https:\/\/bocedisrl.com\/fr\/#\/schema\/logo\/image\/\"}}]}<\/script>\n<!-- \/ Yoast SEO plugin. -->","yoast_head_json":{"title":"FTB419 - Bocedi srl","description":"La Bocedi FTB419 est la machine compl\u00e8te qui permet la mise sous housse des palettes et la r\u00e9traction des housses en un seul endroit.","robots":{"index":"index","follow":"follow","max-snippet":"max-snippet:-1","max-image-preview":"max-image-preview:large","max-video-preview":"max-video-preview:-1"},"canonical":"https:\/\/bocedisrl.com\/fr\/systemes-d-emballage\/housseuse-a-housse-retractable\/ftb419\/","og_locale":"fr_FR","og_type":"article","og_title":"FTB419 - Bocedi srl","og_description":"La Bocedi FTB419 est la machine compl\u00e8te qui permet la mise sous housse des palettes et la r\u00e9traction des housses en un seul endroit.","og_url":"https:\/\/bocedisrl.com\/fr\/systemes-d-emballage\/housseuse-a-housse-retractable\/ftb419\/","og_site_name":"Bocedi srl","article_modified_time":"2021-12-30T11:46:45+00:00","og_image":[{"width":1200,"height":800,"url":"https:\/\/www.stretchhood.it\/wp-content\/uploads\/2021\/12\/3d-ftb419.jpg","type":"image\/jpeg"}],"twitter_card":"summary_large_image","twitter_misc":{"Dur\u00e9e de lecture estim\u00e9e":"1 minute"},"schema":{"@context":"https:\/\/schema.org","@graph":[{"@type":"WebPage","@id":"https:\/\/bocedisrl.com\/fr\/systemes-d-emballage\/housseuse-a-housse-retractable\/ftb419\/","url":"https:\/\/bocedisrl.com\/fr\/systemes-d-emballage\/housseuse-a-housse-retractable\/ftb419\/","name":"FTB419 - Bocedi srl","isPartOf":{"@id":"https:\/\/bocedisrl.com\/fr\/#website"},"primaryImageOfPage":{"@id":"https:\/\/bocedisrl.com\/fr\/systemes-d-emballage\/housseuse-a-housse-retractable\/ftb419\/#primaryimage"},"image":{"@id":"https:\/\/bocedisrl.com\/fr\/systemes-d-emballage\/housseuse-a-housse-retractable\/ftb419\/#primaryimage"},"thumbnailUrl":"https:\/\/bocedisrl.com\/wp-content\/uploads\/2021\/12\/3d-ftb419.jpg","datePublished":"2021-12-10T06:56:02+00:00","dateModified":"2021-12-30T11:46:45+00:00","description":"La Bocedi FTB419 est la machine compl\u00e8te qui permet la mise sous housse des palettes et la r\u00e9traction des housses en un seul endroit.","breadcrumb":{"@id":"https:\/\/bocedisrl.com\/fr\/systemes-d-emballage\/housseuse-a-housse-retractable\/ftb419\/#breadcrumb"},"inLanguage":"fr-FR","potentialAction":[{"@type":"ReadAction","target":["https:\/\/bocedisrl.com\/fr\/systemes-d-emballage\/housseuse-a-housse-retractable\/ftb419\/"]}]},{"@type":"ImageObject","inLanguage":"fr-FR","@id":"https:\/\/bocedisrl.com\/fr\/systemes-d-emballage\/housseuse-a-housse-retractable\/ftb419\/#primaryimage","url":"https:\/\/bocedisrl.com\/wp-content\/uploads\/2021\/12\/3d-ftb419.jpg","contentUrl":"https:\/\/bocedisrl.com\/wp-content\/uploads\/2021\/12\/3d-ftb419.jpg","width":1200,"height":800},{"@type":"BreadcrumbList","@id":"https:\/\/bocedisrl.com\/fr\/systemes-d-emballage\/housseuse-a-housse-retractable\/ftb419\/#breadcrumb","itemListElement":[{"@type":"ListItem","position":1,"name":"Home","item":"https:\/\/www.bocedisrl.com\/fr\/"},{"@type":"ListItem","position":2,"name":"Syst\u00e9mes d&rsquo;Emballage","item":"https:\/\/www.bocedisrl.com\/fr\/systemes-d-emballage\/"},{"@type":"ListItem","position":3,"name":"Housseuse \u00e0 Housse R\u00e8tractable","item":"https:\/\/www.bocedisrl.com\/fr\/systemes-d-emballage\/housseuse-a-housse-retractable\/"},{"@type":"ListItem","position":4,"name":"FTB419"}]},{"@type":"WebSite","@id":"https:\/\/bocedisrl.com\/fr\/#website","url":"https:\/\/bocedisrl.com\/fr\/","name":"Bocedi srl","description":"Pallet Packaging Systems","publisher":{"@id":"https:\/\/bocedisrl.com\/fr\/#organization"},"potentialAction":[{"@type":"SearchAction","target":{"@type":"EntryPoint","urlTemplate":"https:\/\/bocedisrl.com\/fr\/?s={search_term_string}"},"query-input":"required name=search_term_string"}],"inLanguage":"fr-FR"},{"@type":"Organization","@id":"https:\/\/bocedisrl.com\/fr\/#organization","name":"Bocedi srl","url":"https:\/\/bocedisrl.com\/fr\/","logo":{"@type":"ImageObject","inLanguage":"fr-FR","@id":"https:\/\/bocedisrl.com\/fr\/#\/schema\/logo\/image\/","url":"https:\/\/www.bocedisrl.com\/wp-content\/uploads\/2021\/11\/logo-bocedi.png","contentUrl":"https:\/\/www.bocedisrl.com\/wp-content\/uploads\/2021\/11\/logo-bocedi.png","width":800,"height":480,"caption":"Bocedi srl"},"image":{"@id":"https:\/\/bocedisrl.com\/fr\/#\/schema\/logo\/image\/"}}]}},"_links":{"self":[{"href":"https:\/\/bocedisrl.com\/fr\/wp-json\/wp\/v2\/pages\/4398"}],"collection":[{"href":"https:\/\/bocedisrl.com\/fr\/wp-json\/wp\/v2\/pages"}],"about":[{"href":"https:\/\/bocedisrl.com\/fr\/wp-json\/wp\/v2\/types\/page"}],"author":[{"embeddable":true,"href":"https:\/\/bocedisrl.com\/fr\/wp-json\/wp\/v2\/users\/1"}],"replies":[{"embeddable":true,"href":"https:\/\/bocedisrl.com\/fr\/wp-json\/wp\/v2\/comments?post=4398"}],"version-history":[{"count":1,"href":"https:\/\/bocedisrl.com\/fr\/wp-json\/wp\/v2\/pages\/4398\/revisions"}],"predecessor-version":[{"id":4399,"href":"https:\/\/bocedisrl.com\/fr\/wp-json\/wp\/v2\/pages\/4398\/revisions\/4399"}],"up":[{"embeddable":true,"href":"https:\/\/bocedisrl.com\/fr\/wp-json\/wp\/v2\/pages\/4171"}],"wp:featuredmedia":[{"embeddable":true,"href":"https:\/\/bocedisrl.com\/fr\/wp-json\/wp\/v2\/media\/2887"}],"wp:attachment":[{"href":"https:\/\/bocedisrl.com\/fr\/wp-json\/wp\/v2\/media?parent=4398"}],"curies":[{"name":"wp","href":"https:\/\/api.w.org\/{rel}","templated":true}]}}